{"id":19681,"date":"2022-12-11T11:03:18","date_gmt":"2022-12-11T10:03:18","guid":{"rendered":"https:\/\/www.univ-bechar.dz\/univ\/?page_id=19681"},"modified":"2023-01-05T11:47:37","modified_gmt":"2023-01-05T10:47:37","slug":"mot-de-doyen","status":"publish","type":"page","link":"https:\/\/www.univ-bechar.dz\/univ\/index.php\/mot-de-doyen\/","title":{"rendered":"Mot de doyen"},"content":{"rendered":"<p><img decoding=\"async\" loading=\"lazy\" class=\"alignnone wp-image-22473\" src=\"https:\/\/www.univ-bechar.dz\/univ\/wp-content\/uploads\/2023\/01\/doyen.jpg\" alt=\"\" width=\"293\" height=\"353\" \/><\/p>\n<p><span style=\"font-family: 'times new roman', times, serif;font-size: 28px\"><strong>Chers visiteurs,<\/strong><\/span><\/p>\n<table style=\"border-collapse: collapse;width: 100%\">\n<tbody>\n<tr>\n<td style=\"width: 19.7674%\"><\/td>\n<td style=\"width: 80.2326%\"><span style=\"font-size: 24px;font-family: georgia, palatino, serif\">La Facult\u00e9 des Sciences de la Nature et de la Vie, et depuis sa cr\u00e9ation en 2015 ne cesse de se d\u00e9velopper et d\u2019avancer sur les plans de la p\u00e9dagogie et de la recherche scientifique.<\/span><\/p>\n<p><span style=\"font-size: 24px;font-family: georgia, palatino, serif\">Avec plus de 715 \u00e9tudiants, la Facult\u00e9 des Sciences de la nature et de la Vie est l&rsquo;une des grandes facult\u00e9s de l&rsquo;universit\u00e9 Tahri Mohammed de B\u00e9char. Elle offre une grande vari\u00e9t\u00e9 de fili\u00e8res, qui vont des sciences biologiques, agronomiques, alimentaires et de la biotechnologie.<\/span><\/p>\n<p><span style=\"font-size: 24px;font-family: georgia, palatino, serif\">Avec plus de\u00a042\u00a0enseignants et\u00a071<strong>\u00a0<\/strong>entre administratif, ing\u00e9nieurs et techniciens, la Facult\u00e9 r\u00e9solument tourn\u00e9e vers l&rsquo;excellence, elle repose sur un staff acad\u00e9mique d\u2019une grande qualit\u00e9 et dispose de deux d\u00e9partements (Biologie- agronomie) lui conf\u00e9rant une place de choix pour diverses formations transdisciplinaires hautement qualifi\u00e9es et pour la r\u00e9alisation de partenariats de recherche et socioprofessionnel et \u00e9conomique porteurs de succ\u00e8s.<\/span><\/td>\n<\/tr>\n<\/tbody>\n<\/table>\n","protected":false},"excerpt":{"rendered":"<p>Chers visiteurs, La Facult\u00e9 des Sciences de la Nature et de la Vie, et depuis sa cr\u00e9ation en 2015 ne cesse de se d\u00e9velopper et d\u2019avancer sur les plans de la p\u00e9dagogie et de la recherche scientifique. Avec plus de 715 \u00e9tudiants, la Facult\u00e9 des Sciences de la nature et de la Vie est l&rsquo;une &hellip;<\/p>\n","protected":false},"author":14,"featured_media":0,"parent":0,"menu_order":0,"comment_status":"closed","ping_status":"closed","template":"","meta":[],"yoast_head":"<!-- This site is optimized with the Yoast SEO plugin v20.8 - https:\/\/yoast.com\/wordpress\/plugins\/seo\/ -->\n<title>Mot de doyen - univ<\/title>\n<meta name=\"robots\" content=\"index, follow, max-snippet:-1, max-image-preview:large, max-video-preview:-1\" \/>\n<link rel=\"canonical\" href=\"https:\/\/www.univ-bechar.dz\/univ\/index.php\/mot-de-doyen\/\" \/>\n<meta property=\"og:locale\" content=\"fr_FR\" \/>\n<meta property=\"og:type\" content=\"article\" \/>\n<meta property=\"og:title\" content=\"Mot de doyen - univ\" \/>\n<meta property=\"og:description\" content=\"Chers visiteurs, La Facult\u00e9 des Sciences de la Nature et de la Vie, et depuis sa cr\u00e9ation en 2015 ne cesse de se d\u00e9velopper et d\u2019avancer sur les plans de la p\u00e9dagogie et de la recherche scientifique. Avec plus de 715 \u00e9tudiants, la Facult\u00e9 des Sciences de la nature et de la Vie est l&rsquo;une &hellip;\" \/>\n<meta property=\"og:url\" content=\"https:\/\/www.univ-bechar.dz\/univ\/index.php\/mot-de-doyen\/\" \/>\n<meta property=\"og:site_name\" content=\"univ\" \/>\n<meta property=\"article:publisher\" content=\"http:\/\/www.facebook.com\/univ.bechar\" \/>\n<meta property=\"article:modified_time\" content=\"2023-01-05T10:47:37+00:00\" \/>\n<meta property=\"og:image\" content=\"https:\/\/www.univ-bechar.dz\/univ\/wp-content\/uploads\/2023\/01\/doyen.jpg\" \/>\n<meta name=\"twitter:card\" content=\"summary_large_image\" \/>\n<meta name=\"twitter:label1\" content=\"Est. reading time\" \/>\n\t<meta name=\"twitter:data1\" content=\"1 minute\" \/>\n<script type=\"application\/ld+json\" class=\"yoast-schema-graph\">{\"@context\":\"https:\/\/schema.org\",\"@graph\":[{\"@type\":\"WebPage\",\"@id\":\"https:\/\/www.univ-bechar.dz\/univ\/index.php\/mot-de-doyen\/\",\"url\":\"https:\/\/www.univ-bechar.dz\/univ\/index.php\/mot-de-doyen\/\",\"name\":\"Mot de doyen - univ\",\"isPartOf\":{\"@id\":\"https:\/\/www.univ-bechar.dz\/univ\/#website\"},\"datePublished\":\"2022-12-11T10:03:18+00:00\",\"dateModified\":\"2023-01-05T10:47:37+00:00\",\"breadcrumb\":{\"@id\":\"https:\/\/www.univ-bechar.dz\/univ\/index.php\/mot-de-doyen\/#breadcrumb\"},\"inLanguage\":\"fr-FR\",\"potentialAction\":[{\"@type\":\"ReadAction\",\"target\":[\"https:\/\/www.univ-bechar.dz\/univ\/index.php\/mot-de-doyen\/\"]}]},{\"@type\":\"BreadcrumbList\",\"@id\":\"https:\/\/www.univ-bechar.dz\/univ\/index.php\/mot-de-doyen\/#breadcrumb\",\"itemListElement\":[{\"@type\":\"ListItem\",\"position\":1,\"name\":\"Home\",\"item\":\"https:\/\/www.univ-bechar.dz\/univ\/\"},{\"@type\":\"ListItem\",\"position\":2,\"name\":\"Mot de doyen\"}]},{\"@type\":\"WebSite\",\"@id\":\"https:\/\/www.univ-bechar.dz\/univ\/#website\",\"url\":\"https:\/\/www.univ-bechar.dz\/univ\/\",\"name\":\"univ\",\"description\":\"UTMB\",\"publisher\":{\"@id\":\"https:\/\/www.univ-bechar.dz\/univ\/#organization\"},\"potentialAction\":[{\"@type\":\"SearchAction\",\"target\":{\"@type\":\"EntryPoint\",\"urlTemplate\":\"https:\/\/www.univ-bechar.dz\/univ\/?s={search_term_string}\"},\"query-input\":\"required name=search_term_string\"}],\"inLanguage\":\"fr-FR\"},{\"@type\":\"Organization\",\"@id\":\"https:\/\/www.univ-bechar.dz\/univ\/#organization\",\"name\":\"univ\",\"url\":\"https:\/\/www.univ-bechar.dz\/univ\/\",\"logo\":{\"@type\":\"ImageObject\",\"inLanguage\":\"fr-FR\",\"@id\":\"https:\/\/www.univ-bechar.dz\/univ\/#\/schema\/logo\/image\/\",\"url\":\"https:\/\/www.univ-bechar.dz\/univ\/wp-content\/uploads\/2022\/09\/LOGOUNIV.png\",\"contentUrl\":\"https:\/\/www.univ-bechar.dz\/univ\/wp-content\/uploads\/2022\/09\/LOGOUNIV.png\",\"width\":670,\"height\":962,\"caption\":\"univ\"},\"image\":{\"@id\":\"https:\/\/www.univ-bechar.dz\/univ\/#\/schema\/logo\/image\/\"},\"sameAs\":[\"http:\/\/www.facebook.com\/univ.bechar\"]}]}<\/script>\n<!-- \/ Yoast SEO plugin. -->","yoast_head_json":{"title":"Mot de doyen - univ","robots":{"index":"index","follow":"follow","max-snippet":"max-snippet:-1","max-image-preview":"max-image-preview:large","max-video-preview":"max-video-preview:-1"},"canonical":"https:\/\/www.univ-bechar.dz\/univ\/index.php\/mot-de-doyen\/","og_locale":"fr_FR","og_type":"article","og_title":"Mot de doyen - univ","og_description":"Chers visiteurs, La Facult\u00e9 des Sciences de la Nature et de la Vie, et depuis sa cr\u00e9ation en 2015 ne cesse de se d\u00e9velopper et d\u2019avancer sur les plans de la p\u00e9dagogie et de la recherche scientifique. Avec plus de 715 \u00e9tudiants, la Facult\u00e9 des Sciences de la nature et de la Vie est l&rsquo;une &hellip;","og_url":"https:\/\/www.univ-bechar.dz\/univ\/index.php\/mot-de-doyen\/","og_site_name":"univ","article_publisher":"http:\/\/www.facebook.com\/univ.bechar","article_modified_time":"2023-01-05T10:47:37+00:00","og_image":[{"url":"https:\/\/www.univ-bechar.dz\/univ\/wp-content\/uploads\/2023\/01\/doyen.jpg"}],"twitter_card":"summary_large_image","twitter_misc":{"Est. reading time":"1 minute"},"schema":{"@context":"https:\/\/schema.org","@graph":[{"@type":"WebPage","@id":"https:\/\/www.univ-bechar.dz\/univ\/index.php\/mot-de-doyen\/","url":"https:\/\/www.univ-bechar.dz\/univ\/index.php\/mot-de-doyen\/","name":"Mot de doyen - univ","isPartOf":{"@id":"https:\/\/www.univ-bechar.dz\/univ\/#website"},"datePublished":"2022-12-11T10:03:18+00:00","dateModified":"2023-01-05T10:47:37+00:00","breadcrumb":{"@id":"https:\/\/www.univ-bechar.dz\/univ\/index.php\/mot-de-doyen\/#breadcrumb"},"inLanguage":"fr-FR","potentialAction":[{"@type":"ReadAction","target":["https:\/\/www.univ-bechar.dz\/univ\/index.php\/mot-de-doyen\/"]}]},{"@type":"BreadcrumbList","@id":"https:\/\/www.univ-bechar.dz\/univ\/index.php\/mot-de-doyen\/#breadcrumb","itemListElement":[{"@type":"ListItem","position":1,"name":"Home","item":"https:\/\/www.univ-bechar.dz\/univ\/"},{"@type":"ListItem","position":2,"name":"Mot de doyen"}]},{"@type":"WebSite","@id":"https:\/\/www.univ-bechar.dz\/univ\/#website","url":"https:\/\/www.univ-bechar.dz\/univ\/","name":"univ","description":"UTMB","publisher":{"@id":"https:\/\/www.univ-bechar.dz\/univ\/#organization"},"potentialAction":[{"@type":"SearchAction","target":{"@type":"EntryPoint","urlTemplate":"https:\/\/www.univ-bechar.dz\/univ\/?s={search_term_string}"},"query-input":"required name=search_term_string"}],"inLanguage":"fr-FR"},{"@type":"Organization","@id":"https:\/\/www.univ-bechar.dz\/univ\/#organization","name":"univ","url":"https:\/\/www.univ-bechar.dz\/univ\/","logo":{"@type":"ImageObject","inLanguage":"fr-FR","@id":"https:\/\/www.univ-bechar.dz\/univ\/#\/schema\/logo\/image\/","url":"https:\/\/www.univ-bechar.dz\/univ\/wp-content\/uploads\/2022\/09\/LOGOUNIV.png","contentUrl":"https:\/\/www.univ-bechar.dz\/univ\/wp-content\/uploads\/2022\/09\/LOGOUNIV.png","width":670,"height":962,"caption":"univ"},"image":{"@id":"https:\/\/www.univ-bechar.dz\/univ\/#\/schema\/logo\/image\/"},"sameAs":["http:\/\/www.facebook.com\/univ.bechar"]}]}},"_links":{"self":[{"href":"https:\/\/www.univ-bechar.dz\/univ\/index.php\/wp-json\/wp\/v2\/pages\/19681"}],"collection":[{"href":"https:\/\/www.univ-bechar.dz\/univ\/index.php\/wp-json\/wp\/v2\/pages"}],"about":[{"href":"https:\/\/www.univ-bechar.dz\/univ\/index.php\/wp-json\/wp\/v2\/types\/page"}],"author":[{"embeddable":true,"href":"https:\/\/www.univ-bechar.dz\/univ\/index.php\/wp-json\/wp\/v2\/users\/14"}],"replies":[{"embeddable":true,"href":"https:\/\/www.univ-bechar.dz\/univ\/index.php\/wp-json\/wp\/v2\/comments?post=19681"}],"version-history":[{"count":13,"href":"https:\/\/www.univ-bechar.dz\/univ\/index.php\/wp-json\/wp\/v2\/pages\/19681\/revisions"}],"predecessor-version":[{"id":22474,"href":"https:\/\/www.univ-bechar.dz\/univ\/index.php\/wp-json\/wp\/v2\/pages\/19681\/revisions\/22474"}],"wp:attachment":[{"href":"https:\/\/www.univ-bechar.dz\/univ\/index.php\/wp-json\/wp\/v2\/media?parent=19681"}],"curies":[{"name":"wp","href":"https:\/\/api.w.org\/{rel}","templated":true}]}}