{"id":20166,"date":"2022-12-12T16:22:17","date_gmt":"2022-12-12T15:22:17","guid":{"rendered":"https:\/\/www.univ-bechar.dz\/univ\/?page_id=20166"},"modified":"2023-01-05T22:39:07","modified_gmt":"2023-01-05T21:39:07","slug":"presentation-4","status":"publish","type":"page","link":"https:\/\/www.univ-bechar.dz\/univ\/index.php\/presentation-4\/","title":{"rendered":"Pr\u00e9sentation"},"content":{"rendered":"<p><span style=\"font-size: 28px;font-family: 'book antiqua', palatino, serif\">La Facult\u00e9 des Sciences de la Nature et de la Vie, fait partie de l\u2019Universit\u00e9 Tahri Mohammed de B\u00e9char. Elle est dirig\u00e9e par un doyen et de deux vice-doyens\u00a0:\u00a0\u00a0<\/span><\/p>\n<p><span style=\"font-size: 28px;font-family: 'book antiqua', palatino, serif\">Le premier charg\u00e9 des \u00e9tudes et des questions li\u00e9es aux \u00e9tudiants dispose de trois services\u00a0:\u00a0\u00a0<\/span><\/p>\n<ol>\n<li><span style=\"font-size: 28px;font-family: 'book antiqua', palatino, serif\">Service de la scolarit\u00e9 \u00a0<\/span><\/li>\n<li><span style=\"font-size: 28px;font-family: 'book antiqua', palatino, serif\">Service des enseignements et de l\u2019\u00e9valuation\u00a0<\/span><\/li>\n<li><span style=\"font-size: 28px;font-family: 'book antiqua', palatino, serif\">Service des statistiques de l\u2019information et de l\u2019orientation<\/span><\/li>\n<\/ol>\n<p><span style=\"font-size: 28px;font-family: 'book antiqua', palatino, serif\">Le deuxi\u00e8me charg\u00e9 de la post-graduation de la recherche scientifique et des relations ext\u00e9rieures dispose de trois services\u00a0:<\/span><\/p>\n<ol>\n<li><span style=\"font-size: 28px;font-family: 'book antiqua', palatino, serif\">Service du suivi de la formation de post-graduation.<\/span><\/li>\n<li><span style=\"font-size: 28px;font-family: 'book antiqua', palatino, serif\">Service du suivi des activit\u00e9s de recherche.<\/span><\/li>\n<li><span style=\"font-size: 28px;font-family: 'book antiqua', palatino, serif\">Service de coop\u00e9ration et des relations ext\u00e9rieures.<\/span><\/li>\n<\/ol>\n<p><span style=\"font-size: 28px;font-family: 'book antiqua', palatino, serif\">Les diff\u00e9rentes sp\u00e9cialit\u00e9s int\u00e9ressant la formation et la recherche sont organis\u00e9es en d\u00e9partements.\u00a0<\/span><\/p>\n<p><span style=\"font-size: 28px;font-family: 'book antiqua', palatino, serif\">L\u2019administration est sous la responsabilit\u00e9 d\u2019un Secr\u00e9taire G\u00e9n\u00e9ral et s\u2019organise en services : \u00a0<\/span><\/p>\n<ul>\n<li><span style=\"font-size: 28px;font-family: 'book antiqua', palatino, serif\">Service des personnels\u00a0: dispose de deux sections<\/span><\/li>\n<\/ul>\n<p><span style=\"font-size: 28px;font-family: 'book antiqua', palatino, serif\">\u00a0 \u00a0 \u00a0 \u00a0 \u00a0 \u00a0 \u00a0&#8211; Section des personnels enseignants<\/span><br \/>\n<span style=\"font-size: 28px;font-family: 'book antiqua', palatino, serif\">\u00a0 \u00a0 \u00a0 \u00a0 \u00a0 \u00a0 \u00a0&#8211; Section des personnels administratifs technique et de service<\/span><\/p>\n<ul>\n<li><span style=\"font-size: 28px;font-family: 'book antiqua', palatino, serif\">Service du budget et de la comptabilit\u00e9\u00a0: dispos\u00e9 de deux sections<\/span><\/li>\n<\/ul>\n<p><span style=\"font-size: 28px;font-family: 'book antiqua', palatino, serif\">\u00a0 \u00a0 \u00a0 \u00a0 \u00a0 \u00a0 &#8211; Section du budget\u00a0<\/span><br \/>\n<span style=\"font-size: 28px;font-family: 'book antiqua', palatino, serif\">\u00a0 \u00a0 \u00a0 \u00a0 \u00a0 \u00a0 &#8211; Section de comptabilit\u00e9 \u00a0<\/span><\/p>\n<ul>\n<li><span style=\"font-size: 28px;font-family: 'book antiqua', palatino, serif\">Service de l&rsquo;animation scientifique, culturelle et sportive\u00a0\u00a0<\/span><\/li>\n<li><span style=\"font-size: 28px;font-family: 'book antiqua', palatino, serif\">Service des moyens et de la maintenance\u00a0: dispose de deux sections \u00a0 Section des moyens \u00a0 Section de la maintenance\u00a0\u00a0<\/span><\/li>\n<\/ul>\n<p><span style=\"font-size: 28px;font-family: 'book antiqua', palatino, serif\">Il existe aussi des services communs : Biblioth\u00e8que universitaire<\/span><\/p>\n","protected":false},"excerpt":{"rendered":"<p>La Facult\u00e9 des Sciences de la Nature et de la Vie, fait partie de l\u2019Universit\u00e9 Tahri Mohammed de B\u00e9char. Elle est dirig\u00e9e par un doyen et de deux vice-doyens\u00a0:\u00a0\u00a0 Le premier charg\u00e9 des \u00e9tudes et des questions li\u00e9es aux \u00e9tudiants dispose de trois services\u00a0:\u00a0\u00a0 Service de la scolarit\u00e9 \u00a0 Service des enseignements et de l\u2019\u00e9valuation\u00a0 &hellip;<\/p>\n","protected":false},"author":14,"featured_media":0,"parent":0,"menu_order":0,"comment_status":"closed","ping_status":"closed","template":"","meta":[],"yoast_head":"<!-- This site is optimized with the Yoast SEO plugin v20.8 - https:\/\/yoast.com\/wordpress\/plugins\/seo\/ -->\n<title>Pr\u00e9sentation - univ<\/title>\n<meta name=\"robots\" content=\"index, follow, max-snippet:-1, max-image-preview:large, max-video-preview:-1\" \/>\n<link rel=\"canonical\" href=\"https:\/\/www.univ-bechar.dz\/univ\/index.php\/presentation-4\/\" \/>\n<meta property=\"og:locale\" content=\"fr_FR\" \/>\n<meta property=\"og:type\" content=\"article\" \/>\n<meta property=\"og:title\" content=\"Pr\u00e9sentation - univ\" \/>\n<meta property=\"og:description\" content=\"La Facult\u00e9 des Sciences de la Nature et de la Vie, fait partie de l\u2019Universit\u00e9 Tahri Mohammed de B\u00e9char. Elle est dirig\u00e9e par un doyen et de deux vice-doyens\u00a0:\u00a0\u00a0 Le premier charg\u00e9 des \u00e9tudes et des questions li\u00e9es aux \u00e9tudiants dispose de trois services\u00a0:\u00a0\u00a0 Service de la scolarit\u00e9 \u00a0 Service des enseignements et de l\u2019\u00e9valuation\u00a0 &hellip;\" \/>\n<meta property=\"og:url\" content=\"https:\/\/www.univ-bechar.dz\/univ\/index.php\/presentation-4\/\" \/>\n<meta property=\"og:site_name\" content=\"univ\" \/>\n<meta property=\"article:publisher\" content=\"http:\/\/www.facebook.com\/univ.bechar\" \/>\n<meta property=\"article:modified_time\" content=\"2023-01-05T21:39:07+00:00\" \/>\n<meta name=\"twitter:card\" content=\"summary_large_image\" \/>\n<meta name=\"twitter:label1\" content=\"Est. reading time\" \/>\n\t<meta name=\"twitter:data1\" content=\"1 minute\" \/>\n<script type=\"application\/ld+json\" class=\"yoast-schema-graph\">{\"@context\":\"https:\/\/schema.org\",\"@graph\":[{\"@type\":\"WebPage\",\"@id\":\"https:\/\/www.univ-bechar.dz\/univ\/index.php\/presentation-4\/\",\"url\":\"https:\/\/www.univ-bechar.dz\/univ\/index.php\/presentation-4\/\",\"name\":\"Pr\u00e9sentation - univ\",\"isPartOf\":{\"@id\":\"https:\/\/www.univ-bechar.dz\/univ\/#website\"},\"datePublished\":\"2022-12-12T15:22:17+00:00\",\"dateModified\":\"2023-01-05T21:39:07+00:00\",\"breadcrumb\":{\"@id\":\"https:\/\/www.univ-bechar.dz\/univ\/index.php\/presentation-4\/#breadcrumb\"},\"inLanguage\":\"fr-FR\",\"potentialAction\":[{\"@type\":\"ReadAction\",\"target\":[\"https:\/\/www.univ-bechar.dz\/univ\/index.php\/presentation-4\/\"]}]},{\"@type\":\"BreadcrumbList\",\"@id\":\"https:\/\/www.univ-bechar.dz\/univ\/index.php\/presentation-4\/#breadcrumb\",\"itemListElement\":[{\"@type\":\"ListItem\",\"position\":1,\"name\":\"Home\",\"item\":\"https:\/\/www.univ-bechar.dz\/univ\/\"},{\"@type\":\"ListItem\",\"position\":2,\"name\":\"Pr\u00e9sentation\"}]},{\"@type\":\"WebSite\",\"@id\":\"https:\/\/www.univ-bechar.dz\/univ\/#website\",\"url\":\"https:\/\/www.univ-bechar.dz\/univ\/\",\"name\":\"univ\",\"description\":\"UTMB\",\"publisher\":{\"@id\":\"https:\/\/www.univ-bechar.dz\/univ\/#organization\"},\"potentialAction\":[{\"@type\":\"SearchAction\",\"target\":{\"@type\":\"EntryPoint\",\"urlTemplate\":\"https:\/\/www.univ-bechar.dz\/univ\/?s={search_term_string}\"},\"query-input\":\"required name=search_term_string\"}],\"inLanguage\":\"fr-FR\"},{\"@type\":\"Organization\",\"@id\":\"https:\/\/www.univ-bechar.dz\/univ\/#organization\",\"name\":\"univ\",\"url\":\"https:\/\/www.univ-bechar.dz\/univ\/\",\"logo\":{\"@type\":\"ImageObject\",\"inLanguage\":\"fr-FR\",\"@id\":\"https:\/\/www.univ-bechar.dz\/univ\/#\/schema\/logo\/image\/\",\"url\":\"https:\/\/www.univ-bechar.dz\/univ\/wp-content\/uploads\/2022\/09\/LOGOUNIV.png\",\"contentUrl\":\"https:\/\/www.univ-bechar.dz\/univ\/wp-content\/uploads\/2022\/09\/LOGOUNIV.png\",\"width\":670,\"height\":962,\"caption\":\"univ\"},\"image\":{\"@id\":\"https:\/\/www.univ-bechar.dz\/univ\/#\/schema\/logo\/image\/\"},\"sameAs\":[\"http:\/\/www.facebook.com\/univ.bechar\"]}]}<\/script>\n<!-- \/ Yoast SEO plugin. -->","yoast_head_json":{"title":"Pr\u00e9sentation - univ","robots":{"index":"index","follow":"follow","max-snippet":"max-snippet:-1","max-image-preview":"max-image-preview:large","max-video-preview":"max-video-preview:-1"},"canonical":"https:\/\/www.univ-bechar.dz\/univ\/index.php\/presentation-4\/","og_locale":"fr_FR","og_type":"article","og_title":"Pr\u00e9sentation - univ","og_description":"La Facult\u00e9 des Sciences de la Nature et de la Vie, fait partie de l\u2019Universit\u00e9 Tahri Mohammed de B\u00e9char. Elle est dirig\u00e9e par un doyen et de deux vice-doyens\u00a0:\u00a0\u00a0 Le premier charg\u00e9 des \u00e9tudes et des questions li\u00e9es aux \u00e9tudiants dispose de trois services\u00a0:\u00a0\u00a0 Service de la scolarit\u00e9 \u00a0 Service des enseignements et de l\u2019\u00e9valuation\u00a0 &hellip;","og_url":"https:\/\/www.univ-bechar.dz\/univ\/index.php\/presentation-4\/","og_site_name":"univ","article_publisher":"http:\/\/www.facebook.com\/univ.bechar","article_modified_time":"2023-01-05T21:39:07+00:00","twitter_card":"summary_large_image","twitter_misc":{"Est. reading time":"1 minute"},"schema":{"@context":"https:\/\/schema.org","@graph":[{"@type":"WebPage","@id":"https:\/\/www.univ-bechar.dz\/univ\/index.php\/presentation-4\/","url":"https:\/\/www.univ-bechar.dz\/univ\/index.php\/presentation-4\/","name":"Pr\u00e9sentation - univ","isPartOf":{"@id":"https:\/\/www.univ-bechar.dz\/univ\/#website"},"datePublished":"2022-12-12T15:22:17+00:00","dateModified":"2023-01-05T21:39:07+00:00","breadcrumb":{"@id":"https:\/\/www.univ-bechar.dz\/univ\/index.php\/presentation-4\/#breadcrumb"},"inLanguage":"fr-FR","potentialAction":[{"@type":"ReadAction","target":["https:\/\/www.univ-bechar.dz\/univ\/index.php\/presentation-4\/"]}]},{"@type":"BreadcrumbList","@id":"https:\/\/www.univ-bechar.dz\/univ\/index.php\/presentation-4\/#breadcrumb","itemListElement":[{"@type":"ListItem","position":1,"name":"Home","item":"https:\/\/www.univ-bechar.dz\/univ\/"},{"@type":"ListItem","position":2,"name":"Pr\u00e9sentation"}]},{"@type":"WebSite","@id":"https:\/\/www.univ-bechar.dz\/univ\/#website","url":"https:\/\/www.univ-bechar.dz\/univ\/","name":"univ","description":"UTMB","publisher":{"@id":"https:\/\/www.univ-bechar.dz\/univ\/#organization"},"potentialAction":[{"@type":"SearchAction","target":{"@type":"EntryPoint","urlTemplate":"https:\/\/www.univ-bechar.dz\/univ\/?s={search_term_string}"},"query-input":"required name=search_term_string"}],"inLanguage":"fr-FR"},{"@type":"Organization","@id":"https:\/\/www.univ-bechar.dz\/univ\/#organization","name":"univ","url":"https:\/\/www.univ-bechar.dz\/univ\/","logo":{"@type":"ImageObject","inLanguage":"fr-FR","@id":"https:\/\/www.univ-bechar.dz\/univ\/#\/schema\/logo\/image\/","url":"https:\/\/www.univ-bechar.dz\/univ\/wp-content\/uploads\/2022\/09\/LOGOUNIV.png","contentUrl":"https:\/\/www.univ-bechar.dz\/univ\/wp-content\/uploads\/2022\/09\/LOGOUNIV.png","width":670,"height":962,"caption":"univ"},"image":{"@id":"https:\/\/www.univ-bechar.dz\/univ\/#\/schema\/logo\/image\/"},"sameAs":["http:\/\/www.facebook.com\/univ.bechar"]}]}},"_links":{"self":[{"href":"https:\/\/www.univ-bechar.dz\/univ\/index.php\/wp-json\/wp\/v2\/pages\/20166"}],"collection":[{"href":"https:\/\/www.univ-bechar.dz\/univ\/index.php\/wp-json\/wp\/v2\/pages"}],"about":[{"href":"https:\/\/www.univ-bechar.dz\/univ\/index.php\/wp-json\/wp\/v2\/types\/page"}],"author":[{"embeddable":true,"href":"https:\/\/www.univ-bechar.dz\/univ\/index.php\/wp-json\/wp\/v2\/users\/14"}],"replies":[{"embeddable":true,"href":"https:\/\/www.univ-bechar.dz\/univ\/index.php\/wp-json\/wp\/v2\/comments?post=20166"}],"version-history":[{"count":4,"href":"https:\/\/www.univ-bechar.dz\/univ\/index.php\/wp-json\/wp\/v2\/pages\/20166\/revisions"}],"predecessor-version":[{"id":22531,"href":"https:\/\/www.univ-bechar.dz\/univ\/index.php\/wp-json\/wp\/v2\/pages\/20166\/revisions\/22531"}],"wp:attachment":[{"href":"https:\/\/www.univ-bechar.dz\/univ\/index.php\/wp-json\/wp\/v2\/media?parent=20166"}],"curies":[{"name":"wp","href":"https:\/\/api.w.org\/{rel}","templated":true}]}}