{"id":20174,"date":"2022-12-12T16:25:14","date_gmt":"2022-12-12T15:25:14","guid":{"rendered":"https:\/\/www.univ-bechar.dz\/univ\/?page_id=20174"},"modified":"2023-01-05T11:50:27","modified_gmt":"2023-01-05T10:50:27","slug":"administration-2","status":"publish","type":"page","link":"https:\/\/www.univ-bechar.dz\/univ\/index.php\/administration-2\/","title":{"rendered":"Administration"},"content":{"rendered":"<table>\n<tbody>\n<tr>\n<td width=\"125\"><strong>Pr\u00e9nom &amp;Nom<\/strong><\/td>\n<td width=\"129\"><strong>Poste<\/strong><\/td>\n<td width=\"211\"><strong>Adresse email<\/strong><\/td>\n<td width=\"139\"><strong>Num\u00e9ro de t\u00e9l\u00e9phone <\/strong><\/td>\n<\/tr>\n<tr>\n<td width=\"125\"><span style=\"font-size: 20px\"><strong>Moussaoui Abdellah<\/strong><\/span><\/td>\n<td style=\"text-align: center\" width=\"129\"><span style=\"font-family: georgia, palatino, serif\">Doyen<\/span><\/td>\n<td width=\"211\">moussaoui.abdellah@univ-bechar.dz<\/td>\n<td width=\"139\">0555729902<\/td>\n<\/tr>\n<tr>\n<td width=\"125\"><span style=\"font-size: 20px\"><strong>Yagoubi Ahmed<\/strong><\/span><\/td>\n<td style=\"text-align: center\" width=\"129\"><span style=\"font-family: georgia, palatino, serif\">Vice doyen charg\u00e9 de la p\u00e9dagogie<\/span><\/td>\n<td width=\"211\">yagoubi.ahmed@univ-bechar.dz<\/td>\n<td width=\"139\"><\/td>\n<\/tr>\n<tr>\n<td width=\"125\"><span style=\"font-size: 20px\"><strong>Boulanouar Ali<\/strong><\/span><\/td>\n<td style=\"text-align: center\" width=\"129\"><span style=\"font-family: georgia, palatino, serif\">Vice doyen charg\u00e9 de la post graduation<\/span><\/td>\n<td width=\"211\">boulanouar.ali@univ-bechar.dz<\/td>\n<td width=\"139\"><\/td>\n<\/tr>\n<tr>\n<td width=\"125\"><span style=\"font-size: 20px\"><strong>Guenaia Abdelkader<\/strong><\/span><\/td>\n<td style=\"text-align: center\" width=\"129\"><span style=\"font-family: georgia, palatino, serif\">Chef de D\u00e9partement<\/span><\/td>\n<td width=\"211\">guenaia.abdelkader@univ-bechar.dz<\/td>\n<td width=\"139\"><\/td>\n<\/tr>\n<\/tbody>\n<\/table>\n","protected":false},"excerpt":{"rendered":"<p>Pr\u00e9nom &amp;Nom Poste Adresse email Num\u00e9ro de t\u00e9l\u00e9phone Moussaoui Abdellah Doyen moussaoui.abdellah@univ-bechar.dz 0555729902 Yagoubi Ahmed Vice doyen charg\u00e9 de la p\u00e9dagogie yagoubi.ahmed@univ-bechar.dz Boulanouar Ali Vice doyen charg\u00e9 de la post graduation boulanouar.ali@univ-bechar.dz Guenaia Abdelkader Chef de D\u00e9partement guenaia.abdelkader@univ-bechar.dz<\/p>\n","protected":false},"author":14,"featured_media":22218,"parent":0,"menu_order":0,"comment_status":"closed","ping_status":"closed","template":"","meta":[],"yoast_head":"<!-- This site is optimized with the Yoast SEO plugin v20.8 - https:\/\/yoast.com\/wordpress\/plugins\/seo\/ -->\n<title>Administration - univ<\/title>\n<meta name=\"robots\" content=\"index, follow, max-snippet:-1, max-image-preview:large, max-video-preview:-1\" \/>\n<link rel=\"canonical\" href=\"https:\/\/www.univ-bechar.dz\/univ\/index.php\/administration-2\/\" \/>\n<meta property=\"og:locale\" content=\"fr_FR\" \/>\n<meta property=\"og:type\" content=\"article\" \/>\n<meta property=\"og:title\" content=\"Administration - univ\" \/>\n<meta property=\"og:description\" content=\"Pr\u00e9nom &amp;Nom Poste Adresse email Num\u00e9ro de t\u00e9l\u00e9phone Moussaoui Abdellah Doyen moussaoui.abdellah@univ-bechar.dz 0555729902 Yagoubi Ahmed Vice doyen charg\u00e9 de la p\u00e9dagogie yagoubi.ahmed@univ-bechar.dz Boulanouar Ali Vice doyen charg\u00e9 de la post graduation boulanouar.ali@univ-bechar.dz Guenaia Abdelkader Chef de D\u00e9partement guenaia.abdelkader@univ-bechar.dz\" \/>\n<meta property=\"og:url\" content=\"https:\/\/www.univ-bechar.dz\/univ\/index.php\/administration-2\/\" \/>\n<meta property=\"og:site_name\" content=\"univ\" \/>\n<meta property=\"article:publisher\" content=\"http:\/\/www.facebook.com\/univ.bechar\" \/>\n<meta property=\"article:modified_time\" content=\"2023-01-05T10:50:27+00:00\" \/>\n<meta property=\"og:image\" content=\"https:\/\/www.univ-bechar.dz\/univ\/wp-content\/uploads\/2023\/01\/tab.png\" \/>\n\t<meta property=\"og:image:width\" content=\"687\" \/>\n\t<meta property=\"og:image:height\" content=\"217\" \/>\n\t<meta property=\"og:image:type\" content=\"image\/png\" \/>\n<meta name=\"twitter:card\" content=\"summary_large_image\" \/>\n<script type=\"application\/ld+json\" class=\"yoast-schema-graph\">{\"@context\":\"https:\/\/schema.org\",\"@graph\":[{\"@type\":\"WebPage\",\"@id\":\"https:\/\/www.univ-bechar.dz\/univ\/index.php\/administration-2\/\",\"url\":\"https:\/\/www.univ-bechar.dz\/univ\/index.php\/administration-2\/\",\"name\":\"Administration - univ\",\"isPartOf\":{\"@id\":\"https:\/\/www.univ-bechar.dz\/univ\/#website\"},\"datePublished\":\"2022-12-12T15:25:14+00:00\",\"dateModified\":\"2023-01-05T10:50:27+00:00\",\"breadcrumb\":{\"@id\":\"https:\/\/www.univ-bechar.dz\/univ\/index.php\/administration-2\/#breadcrumb\"},\"inLanguage\":\"fr-FR\",\"potentialAction\":[{\"@type\":\"ReadAction\",\"target\":[\"https:\/\/www.univ-bechar.dz\/univ\/index.php\/administration-2\/\"]}]},{\"@type\":\"BreadcrumbList\",\"@id\":\"https:\/\/www.univ-bechar.dz\/univ\/index.php\/administration-2\/#breadcrumb\",\"itemListElement\":[{\"@type\":\"ListItem\",\"position\":1,\"name\":\"Home\",\"item\":\"https:\/\/www.univ-bechar.dz\/univ\/\"},{\"@type\":\"ListItem\",\"position\":2,\"name\":\"Administration\"}]},{\"@type\":\"WebSite\",\"@id\":\"https:\/\/www.univ-bechar.dz\/univ\/#website\",\"url\":\"https:\/\/www.univ-bechar.dz\/univ\/\",\"name\":\"univ\",\"description\":\"UTMB\",\"publisher\":{\"@id\":\"https:\/\/www.univ-bechar.dz\/univ\/#organization\"},\"potentialAction\":[{\"@type\":\"SearchAction\",\"target\":{\"@type\":\"EntryPoint\",\"urlTemplate\":\"https:\/\/www.univ-bechar.dz\/univ\/?s={search_term_string}\"},\"query-input\":\"required name=search_term_string\"}],\"inLanguage\":\"fr-FR\"},{\"@type\":\"Organization\",\"@id\":\"https:\/\/www.univ-bechar.dz\/univ\/#organization\",\"name\":\"univ\",\"url\":\"https:\/\/www.univ-bechar.dz\/univ\/\",\"logo\":{\"@type\":\"ImageObject\",\"inLanguage\":\"fr-FR\",\"@id\":\"https:\/\/www.univ-bechar.dz\/univ\/#\/schema\/logo\/image\/\",\"url\":\"https:\/\/www.univ-bechar.dz\/univ\/wp-content\/uploads\/2022\/09\/LOGOUNIV.png\",\"contentUrl\":\"https:\/\/www.univ-bechar.dz\/univ\/wp-content\/uploads\/2022\/09\/LOGOUNIV.png\",\"width\":670,\"height\":962,\"caption\":\"univ\"},\"image\":{\"@id\":\"https:\/\/www.univ-bechar.dz\/univ\/#\/schema\/logo\/image\/\"},\"sameAs\":[\"http:\/\/www.facebook.com\/univ.bechar\"]}]}<\/script>\n<!-- \/ Yoast SEO plugin. -->","yoast_head_json":{"title":"Administration - univ","robots":{"index":"index","follow":"follow","max-snippet":"max-snippet:-1","max-image-preview":"max-image-preview:large","max-video-preview":"max-video-preview:-1"},"canonical":"https:\/\/www.univ-bechar.dz\/univ\/index.php\/administration-2\/","og_locale":"fr_FR","og_type":"article","og_title":"Administration - univ","og_description":"Pr\u00e9nom &amp;Nom Poste Adresse email Num\u00e9ro de t\u00e9l\u00e9phone Moussaoui Abdellah Doyen moussaoui.abdellah@univ-bechar.dz 0555729902 Yagoubi Ahmed Vice doyen charg\u00e9 de la p\u00e9dagogie yagoubi.ahmed@univ-bechar.dz Boulanouar Ali Vice doyen charg\u00e9 de la post graduation boulanouar.ali@univ-bechar.dz Guenaia Abdelkader Chef de D\u00e9partement guenaia.abdelkader@univ-bechar.dz","og_url":"https:\/\/www.univ-bechar.dz\/univ\/index.php\/administration-2\/","og_site_name":"univ","article_publisher":"http:\/\/www.facebook.com\/univ.bechar","article_modified_time":"2023-01-05T10:50:27+00:00","og_image":[{"width":687,"height":217,"url":"https:\/\/www.univ-bechar.dz\/univ\/wp-content\/uploads\/2023\/01\/tab.png","type":"image\/png"}],"twitter_card":"summary_large_image","schema":{"@context":"https:\/\/schema.org","@graph":[{"@type":"WebPage","@id":"https:\/\/www.univ-bechar.dz\/univ\/index.php\/administration-2\/","url":"https:\/\/www.univ-bechar.dz\/univ\/index.php\/administration-2\/","name":"Administration - univ","isPartOf":{"@id":"https:\/\/www.univ-bechar.dz\/univ\/#website"},"datePublished":"2022-12-12T15:25:14+00:00","dateModified":"2023-01-05T10:50:27+00:00","breadcrumb":{"@id":"https:\/\/www.univ-bechar.dz\/univ\/index.php\/administration-2\/#breadcrumb"},"inLanguage":"fr-FR","potentialAction":[{"@type":"ReadAction","target":["https:\/\/www.univ-bechar.dz\/univ\/index.php\/administration-2\/"]}]},{"@type":"BreadcrumbList","@id":"https:\/\/www.univ-bechar.dz\/univ\/index.php\/administration-2\/#breadcrumb","itemListElement":[{"@type":"ListItem","position":1,"name":"Home","item":"https:\/\/www.univ-bechar.dz\/univ\/"},{"@type":"ListItem","position":2,"name":"Administration"}]},{"@type":"WebSite","@id":"https:\/\/www.univ-bechar.dz\/univ\/#website","url":"https:\/\/www.univ-bechar.dz\/univ\/","name":"univ","description":"UTMB","publisher":{"@id":"https:\/\/www.univ-bechar.dz\/univ\/#organization"},"potentialAction":[{"@type":"SearchAction","target":{"@type":"EntryPoint","urlTemplate":"https:\/\/www.univ-bechar.dz\/univ\/?s={search_term_string}"},"query-input":"required name=search_term_string"}],"inLanguage":"fr-FR"},{"@type":"Organization","@id":"https:\/\/www.univ-bechar.dz\/univ\/#organization","name":"univ","url":"https:\/\/www.univ-bechar.dz\/univ\/","logo":{"@type":"ImageObject","inLanguage":"fr-FR","@id":"https:\/\/www.univ-bechar.dz\/univ\/#\/schema\/logo\/image\/","url":"https:\/\/www.univ-bechar.dz\/univ\/wp-content\/uploads\/2022\/09\/LOGOUNIV.png","contentUrl":"https:\/\/www.univ-bechar.dz\/univ\/wp-content\/uploads\/2022\/09\/LOGOUNIV.png","width":670,"height":962,"caption":"univ"},"image":{"@id":"https:\/\/www.univ-bechar.dz\/univ\/#\/schema\/logo\/image\/"},"sameAs":["http:\/\/www.facebook.com\/univ.bechar"]}]}},"_links":{"self":[{"href":"https:\/\/www.univ-bechar.dz\/univ\/index.php\/wp-json\/wp\/v2\/pages\/20174"}],"collection":[{"href":"https:\/\/www.univ-bechar.dz\/univ\/index.php\/wp-json\/wp\/v2\/pages"}],"about":[{"href":"https:\/\/www.univ-bechar.dz\/univ\/index.php\/wp-json\/wp\/v2\/types\/page"}],"author":[{"embeddable":true,"href":"https:\/\/www.univ-bechar.dz\/univ\/index.php\/wp-json\/wp\/v2\/users\/14"}],"replies":[{"embeddable":true,"href":"https:\/\/www.univ-bechar.dz\/univ\/index.php\/wp-json\/wp\/v2\/comments?post=20174"}],"version-history":[{"count":5,"href":"https:\/\/www.univ-bechar.dz\/univ\/index.php\/wp-json\/wp\/v2\/pages\/20174\/revisions"}],"predecessor-version":[{"id":22476,"href":"https:\/\/www.univ-bechar.dz\/univ\/index.php\/wp-json\/wp\/v2\/pages\/20174\/revisions\/22476"}],"wp:featuredmedia":[{"embeddable":true,"href":"https:\/\/www.univ-bechar.dz\/univ\/index.php\/wp-json\/wp\/v2\/media\/22218"}],"wp:attachment":[{"href":"https:\/\/www.univ-bechar.dz\/univ\/index.php\/wp-json\/wp\/v2\/media?parent=20174"}],"curies":[{"name":"wp","href":"https:\/\/api.w.org\/{rel}","templated":true}]}}