{"id":20177,"date":"2022-12-12T16:27:40","date_gmt":"2022-12-12T15:27:40","guid":{"rendered":"https:\/\/www.univ-bechar.dz\/univ\/?page_id=20177"},"modified":"2023-01-03T12:15:45","modified_gmt":"2023-01-03T11:15:45","slug":"secretariat-general-3","status":"publish","type":"page","link":"https:\/\/www.univ-bechar.dz\/univ\/index.php\/secretariat-general-3\/","title":{"rendered":"Secr\u00e9tariat g\u00e9n\u00e9ral"},"content":{"rendered":"<p>&nbsp;<\/p>\n<p style=\"text-align: right\"><span style=\"font-size: 24px\"><strong>:\u0627\u0644\u0623\u0645\u064a\u0646 \u0627\u0644\u0639\u0627\u0645\u00a0\u00a0<\/strong><\/span><\/p>\n<p style=\"text-align: right\"><span style=\"font-size: 20px\">\u0627\u0644\u0633\u064a\u062f: \u062e\u062f\u064a\u0645 \u0623\u062d\u0645\u062f\u00a0<\/span><\/p>\n<p style=\"text-align: right\"><span style=\"font-size: 20px\">:\u0627\u0644\u0628\u0631\u064a\u062f \u0627\u0644\u0625\u0644\u0643\u062a\u0631\u0648\u0646\u064a\u00a0<\/span><\/p>\n<p style=\"text-align: right\"><span style=\"font-size: 20px\">sg-snv@univ-bechar.dz\u00a0<\/span><\/p>\n<p><img decoding=\"async\" loading=\"lazy\" class=\"wp-image-22157 aligncenter\" src=\"https:\/\/www.univ-bechar.dz\/univ\/wp-content\/uploads\/2023\/01\/ahmed-.jpg\" alt=\"\" width=\"313\" height=\"337\" \/><\/p>\n","protected":false},"excerpt":{"rendered":"<p>&nbsp; :\u0627\u0644\u0623\u0645\u064a\u0646 \u0627\u0644\u0639\u0627\u0645\u00a0\u00a0 \u0627\u0644\u0633\u064a\u062f: \u062e\u062f\u064a\u0645 \u0623\u062d\u0645\u062f\u00a0 :\u0627\u0644\u0628\u0631\u064a\u062f \u0627\u0644\u0625\u0644\u0643\u062a\u0631\u0648\u0646\u064a\u00a0 sg-snv@univ-bechar.dz\u00a0<\/p>\n","protected":false},"author":14,"featured_media":0,"parent":0,"menu_order":0,"comment_status":"closed","ping_status":"closed","template":"","meta":[],"yoast_head":"<!-- This site is optimized with the Yoast SEO plugin v20.8 - https:\/\/yoast.com\/wordpress\/plugins\/seo\/ -->\n<title>Secr\u00e9tariat g\u00e9n\u00e9ral - univ<\/title>\n<meta name=\"robots\" content=\"index, follow, max-snippet:-1, max-image-preview:large, max-video-preview:-1\" \/>\n<link rel=\"canonical\" href=\"https:\/\/www.univ-bechar.dz\/univ\/index.php\/secretariat-general-3\/\" \/>\n<meta property=\"og:locale\" content=\"fr_FR\" \/>\n<meta property=\"og:type\" content=\"article\" \/>\n<meta property=\"og:title\" content=\"Secr\u00e9tariat g\u00e9n\u00e9ral - univ\" \/>\n<meta property=\"og:description\" content=\"&nbsp; :\u0627\u0644\u0623\u0645\u064a\u0646 \u0627\u0644\u0639\u0627\u0645\u00a0\u00a0 \u0627\u0644\u0633\u064a\u062f: \u062e\u062f\u064a\u0645 \u0623\u062d\u0645\u062f\u00a0 :\u0627\u0644\u0628\u0631\u064a\u062f \u0627\u0644\u0625\u0644\u0643\u062a\u0631\u0648\u0646\u064a\u00a0 sg-snv@univ-bechar.dz\u00a0\" \/>\n<meta property=\"og:url\" content=\"https:\/\/www.univ-bechar.dz\/univ\/index.php\/secretariat-general-3\/\" \/>\n<meta property=\"og:site_name\" content=\"univ\" \/>\n<meta property=\"article:publisher\" content=\"http:\/\/www.facebook.com\/univ.bechar\" \/>\n<meta property=\"article:modified_time\" content=\"2023-01-03T11:15:45+00:00\" \/>\n<meta property=\"og:image\" content=\"https:\/\/www.univ-bechar.dz\/univ\/wp-content\/uploads\/2023\/01\/ahmed-.jpg\" \/>\n<meta name=\"twitter:card\" content=\"summary_large_image\" \/>\n<script type=\"application\/ld+json\" class=\"yoast-schema-graph\">{\"@context\":\"https:\/\/schema.org\",\"@graph\":[{\"@type\":\"WebPage\",\"@id\":\"https:\/\/www.univ-bechar.dz\/univ\/index.php\/secretariat-general-3\/\",\"url\":\"https:\/\/www.univ-bechar.dz\/univ\/index.php\/secretariat-general-3\/\",\"name\":\"Secr\u00e9tariat g\u00e9n\u00e9ral - univ\",\"isPartOf\":{\"@id\":\"https:\/\/www.univ-bechar.dz\/univ\/#website\"},\"datePublished\":\"2022-12-12T15:27:40+00:00\",\"dateModified\":\"2023-01-03T11:15:45+00:00\",\"breadcrumb\":{\"@id\":\"https:\/\/www.univ-bechar.dz\/univ\/index.php\/secretariat-general-3\/#breadcrumb\"},\"inLanguage\":\"fr-FR\",\"potentialAction\":[{\"@type\":\"ReadAction\",\"target\":[\"https:\/\/www.univ-bechar.dz\/univ\/index.php\/secretariat-general-3\/\"]}]},{\"@type\":\"BreadcrumbList\",\"@id\":\"https:\/\/www.univ-bechar.dz\/univ\/index.php\/secretariat-general-3\/#breadcrumb\",\"itemListElement\":[{\"@type\":\"ListItem\",\"position\":1,\"name\":\"Home\",\"item\":\"https:\/\/www.univ-bechar.dz\/univ\/\"},{\"@type\":\"ListItem\",\"position\":2,\"name\":\"Secr\u00e9tariat g\u00e9n\u00e9ral\"}]},{\"@type\":\"WebSite\",\"@id\":\"https:\/\/www.univ-bechar.dz\/univ\/#website\",\"url\":\"https:\/\/www.univ-bechar.dz\/univ\/\",\"name\":\"univ\",\"description\":\"UTMB\",\"publisher\":{\"@id\":\"https:\/\/www.univ-bechar.dz\/univ\/#organization\"},\"potentialAction\":[{\"@type\":\"SearchAction\",\"target\":{\"@type\":\"EntryPoint\",\"urlTemplate\":\"https:\/\/www.univ-bechar.dz\/univ\/?s={search_term_string}\"},\"query-input\":\"required name=search_term_string\"}],\"inLanguage\":\"fr-FR\"},{\"@type\":\"Organization\",\"@id\":\"https:\/\/www.univ-bechar.dz\/univ\/#organization\",\"name\":\"univ\",\"url\":\"https:\/\/www.univ-bechar.dz\/univ\/\",\"logo\":{\"@type\":\"ImageObject\",\"inLanguage\":\"fr-FR\",\"@id\":\"https:\/\/www.univ-bechar.dz\/univ\/#\/schema\/logo\/image\/\",\"url\":\"https:\/\/www.univ-bechar.dz\/univ\/wp-content\/uploads\/2022\/09\/LOGOUNIV.png\",\"contentUrl\":\"https:\/\/www.univ-bechar.dz\/univ\/wp-content\/uploads\/2022\/09\/LOGOUNIV.png\",\"width\":670,\"height\":962,\"caption\":\"univ\"},\"image\":{\"@id\":\"https:\/\/www.univ-bechar.dz\/univ\/#\/schema\/logo\/image\/\"},\"sameAs\":[\"http:\/\/www.facebook.com\/univ.bechar\"]}]}<\/script>\n<!-- \/ Yoast SEO plugin. -->","yoast_head_json":{"title":"Secr\u00e9tariat g\u00e9n\u00e9ral - univ","robots":{"index":"index","follow":"follow","max-snippet":"max-snippet:-1","max-image-preview":"max-image-preview:large","max-video-preview":"max-video-preview:-1"},"canonical":"https:\/\/www.univ-bechar.dz\/univ\/index.php\/secretariat-general-3\/","og_locale":"fr_FR","og_type":"article","og_title":"Secr\u00e9tariat g\u00e9n\u00e9ral - univ","og_description":"&nbsp; :\u0627\u0644\u0623\u0645\u064a\u0646 \u0627\u0644\u0639\u0627\u0645\u00a0\u00a0 \u0627\u0644\u0633\u064a\u062f: \u062e\u062f\u064a\u0645 \u0623\u062d\u0645\u062f\u00a0 :\u0627\u0644\u0628\u0631\u064a\u062f \u0627\u0644\u0625\u0644\u0643\u062a\u0631\u0648\u0646\u064a\u00a0 sg-snv@univ-bechar.dz\u00a0","og_url":"https:\/\/www.univ-bechar.dz\/univ\/index.php\/secretariat-general-3\/","og_site_name":"univ","article_publisher":"http:\/\/www.facebook.com\/univ.bechar","article_modified_time":"2023-01-03T11:15:45+00:00","og_image":[{"url":"https:\/\/www.univ-bechar.dz\/univ\/wp-content\/uploads\/2023\/01\/ahmed-.jpg"}],"twitter_card":"summary_large_image","schema":{"@context":"https:\/\/schema.org","@graph":[{"@type":"WebPage","@id":"https:\/\/www.univ-bechar.dz\/univ\/index.php\/secretariat-general-3\/","url":"https:\/\/www.univ-bechar.dz\/univ\/index.php\/secretariat-general-3\/","name":"Secr\u00e9tariat g\u00e9n\u00e9ral - univ","isPartOf":{"@id":"https:\/\/www.univ-bechar.dz\/univ\/#website"},"datePublished":"2022-12-12T15:27:40+00:00","dateModified":"2023-01-03T11:15:45+00:00","breadcrumb":{"@id":"https:\/\/www.univ-bechar.dz\/univ\/index.php\/secretariat-general-3\/#breadcrumb"},"inLanguage":"fr-FR","potentialAction":[{"@type":"ReadAction","target":["https:\/\/www.univ-bechar.dz\/univ\/index.php\/secretariat-general-3\/"]}]},{"@type":"BreadcrumbList","@id":"https:\/\/www.univ-bechar.dz\/univ\/index.php\/secretariat-general-3\/#breadcrumb","itemListElement":[{"@type":"ListItem","position":1,"name":"Home","item":"https:\/\/www.univ-bechar.dz\/univ\/"},{"@type":"ListItem","position":2,"name":"Secr\u00e9tariat g\u00e9n\u00e9ral"}]},{"@type":"WebSite","@id":"https:\/\/www.univ-bechar.dz\/univ\/#website","url":"https:\/\/www.univ-bechar.dz\/univ\/","name":"univ","description":"UTMB","publisher":{"@id":"https:\/\/www.univ-bechar.dz\/univ\/#organization"},"potentialAction":[{"@type":"SearchAction","target":{"@type":"EntryPoint","urlTemplate":"https:\/\/www.univ-bechar.dz\/univ\/?s={search_term_string}"},"query-input":"required name=search_term_string"}],"inLanguage":"fr-FR"},{"@type":"Organization","@id":"https:\/\/www.univ-bechar.dz\/univ\/#organization","name":"univ","url":"https:\/\/www.univ-bechar.dz\/univ\/","logo":{"@type":"ImageObject","inLanguage":"fr-FR","@id":"https:\/\/www.univ-bechar.dz\/univ\/#\/schema\/logo\/image\/","url":"https:\/\/www.univ-bechar.dz\/univ\/wp-content\/uploads\/2022\/09\/LOGOUNIV.png","contentUrl":"https:\/\/www.univ-bechar.dz\/univ\/wp-content\/uploads\/2022\/09\/LOGOUNIV.png","width":670,"height":962,"caption":"univ"},"image":{"@id":"https:\/\/www.univ-bechar.dz\/univ\/#\/schema\/logo\/image\/"},"sameAs":["http:\/\/www.facebook.com\/univ.bechar"]}]}},"_links":{"self":[{"href":"https:\/\/www.univ-bechar.dz\/univ\/index.php\/wp-json\/wp\/v2\/pages\/20177"}],"collection":[{"href":"https:\/\/www.univ-bechar.dz\/univ\/index.php\/wp-json\/wp\/v2\/pages"}],"about":[{"href":"https:\/\/www.univ-bechar.dz\/univ\/index.php\/wp-json\/wp\/v2\/types\/page"}],"author":[{"embeddable":true,"href":"https:\/\/www.univ-bechar.dz\/univ\/index.php\/wp-json\/wp\/v2\/users\/14"}],"replies":[{"embeddable":true,"href":"https:\/\/www.univ-bechar.dz\/univ\/index.php\/wp-json\/wp\/v2\/comments?post=20177"}],"version-history":[{"count":4,"href":"https:\/\/www.univ-bechar.dz\/univ\/index.php\/wp-json\/wp\/v2\/pages\/20177\/revisions"}],"predecessor-version":[{"id":22158,"href":"https:\/\/www.univ-bechar.dz\/univ\/index.php\/wp-json\/wp\/v2\/pages\/20177\/revisions\/22158"}],"wp:attachment":[{"href":"https:\/\/www.univ-bechar.dz\/univ\/index.php\/wp-json\/wp\/v2\/media?parent=20177"}],"curies":[{"name":"wp","href":"https:\/\/api.w.org\/{rel}","templated":true}]}}