{"id":21213,"date":"2022-12-25T22:45:55","date_gmt":"2022-12-25T21:45:55","guid":{"rendered":"https:\/\/www.univ-bechar.dz\/univ\/?page_id=21213"},"modified":"2023-01-02T00:17:12","modified_gmt":"2023-01-01T23:17:12","slug":"mot-du-doyen-tec","status":"publish","type":"page","link":"https:\/\/www.univ-bechar.dz\/univ\/index.php\/mot-du-doyen-tec\/","title":{"rendered":"Mot du Doyen"},"content":{"rendered":"<p><strong>La facult\u00e9 de Technologie<\/strong> (F.T) d\u00e9nomm\u00e9e anciennement facult\u00e9 des sciences et technologie a \u00e9t\u00e9 cr\u00e9e le quatre Janvier deux mile neuf, elle est le noyau fondateur de l\u2019Universit\u00e9 TAHRI Mohamed \u2013 B\u00e9char. La facult\u00e9 de technologie couvre deux grands domaines de formation \u00e0 savoir le domaine des Sciences et Technologie articul\u00e9 sur trois d\u00e9partements : G\u00e9nie Electrique, G\u00e9nie M\u00e9canique et G\u00e9nie Civil et Hydraulique, le second domaine Architecture urbanisme et m\u00e9tiers de la ville g\u00e9r\u00e9 par le d\u00e9partement d\u2019Architecture.<\/p>\n<p>La F.T compte un potentiel de 200 enseignants dont 80% sont de rang magistral, un effectif de mille huit cents \u00e9tudiants inscrit dans les trois cycles de formation Licence\/Master et Doctorat.<\/p>\n<p>La F.T assure un\u00a0 enseignement de qualit\u00e9 tout en int\u00e9grant dans le processus p\u00e9dagogique des comp\u00e9tences \u00e9troitement li\u00e9es \u00e0 la cr\u00e9ativit\u00e9, l\u2019innovation et le d\u00e9veloppement d\u2019id\u00e9es innovatrices en des projets livrables.<\/p>\n<p>Le volet de recherche occupe une place primordiale dans le processus de d\u00e9veloppement de la facult\u00e9,\u00a0 abritant onze laboratoires de recherche dans les diff\u00e9rentes disciplines (chimie, g\u00e9nie civil, g\u00e9nie m\u00e9canique, \u00e9nergies renouvelables, Architecture), ses laboratoires contribuent \u00e0 la formation doctorale des \u00e9tudiants par la recherche scientifique, des r\u00e9sultats promettant ont \u00e9t\u00e9\u00a0 enregistr\u00e9s et m\u00eame de grandeur internationale comparable. La valorisation des ces travaux de recherche peut \u00eatre t\u00e9moign\u00e9e aussi par la promotion du laboratoire de phyto-chimie en laboratoire d\u2019excellence.<\/p>\n<p>Un d\u00e9veloppement durable et des solutions tangibles \u00e0 des probl\u00e8mes p\u00e9nibles de la citoyennet\u00e9 locale sont nos honorables missions, pour lesquels tous les moyens humaines et mat\u00e9riels seront d\u00e9ploy\u00e9s.<\/p>\n<p><strong>Le Doyen<\/strong><\/p>\n<p><strong>Pr. KADRI Boufeldja<\/strong><\/p>\n<p><img decoding=\"async\" loading=\"lazy\" class=\"alignnone size-full wp-image-21653\" src=\"https:\/\/www.univ-bechar.dz\/univ\/wp-content\/uploads\/2023\/01\/photo_doyen.jpg\" alt=\"\" width=\"3000\" height=\"4000\" \/><\/p>\n<p>&nbsp;<\/p>\n<p>&nbsp;<\/p>\n<p>&nbsp;<\/p>\n","protected":false},"excerpt":{"rendered":"<p>La facult\u00e9 de Technologie (F.T) d\u00e9nomm\u00e9e anciennement facult\u00e9 des sciences et technologie a \u00e9t\u00e9 cr\u00e9e le quatre Janvier deux mile neuf, elle est le noyau fondateur de l\u2019Universit\u00e9 TAHRI Mohamed \u2013 B\u00e9char. La facult\u00e9 de technologie couvre deux grands domaines de formation \u00e0 savoir le domaine des Sciences et Technologie articul\u00e9 sur trois d\u00e9partements : &hellip;<\/p>\n","protected":false},"author":8,"featured_media":0,"parent":0,"menu_order":0,"comment_status":"closed","ping_status":"closed","template":"","meta":[],"yoast_head":"<!-- This site is optimized with the Yoast SEO plugin v20.8 - https:\/\/yoast.com\/wordpress\/plugins\/seo\/ -->\n<title>Mot du Doyen - univ<\/title>\n<meta name=\"robots\" content=\"index, follow, max-snippet:-1, max-image-preview:large, max-video-preview:-1\" \/>\n<link rel=\"canonical\" href=\"https:\/\/www.univ-bechar.dz\/univ\/index.php\/mot-du-doyen-tec\/\" \/>\n<meta property=\"og:locale\" content=\"fr_FR\" \/>\n<meta property=\"og:type\" content=\"article\" \/>\n<meta property=\"og:title\" content=\"Mot du Doyen - univ\" \/>\n<meta property=\"og:description\" content=\"La facult\u00e9 de Technologie (F.T) d\u00e9nomm\u00e9e anciennement facult\u00e9 des sciences et technologie a \u00e9t\u00e9 cr\u00e9e le quatre Janvier deux mile neuf, elle est le noyau fondateur de l\u2019Universit\u00e9 TAHRI Mohamed \u2013 B\u00e9char. La facult\u00e9 de technologie couvre deux grands domaines de formation \u00e0 savoir le domaine des Sciences et Technologie articul\u00e9 sur trois d\u00e9partements : &hellip;\" \/>\n<meta property=\"og:url\" content=\"https:\/\/www.univ-bechar.dz\/univ\/index.php\/mot-du-doyen-tec\/\" \/>\n<meta property=\"og:site_name\" content=\"univ\" \/>\n<meta property=\"article:publisher\" content=\"http:\/\/www.facebook.com\/univ.bechar\" \/>\n<meta property=\"article:modified_time\" content=\"2023-01-01T23:17:12+00:00\" \/>\n<meta property=\"og:image\" content=\"https:\/\/www.univ-bechar.dz\/univ\/wp-content\/uploads\/2023\/01\/photo_doyen.jpg\" \/>\n<meta name=\"twitter:card\" content=\"summary_large_image\" \/>\n<meta name=\"twitter:label1\" content=\"Est. reading time\" \/>\n\t<meta name=\"twitter:data1\" content=\"1 minute\" \/>\n<script type=\"application\/ld+json\" class=\"yoast-schema-graph\">{\"@context\":\"https:\/\/schema.org\",\"@graph\":[{\"@type\":\"WebPage\",\"@id\":\"https:\/\/www.univ-bechar.dz\/univ\/index.php\/mot-du-doyen-tec\/\",\"url\":\"https:\/\/www.univ-bechar.dz\/univ\/index.php\/mot-du-doyen-tec\/\",\"name\":\"Mot du Doyen - univ\",\"isPartOf\":{\"@id\":\"https:\/\/www.univ-bechar.dz\/univ\/#website\"},\"datePublished\":\"2022-12-25T21:45:55+00:00\",\"dateModified\":\"2023-01-01T23:17:12+00:00\",\"breadcrumb\":{\"@id\":\"https:\/\/www.univ-bechar.dz\/univ\/index.php\/mot-du-doyen-tec\/#breadcrumb\"},\"inLanguage\":\"fr-FR\",\"potentialAction\":[{\"@type\":\"ReadAction\",\"target\":[\"https:\/\/www.univ-bechar.dz\/univ\/index.php\/mot-du-doyen-tec\/\"]}]},{\"@type\":\"BreadcrumbList\",\"@id\":\"https:\/\/www.univ-bechar.dz\/univ\/index.php\/mot-du-doyen-tec\/#breadcrumb\",\"itemListElement\":[{\"@type\":\"ListItem\",\"position\":1,\"name\":\"Home\",\"item\":\"https:\/\/www.univ-bechar.dz\/univ\/\"},{\"@type\":\"ListItem\",\"position\":2,\"name\":\"Mot du Doyen\"}]},{\"@type\":\"WebSite\",\"@id\":\"https:\/\/www.univ-bechar.dz\/univ\/#website\",\"url\":\"https:\/\/www.univ-bechar.dz\/univ\/\",\"name\":\"univ\",\"description\":\"UTMB\",\"publisher\":{\"@id\":\"https:\/\/www.univ-bechar.dz\/univ\/#organization\"},\"potentialAction\":[{\"@type\":\"SearchAction\",\"target\":{\"@type\":\"EntryPoint\",\"urlTemplate\":\"https:\/\/www.univ-bechar.dz\/univ\/?s={search_term_string}\"},\"query-input\":\"required name=search_term_string\"}],\"inLanguage\":\"fr-FR\"},{\"@type\":\"Organization\",\"@id\":\"https:\/\/www.univ-bechar.dz\/univ\/#organization\",\"name\":\"univ\",\"url\":\"https:\/\/www.univ-bechar.dz\/univ\/\",\"logo\":{\"@type\":\"ImageObject\",\"inLanguage\":\"fr-FR\",\"@id\":\"https:\/\/www.univ-bechar.dz\/univ\/#\/schema\/logo\/image\/\",\"url\":\"https:\/\/www.univ-bechar.dz\/univ\/wp-content\/uploads\/2022\/09\/LOGOUNIV.png\",\"contentUrl\":\"https:\/\/www.univ-bechar.dz\/univ\/wp-content\/uploads\/2022\/09\/LOGOUNIV.png\",\"width\":670,\"height\":962,\"caption\":\"univ\"},\"image\":{\"@id\":\"https:\/\/www.univ-bechar.dz\/univ\/#\/schema\/logo\/image\/\"},\"sameAs\":[\"http:\/\/www.facebook.com\/univ.bechar\"]}]}<\/script>\n<!-- \/ Yoast SEO plugin. -->","yoast_head_json":{"title":"Mot du Doyen - univ","robots":{"index":"index","follow":"follow","max-snippet":"max-snippet:-1","max-image-preview":"max-image-preview:large","max-video-preview":"max-video-preview:-1"},"canonical":"https:\/\/www.univ-bechar.dz\/univ\/index.php\/mot-du-doyen-tec\/","og_locale":"fr_FR","og_type":"article","og_title":"Mot du Doyen - univ","og_description":"La facult\u00e9 de Technologie (F.T) d\u00e9nomm\u00e9e anciennement facult\u00e9 des sciences et technologie a \u00e9t\u00e9 cr\u00e9e le quatre Janvier deux mile neuf, elle est le noyau fondateur de l\u2019Universit\u00e9 TAHRI Mohamed \u2013 B\u00e9char. La facult\u00e9 de technologie couvre deux grands domaines de formation \u00e0 savoir le domaine des Sciences et Technologie articul\u00e9 sur trois d\u00e9partements : &hellip;","og_url":"https:\/\/www.univ-bechar.dz\/univ\/index.php\/mot-du-doyen-tec\/","og_site_name":"univ","article_publisher":"http:\/\/www.facebook.com\/univ.bechar","article_modified_time":"2023-01-01T23:17:12+00:00","og_image":[{"url":"https:\/\/www.univ-bechar.dz\/univ\/wp-content\/uploads\/2023\/01\/photo_doyen.jpg"}],"twitter_card":"summary_large_image","twitter_misc":{"Est. reading time":"1 minute"},"schema":{"@context":"https:\/\/schema.org","@graph":[{"@type":"WebPage","@id":"https:\/\/www.univ-bechar.dz\/univ\/index.php\/mot-du-doyen-tec\/","url":"https:\/\/www.univ-bechar.dz\/univ\/index.php\/mot-du-doyen-tec\/","name":"Mot du Doyen - univ","isPartOf":{"@id":"https:\/\/www.univ-bechar.dz\/univ\/#website"},"datePublished":"2022-12-25T21:45:55+00:00","dateModified":"2023-01-01T23:17:12+00:00","breadcrumb":{"@id":"https:\/\/www.univ-bechar.dz\/univ\/index.php\/mot-du-doyen-tec\/#breadcrumb"},"inLanguage":"fr-FR","potentialAction":[{"@type":"ReadAction","target":["https:\/\/www.univ-bechar.dz\/univ\/index.php\/mot-du-doyen-tec\/"]}]},{"@type":"BreadcrumbList","@id":"https:\/\/www.univ-bechar.dz\/univ\/index.php\/mot-du-doyen-tec\/#breadcrumb","itemListElement":[{"@type":"ListItem","position":1,"name":"Home","item":"https:\/\/www.univ-bechar.dz\/univ\/"},{"@type":"ListItem","position":2,"name":"Mot du Doyen"}]},{"@type":"WebSite","@id":"https:\/\/www.univ-bechar.dz\/univ\/#website","url":"https:\/\/www.univ-bechar.dz\/univ\/","name":"univ","description":"UTMB","publisher":{"@id":"https:\/\/www.univ-bechar.dz\/univ\/#organization"},"potentialAction":[{"@type":"SearchAction","target":{"@type":"EntryPoint","urlTemplate":"https:\/\/www.univ-bechar.dz\/univ\/?s={search_term_string}"},"query-input":"required name=search_term_string"}],"inLanguage":"fr-FR"},{"@type":"Organization","@id":"https:\/\/www.univ-bechar.dz\/univ\/#organization","name":"univ","url":"https:\/\/www.univ-bechar.dz\/univ\/","logo":{"@type":"ImageObject","inLanguage":"fr-FR","@id":"https:\/\/www.univ-bechar.dz\/univ\/#\/schema\/logo\/image\/","url":"https:\/\/www.univ-bechar.dz\/univ\/wp-content\/uploads\/2022\/09\/LOGOUNIV.png","contentUrl":"https:\/\/www.univ-bechar.dz\/univ\/wp-content\/uploads\/2022\/09\/LOGOUNIV.png","width":670,"height":962,"caption":"univ"},"image":{"@id":"https:\/\/www.univ-bechar.dz\/univ\/#\/schema\/logo\/image\/"},"sameAs":["http:\/\/www.facebook.com\/univ.bechar"]}]}},"_links":{"self":[{"href":"https:\/\/www.univ-bechar.dz\/univ\/index.php\/wp-json\/wp\/v2\/pages\/21213"}],"collection":[{"href":"https:\/\/www.univ-bechar.dz\/univ\/index.php\/wp-json\/wp\/v2\/pages"}],"about":[{"href":"https:\/\/www.univ-bechar.dz\/univ\/index.php\/wp-json\/wp\/v2\/types\/page"}],"author":[{"embeddable":true,"href":"https:\/\/www.univ-bechar.dz\/univ\/index.php\/wp-json\/wp\/v2\/users\/8"}],"replies":[{"embeddable":true,"href":"https:\/\/www.univ-bechar.dz\/univ\/index.php\/wp-json\/wp\/v2\/comments?post=21213"}],"version-history":[{"count":4,"href":"https:\/\/www.univ-bechar.dz\/univ\/index.php\/wp-json\/wp\/v2\/pages\/21213\/revisions"}],"predecessor-version":[{"id":21660,"href":"https:\/\/www.univ-bechar.dz\/univ\/index.php\/wp-json\/wp\/v2\/pages\/21213\/revisions\/21660"}],"wp:attachment":[{"href":"https:\/\/www.univ-bechar.dz\/univ\/index.php\/wp-json\/wp\/v2\/media?parent=21213"}],"curies":[{"name":"wp","href":"https:\/\/api.w.org\/{rel}","templated":true}]}}