{"id":21274,"date":"2022-12-26T21:03:52","date_gmt":"2022-12-26T20:03:52","guid":{"rendered":"https:\/\/www.univ-bechar.dz\/univ\/?page_id=21274"},"modified":"2023-01-06T01:36:07","modified_gmt":"2023-01-06T00:36:07","slug":"deptarch","status":"publish","type":"page","link":"https:\/\/www.univ-bechar.dz\/univ\/index.php\/deptarch\/","title":{"rendered":"D\u00e9partement d&rsquo;Architecture"},"content":{"rendered":"<p><span style=\"font-family: 'times new roman', times, serif;font-size: 28px;color: #ff0000\"><strong>Workshop sur l\u2019art et l\u2019architecture<\/strong><\/span><\/p>\n<p><span style=\"font-family: 'times new roman', times, serif;font-size: 20px\">Dans la suite \u00e9v\u00e9nementielle des travaux scientifiques adossant la formation <\/span><span style=\"font-family: 'times new roman', times, serif;font-size: 20px\">des futurs architectes et urbanistes, l\u2019\u00e9v\u00e8nement p\u00e9dagogique d\u2019\u00e0 pr\u00e9sent, initi\u00e9 par le <\/span><span style=\"font-family: 'times new roman', times, serif;font-size: 20px\">chef de d\u00e9partement Mr Abdelaziz BARKANI et son adjoint Mr Ahmed LAIREDJ a, <\/span><span style=\"font-family: 'times new roman', times, serif;font-size: 20px\">outre l\u2019art du dessin (serti dans la m\u00eame occasion l\u2019ann\u00e9e derni\u00e8re), incorpor\u00e9 la <\/span><span style=\"font-family: 'times new roman', times, serif;font-size: 20px\">peinture et la photographie.<\/span><br \/>\n<span style=\"font-family: 'times new roman', times, serif;font-size: 20px\">Les travaux du workshop sur l\u2019art et l\u2019architecture ont mis\u00e9 sur les objectifs suivants :<\/span><br \/>\n<span style=\"font-family: 'times new roman', times, serif;font-size: 20px\">\uf0b7 Appuyer la pr\u00e9pond\u00e9rance de l\u2019art sous toutes ses facettes, dans la formation<\/span><br \/>\n<span style=\"font-family: 'times new roman', times, serif;font-size: 20px\">des architectes et urbanistes.<\/span><br \/>\n<span style=\"font-family: 'times new roman', times, serif;font-size: 20px\">\uf0b7 Instaurer une formation p\u00e9dagogique compl\u00e9mentaire aux enseignements de <\/span><span style=\"font-family: 'times new roman', times, serif;font-size: 20px\">l\u2019architecture et de l\u2019urbanisme ;<\/span><br \/>\n<span style=\"font-family: 'times new roman', times, serif;font-size: 20px\">\uf0b7 Cr\u00e9er des occasions d\u2019\u00e9change, en r\u00e9ponse \u00e0 la nature de la formation ;<\/span><br \/>\n<span style=\"font-family: 'times new roman', times, serif;font-size: 20px\">\uf0b7 S\u2019informer sur les nouvelles techniques intrins\u00e8ques \u00e0 l\u2019art, l\u2019architecture et <\/span><span style=\"font-family: 'times new roman', times, serif;font-size: 20px\">l\u2019urbanisme ;<\/span><br \/>\n<span style=\"font-family: 'times new roman', times, serif;font-size: 20px\">\uf0b7 B\u00e9n\u00e9ficier des exp\u00e9riences de comp\u00e9tences professionnelles, dont artistes et<\/span><br \/>\n<span style=\"font-family: 'times new roman', times, serif;font-size: 20px\">photographes praticiens.<\/span><br \/>\n<span style=\"font-family: 'times new roman', times, serif;font-size: 20px\">Le workshop s\u2019est \u00e9tal\u00e9 sur trois journ\u00e9es cons\u00e9cutives. Les journ\u00e9es du 15, et <\/span><span style=\"font-family: 'times new roman', times, serif;font-size: 20px\">16 novembre, amorc\u00e9es par des conf\u00e9rences, \u00e9taient d\u00e9di\u00e9es \u00e0 la pratique en ateliers et <\/span><span style=\"font-family: 'times new roman', times, serif;font-size: 20px\">celle du 17 s\u2019est vou\u00e9e \u00e0 une application sur site paysager.<\/span><br \/>\n<span style=\"font-family: 'times new roman', times, serif;font-size: 20px\">Le Programme y aff\u00e9rent, englobe :<\/span><br \/>\n<span style=\"font-family: 'times new roman', times, serif;font-size: 20px\">\uf0a7 Des conf\u00e9rences pl\u00e9ni\u00e8res,<\/span><br \/>\n<span style=\"font-family: 'times new roman', times, serif;font-size: 20px\">\uf0a7 Une exposition de tableaux de peintures et de dessins,<\/span><br \/>\n<span style=\"font-family: 'times new roman', times, serif;font-size: 20px\">\uf0a7 Des enseignements pratiques de dessin et peinture r\u00e9partis sur plusieurs <\/span><span style=\"font-family: 'times new roman', times, serif;font-size: 20px\">ateliers dirig\u00e9s par les professionnels invit\u00e9s accompagn\u00e9s d\u2019enseignants du <\/span><span style=\"font-family: 'times new roman', times, serif;font-size: 20px\">d\u00e9partement,<\/span><br \/>\n<span style=\"font-family: 'times new roman', times, serif;font-size: 20px\">\uf0a7 In fine : la photographie accomplie sur sites favorable, s\u2019agissant de Taghit.<\/span><\/p>\n<hr \/>\n<p><a href=\"https:\/\/www.univ-bechar.dz\/univ\/wp-content\/uploads\/2023\/01\/314896303_189467213588956_3746055668081976962_n.jpg\"><img decoding=\"async\" loading=\"lazy\" class=\"alignnone wp-image-21566 size-full\" src=\"https:\/\/www.univ-bechar.dz\/univ\/wp-content\/uploads\/2023\/01\/314896303_189467213588956_3746055668081976962_n.jpg\" alt=\"\" width=\"2048\" height=\"1536\" \/><\/a> <a href=\"https:\/\/www.univ-bechar.dz\/univ\/wp-content\/uploads\/2023\/01\/314902900_189467303588947_9062885358838884142_n.jpg\"><img decoding=\"async\" loading=\"lazy\" class=\"alignnone wp-image-21567 size-full\" src=\"https:\/\/www.univ-bechar.dz\/univ\/wp-content\/uploads\/2023\/01\/314902900_189467303588947_9062885358838884142_n.jpg\" alt=\"\" width=\"2048\" height=\"1536\" \/><\/a> <a href=\"https:\/\/www.univ-bechar.dz\/univ\/wp-content\/uploads\/2023\/01\/315274178_189462026922808_8706824552191248512_n.jpg\"><img decoding=\"async\" loading=\"lazy\" class=\"alignnone wp-image-21568 size-full\" src=\"https:\/\/www.univ-bechar.dz\/univ\/wp-content\/uploads\/2023\/01\/315274178_189462026922808_8706824552191248512_n.jpg\" alt=\"\" width=\"2048\" height=\"1536\" \/><\/a> <a href=\"https:\/\/www.univ-bechar.dz\/univ\/wp-content\/uploads\/2023\/01\/315409775_189463796922631_3048533396271284323_n.jpg\"><img decoding=\"async\" loading=\"lazy\" class=\"alignnone wp-image-21569 size-full\" src=\"https:\/\/www.univ-bechar.dz\/univ\/wp-content\/uploads\/2023\/01\/315409775_189463796922631_3048533396271284323_n.jpg\" alt=\"\" width=\"2048\" height=\"1153\" \/><\/a> <a href=\"https:\/\/www.univ-bechar.dz\/univ\/wp-content\/uploads\/2023\/01\/315311840_189462240256120_9077640813525631834_n.jpg\"><img decoding=\"async\" loading=\"lazy\" class=\"alignnone wp-image-21570 size-full\" src=\"https:\/\/www.univ-bechar.dz\/univ\/wp-content\/uploads\/2023\/01\/315311840_189462240256120_9077640813525631834_n.jpg\" alt=\"\" width=\"2048\" height=\"1153\" \/><\/a> <a href=\"https:\/\/www.univ-bechar.dz\/univ\/wp-content\/uploads\/2023\/01\/314913804_189467243588953_7835330261679430303_n.jpg\"><img decoding=\"async\" loading=\"lazy\" class=\"alignnone wp-image-21571 size-full\" src=\"https:\/\/www.univ-bechar.dz\/univ\/wp-content\/uploads\/2023\/01\/314913804_189467243588953_7835330261679430303_n.jpg\" alt=\"\" width=\"2048\" height=\"1536\" \/><\/a> <a href=\"https:\/\/www.univ-bechar.dz\/univ\/wp-content\/uploads\/2023\/01\/315163570_189462070256137_3597030249537451366_n.jpg\"><img decoding=\"async\" loading=\"lazy\" class=\"alignnone wp-image-21572 size-full\" src=\"https:\/\/www.univ-bechar.dz\/univ\/wp-content\/uploads\/2023\/01\/315163570_189462070256137_3597030249537451366_n.jpg\" alt=\"\" width=\"2048\" height=\"1536\" \/><\/a> <a href=\"https:\/\/www.univ-bechar.dz\/univ\/wp-content\/uploads\/2023\/01\/315314944_189463936922617_6602460052791657491_n.jpg\"><img decoding=\"async\" loading=\"lazy\" class=\"alignnone wp-image-21573 size-full\" src=\"https:\/\/www.univ-bechar.dz\/univ\/wp-content\/uploads\/2023\/01\/315314944_189463936922617_6602460052791657491_n.jpg\" alt=\"\" width=\"2048\" height=\"1536\" \/><\/a> <a href=\"https:\/\/www.univ-bechar.dz\/univ\/wp-content\/uploads\/2023\/01\/315369299_189462180256126_3711251511819120497_n.jpg\"><img decoding=\"async\" loading=\"lazy\" class=\"alignnone wp-image-21574 size-full\" src=\"https:\/\/www.univ-bechar.dz\/univ\/wp-content\/uploads\/2023\/01\/315369299_189462180256126_3711251511819120497_n.jpg\" alt=\"\" width=\"2048\" height=\"1153\" \/><\/a> <a href=\"https:\/\/www.univ-bechar.dz\/univ\/wp-content\/uploads\/2023\/01\/315427084_189654453570232_1564490546353891742_n.jpg\"><img decoding=\"async\" loading=\"lazy\" class=\"alignnone wp-image-21575 size-full\" src=\"https:\/\/www.univ-bechar.dz\/univ\/wp-content\/uploads\/2023\/01\/315427084_189654453570232_1564490546353891742_n.jpg\" alt=\"\" width=\"2048\" height=\"1153\" \/><\/a> <a href=\"https:\/\/www.univ-bechar.dz\/univ\/wp-content\/uploads\/2023\/01\/315457577_189461766922834_3927933956960384514_n.jpg\"><img decoding=\"async\" loading=\"lazy\" class=\"alignnone wp-image-21576 size-full\" src=\"https:\/\/www.univ-bechar.dz\/univ\/wp-content\/uploads\/2023\/01\/315457577_189461766922834_3927933956960384514_n.jpg\" alt=\"\" width=\"2048\" height=\"1536\" \/><\/a> <a href=\"https:\/\/www.univ-bechar.dz\/univ\/wp-content\/uploads\/2023\/01\/315539349_189655460236798_510234402476541467_n.jpg\"><img decoding=\"async\" loading=\"lazy\" class=\"alignnone wp-image-21577 size-full\" src=\"https:\/\/www.univ-bechar.dz\/univ\/wp-content\/uploads\/2023\/01\/315539349_189655460236798_510234402476541467_n.jpg\" alt=\"\" width=\"2048\" height=\"1251\" \/><\/a> <a href=\"https:\/\/www.univ-bechar.dz\/univ\/wp-content\/uploads\/2023\/01\/315541873_189464040255940_3543499380138081330_n.jpg\"><img decoding=\"async\" loading=\"lazy\" class=\"alignnone wp-image-21578 size-full\" src=\"https:\/\/www.univ-bechar.dz\/univ\/wp-content\/uploads\/2023\/01\/315541873_189464040255940_3543499380138081330_n.jpg\" alt=\"\" width=\"2048\" height=\"1153\" \/><\/a> <a href=\"https:\/\/www.univ-bechar.dz\/univ\/wp-content\/uploads\/2023\/01\/315539331_189461736922837_8573806385888657659_n.jpg\"><img decoding=\"async\" loading=\"lazy\" class=\"alignnone wp-image-21579 size-full\" src=\"https:\/\/www.univ-bechar.dz\/univ\/wp-content\/uploads\/2023\/01\/315539331_189461736922837_8573806385888657659_n.jpg\" alt=\"\" width=\"2048\" height=\"1536\" \/><\/a> <a href=\"https:\/\/www.univ-bechar.dz\/univ\/wp-content\/uploads\/2023\/01\/315550161_189654560236888_7376884595655410047_n.jpg\"><img decoding=\"async\" loading=\"lazy\" class=\"alignnone wp-image-21580 size-full\" src=\"https:\/\/www.univ-bechar.dz\/univ\/wp-content\/uploads\/2023\/01\/315550161_189654560236888_7376884595655410047_n.jpg\" alt=\"\" width=\"2048\" height=\"1153\" \/><\/a> <a href=\"https:\/\/www.univ-bechar.dz\/univ\/wp-content\/uploads\/2023\/01\/315586329_189464076922603_8117216531182248050_n.jpg\"><img decoding=\"async\" loading=\"lazy\" class=\"alignnone wp-image-21581 size-full\" src=\"https:\/\/www.univ-bechar.dz\/univ\/wp-content\/uploads\/2023\/01\/315586329_189464076922603_8117216531182248050_n.jpg\" alt=\"\" width=\"1153\" height=\"2048\" \/><\/a> <a href=\"https:\/\/www.univ-bechar.dz\/univ\/wp-content\/uploads\/2023\/01\/315609887_189463920255952_2117903533244394139_n.jpg\"><img decoding=\"async\" loading=\"lazy\" class=\"alignnone wp-image-21582 size-full\" src=\"https:\/\/www.univ-bechar.dz\/univ\/wp-content\/uploads\/2023\/01\/315609887_189463920255952_2117903533244394139_n.jpg\" alt=\"\" width=\"2048\" height=\"1153\" \/><\/a> <a href=\"https:\/\/www.univ-bechar.dz\/univ\/wp-content\/uploads\/2023\/01\/315609887_189655493570128_2537564165691151425_n.jpg\"><img decoding=\"async\" loading=\"lazy\" class=\"alignnone wp-image-21583 size-full\" src=\"https:\/\/www.univ-bechar.dz\/univ\/wp-content\/uploads\/2023\/01\/315609887_189655493570128_2537564165691151425_n.jpg\" alt=\"\" width=\"2048\" height=\"1153\" \/><\/a> <a href=\"https:\/\/www.univ-bechar.dz\/univ\/wp-content\/uploads\/2023\/01\/315847525_189654140236930_3685600868324743675_n.jpg\"><img decoding=\"async\" loading=\"lazy\" class=\"alignnone wp-image-21584 size-full\" src=\"https:\/\/www.univ-bechar.dz\/univ\/wp-content\/uploads\/2023\/01\/315847525_189654140236930_3685600868324743675_n.jpg\" alt=\"\" width=\"2048\" height=\"1153\" \/><\/a> <a href=\"https:\/\/www.univ-bechar.dz\/univ\/wp-content\/uploads\/2023\/01\/315843503_189655146903496_5274853739861565534_n.jpg\"><img decoding=\"async\" loading=\"lazy\" class=\"alignnone wp-image-21585 size-full\" src=\"https:\/\/www.univ-bechar.dz\/univ\/wp-content\/uploads\/2023\/01\/315843503_189655146903496_5274853739861565534_n.jpg\" alt=\"\" width=\"2048\" height=\"1153\" \/><\/a> <a href=\"https:\/\/www.univ-bechar.dz\/univ\/wp-content\/uploads\/2023\/01\/315831140_189654850236859_2625633855844077984_n.jpg\"><img decoding=\"async\" loading=\"lazy\" class=\"alignnone wp-image-21586 size-full\" src=\"https:\/\/www.univ-bechar.dz\/univ\/wp-content\/uploads\/2023\/01\/315831140_189654850236859_2625633855844077984_n.jpg\" alt=\"\" width=\"2048\" height=\"1153\" \/><\/a> <a href=\"https:\/\/www.univ-bechar.dz\/univ\/wp-content\/uploads\/2023\/01\/315877594_190109850191359_2332573378998389427_n.jpg\"><img decoding=\"async\" loading=\"lazy\" class=\"alignnone wp-image-21587 size-full\" src=\"https:\/\/www.univ-bechar.dz\/univ\/wp-content\/uploads\/2023\/01\/315877594_190109850191359_2332573378998389427_n.jpg\" alt=\"\" width=\"2048\" height=\"1536\" \/><\/a><\/p>\n","protected":false},"excerpt":{"rendered":"<p>Workshop sur l\u2019art et l\u2019architecture Dans la suite \u00e9v\u00e9nementielle des travaux scientifiques adossant la formation des futurs architectes et urbanistes, l\u2019\u00e9v\u00e8nement p\u00e9dagogique d\u2019\u00e0 pr\u00e9sent, initi\u00e9 par le chef de d\u00e9partement Mr Abdelaziz BARKANI et son adjoint Mr Ahmed LAIREDJ a, outre l\u2019art du dessin (serti dans la m\u00eame occasion l\u2019ann\u00e9e derni\u00e8re), incorpor\u00e9 la peinture et &hellip;<\/p>\n","protected":false},"author":8,"featured_media":0,"parent":0,"menu_order":0,"comment_status":"closed","ping_status":"closed","template":"","meta":[],"yoast_head":"<!-- This site is optimized with the Yoast SEO plugin v20.8 - https:\/\/yoast.com\/wordpress\/plugins\/seo\/ -->\n<title>D\u00e9partement d&#039;Architecture - univ<\/title>\n<meta name=\"robots\" content=\"index, follow, max-snippet:-1, max-image-preview:large, max-video-preview:-1\" \/>\n<link rel=\"canonical\" href=\"https:\/\/www.univ-bechar.dz\/univ\/index.php\/deptarch\/\" \/>\n<meta property=\"og:locale\" content=\"fr_FR\" \/>\n<meta property=\"og:type\" content=\"article\" \/>\n<meta property=\"og:title\" content=\"D\u00e9partement d&#039;Architecture - univ\" \/>\n<meta property=\"og:description\" content=\"Workshop sur l\u2019art et l\u2019architecture Dans la suite \u00e9v\u00e9nementielle des travaux scientifiques adossant la formation des futurs architectes et urbanistes, l\u2019\u00e9v\u00e8nement p\u00e9dagogique d\u2019\u00e0 pr\u00e9sent, initi\u00e9 par le chef de d\u00e9partement Mr Abdelaziz BARKANI et son adjoint Mr Ahmed LAIREDJ a, outre l\u2019art du dessin (serti dans la m\u00eame occasion l\u2019ann\u00e9e derni\u00e8re), incorpor\u00e9 la peinture et &hellip;\" \/>\n<meta property=\"og:url\" content=\"https:\/\/www.univ-bechar.dz\/univ\/index.php\/deptarch\/\" \/>\n<meta property=\"og:site_name\" content=\"univ\" \/>\n<meta property=\"article:publisher\" content=\"http:\/\/www.facebook.com\/univ.bechar\" \/>\n<meta property=\"article:modified_time\" content=\"2023-01-06T00:36:07+00:00\" \/>\n<meta property=\"og:image\" content=\"https:\/\/www.univ-bechar.dz\/univ\/wp-content\/uploads\/2023\/01\/314896303_189467213588956_3746055668081976962_n.jpg\" \/>\n<meta name=\"twitter:card\" content=\"summary_large_image\" \/>\n<meta name=\"twitter:label1\" content=\"Est. reading time\" \/>\n\t<meta name=\"twitter:data1\" content=\"1 minute\" \/>\n<script type=\"application\/ld+json\" class=\"yoast-schema-graph\">{\"@context\":\"https:\/\/schema.org\",\"@graph\":[{\"@type\":\"WebPage\",\"@id\":\"https:\/\/www.univ-bechar.dz\/univ\/index.php\/deptarch\/\",\"url\":\"https:\/\/www.univ-bechar.dz\/univ\/index.php\/deptarch\/\",\"name\":\"D\u00e9partement d'Architecture - univ\",\"isPartOf\":{\"@id\":\"https:\/\/www.univ-bechar.dz\/univ\/#website\"},\"datePublished\":\"2022-12-26T20:03:52+00:00\",\"dateModified\":\"2023-01-06T00:36:07+00:00\",\"breadcrumb\":{\"@id\":\"https:\/\/www.univ-bechar.dz\/univ\/index.php\/deptarch\/#breadcrumb\"},\"inLanguage\":\"fr-FR\",\"potentialAction\":[{\"@type\":\"ReadAction\",\"target\":[\"https:\/\/www.univ-bechar.dz\/univ\/index.php\/deptarch\/\"]}]},{\"@type\":\"BreadcrumbList\",\"@id\":\"https:\/\/www.univ-bechar.dz\/univ\/index.php\/deptarch\/#breadcrumb\",\"itemListElement\":[{\"@type\":\"ListItem\",\"position\":1,\"name\":\"Home\",\"item\":\"https:\/\/www.univ-bechar.dz\/univ\/\"},{\"@type\":\"ListItem\",\"position\":2,\"name\":\"D\u00e9partement d&rsquo;Architecture\"}]},{\"@type\":\"WebSite\",\"@id\":\"https:\/\/www.univ-bechar.dz\/univ\/#website\",\"url\":\"https:\/\/www.univ-bechar.dz\/univ\/\",\"name\":\"univ\",\"description\":\"UTMB\",\"publisher\":{\"@id\":\"https:\/\/www.univ-bechar.dz\/univ\/#organization\"},\"potentialAction\":[{\"@type\":\"SearchAction\",\"target\":{\"@type\":\"EntryPoint\",\"urlTemplate\":\"https:\/\/www.univ-bechar.dz\/univ\/?s={search_term_string}\"},\"query-input\":\"required name=search_term_string\"}],\"inLanguage\":\"fr-FR\"},{\"@type\":\"Organization\",\"@id\":\"https:\/\/www.univ-bechar.dz\/univ\/#organization\",\"name\":\"univ\",\"url\":\"https:\/\/www.univ-bechar.dz\/univ\/\",\"logo\":{\"@type\":\"ImageObject\",\"inLanguage\":\"fr-FR\",\"@id\":\"https:\/\/www.univ-bechar.dz\/univ\/#\/schema\/logo\/image\/\",\"url\":\"https:\/\/www.univ-bechar.dz\/univ\/wp-content\/uploads\/2022\/09\/LOGOUNIV.png\",\"contentUrl\":\"https:\/\/www.univ-bechar.dz\/univ\/wp-content\/uploads\/2022\/09\/LOGOUNIV.png\",\"width\":670,\"height\":962,\"caption\":\"univ\"},\"image\":{\"@id\":\"https:\/\/www.univ-bechar.dz\/univ\/#\/schema\/logo\/image\/\"},\"sameAs\":[\"http:\/\/www.facebook.com\/univ.bechar\"]}]}<\/script>\n<!-- \/ Yoast SEO plugin. -->","yoast_head_json":{"title":"D\u00e9partement d'Architecture - univ","robots":{"index":"index","follow":"follow","max-snippet":"max-snippet:-1","max-image-preview":"max-image-preview:large","max-video-preview":"max-video-preview:-1"},"canonical":"https:\/\/www.univ-bechar.dz\/univ\/index.php\/deptarch\/","og_locale":"fr_FR","og_type":"article","og_title":"D\u00e9partement d'Architecture - univ","og_description":"Workshop sur l\u2019art et l\u2019architecture Dans la suite \u00e9v\u00e9nementielle des travaux scientifiques adossant la formation des futurs architectes et urbanistes, l\u2019\u00e9v\u00e8nement p\u00e9dagogique d\u2019\u00e0 pr\u00e9sent, initi\u00e9 par le chef de d\u00e9partement Mr Abdelaziz BARKANI et son adjoint Mr Ahmed LAIREDJ a, outre l\u2019art du dessin (serti dans la m\u00eame occasion l\u2019ann\u00e9e derni\u00e8re), incorpor\u00e9 la peinture et &hellip;","og_url":"https:\/\/www.univ-bechar.dz\/univ\/index.php\/deptarch\/","og_site_name":"univ","article_publisher":"http:\/\/www.facebook.com\/univ.bechar","article_modified_time":"2023-01-06T00:36:07+00:00","og_image":[{"url":"https:\/\/www.univ-bechar.dz\/univ\/wp-content\/uploads\/2023\/01\/314896303_189467213588956_3746055668081976962_n.jpg"}],"twitter_card":"summary_large_image","twitter_misc":{"Est. reading time":"1 minute"},"schema":{"@context":"https:\/\/schema.org","@graph":[{"@type":"WebPage","@id":"https:\/\/www.univ-bechar.dz\/univ\/index.php\/deptarch\/","url":"https:\/\/www.univ-bechar.dz\/univ\/index.php\/deptarch\/","name":"D\u00e9partement d'Architecture - univ","isPartOf":{"@id":"https:\/\/www.univ-bechar.dz\/univ\/#website"},"datePublished":"2022-12-26T20:03:52+00:00","dateModified":"2023-01-06T00:36:07+00:00","breadcrumb":{"@id":"https:\/\/www.univ-bechar.dz\/univ\/index.php\/deptarch\/#breadcrumb"},"inLanguage":"fr-FR","potentialAction":[{"@type":"ReadAction","target":["https:\/\/www.univ-bechar.dz\/univ\/index.php\/deptarch\/"]}]},{"@type":"BreadcrumbList","@id":"https:\/\/www.univ-bechar.dz\/univ\/index.php\/deptarch\/#breadcrumb","itemListElement":[{"@type":"ListItem","position":1,"name":"Home","item":"https:\/\/www.univ-bechar.dz\/univ\/"},{"@type":"ListItem","position":2,"name":"D\u00e9partement d&rsquo;Architecture"}]},{"@type":"WebSite","@id":"https:\/\/www.univ-bechar.dz\/univ\/#website","url":"https:\/\/www.univ-bechar.dz\/univ\/","name":"univ","description":"UTMB","publisher":{"@id":"https:\/\/www.univ-bechar.dz\/univ\/#organization"},"potentialAction":[{"@type":"SearchAction","target":{"@type":"EntryPoint","urlTemplate":"https:\/\/www.univ-bechar.dz\/univ\/?s={search_term_string}"},"query-input":"required name=search_term_string"}],"inLanguage":"fr-FR"},{"@type":"Organization","@id":"https:\/\/www.univ-bechar.dz\/univ\/#organization","name":"univ","url":"https:\/\/www.univ-bechar.dz\/univ\/","logo":{"@type":"ImageObject","inLanguage":"fr-FR","@id":"https:\/\/www.univ-bechar.dz\/univ\/#\/schema\/logo\/image\/","url":"https:\/\/www.univ-bechar.dz\/univ\/wp-content\/uploads\/2022\/09\/LOGOUNIV.png","contentUrl":"https:\/\/www.univ-bechar.dz\/univ\/wp-content\/uploads\/2022\/09\/LOGOUNIV.png","width":670,"height":962,"caption":"univ"},"image":{"@id":"https:\/\/www.univ-bechar.dz\/univ\/#\/schema\/logo\/image\/"},"sameAs":["http:\/\/www.facebook.com\/univ.bechar"]}]}},"_links":{"self":[{"href":"https:\/\/www.univ-bechar.dz\/univ\/index.php\/wp-json\/wp\/v2\/pages\/21274"}],"collection":[{"href":"https:\/\/www.univ-bechar.dz\/univ\/index.php\/wp-json\/wp\/v2\/pages"}],"about":[{"href":"https:\/\/www.univ-bechar.dz\/univ\/index.php\/wp-json\/wp\/v2\/types\/page"}],"author":[{"embeddable":true,"href":"https:\/\/www.univ-bechar.dz\/univ\/index.php\/wp-json\/wp\/v2\/users\/8"}],"replies":[{"embeddable":true,"href":"https:\/\/www.univ-bechar.dz\/univ\/index.php\/wp-json\/wp\/v2\/comments?post=21274"}],"version-history":[{"count":5,"href":"https:\/\/www.univ-bechar.dz\/univ\/index.php\/wp-json\/wp\/v2\/pages\/21274\/revisions"}],"predecessor-version":[{"id":22471,"href":"https:\/\/www.univ-bechar.dz\/univ\/index.php\/wp-json\/wp\/v2\/pages\/21274\/revisions\/22471"}],"wp:attachment":[{"href":"https:\/\/www.univ-bechar.dz\/univ\/index.php\/wp-json\/wp\/v2\/media?parent=21274"}],"curies":[{"name":"wp","href":"https:\/\/api.w.org\/{rel}","templated":true}]}}