{"id":22018,"date":"2023-01-02T23:37:43","date_gmt":"2023-01-02T22:37:43","guid":{"rendered":"https:\/\/www.univ-bechar.dz\/univ\/?page_id=22018"},"modified":"2023-01-02T23:40:47","modified_gmt":"2023-01-02T22:40:47","slug":"textes-legislatifs-et-reglementaires","status":"publish","type":"page","link":"https:\/\/www.univ-bechar.dz\/univ\/index.php\/textes-legislatifs-et-reglementaires\/","title":{"rendered":"Textes L\u00e9gislatifs et R\u00e9glementaires"},"content":{"rendered":"[vc_row][vc_column][vc_tta_accordion][vc_tta_section title=\u00a0\u00bbTextes L\u00e9gislatifs et R\u00e9glementaires\u00a0\u00bb tab_id=\u00a0\u00bb1672697908857-2d572006-634d\u00a0\u00bb][vc_column_text]\n<ul>\n<li><a class=\"text-black\" href=\"https:\/\/www.univ-bechar.dz\/univ\/wp-content\/uploads\/2023\/01\/\u0642\u0631\u0627\u0631-\u0625\u0646\u0634\u0627\u0621-\u0644\u062c\u0646\u0629-\u0645\u0643\u0644\u0641\u0629-\u0628\u062a\u062d\u062f\u064a\u062f-\u0627\u0644\u0625\u0637\u0627\u0631-\u0627\u0644\u0642\u0627\u0646\u0648\u0646\u064a-\u0644\u0643\u064a\u0641\u064a\u0627\u062a-\u0625\u0646\u0634\u0627\u0621-\u0648\u062a\u0646\u0638\u064a\u0645-\u0648\u0633\u064a\u0631-\u0648\u062a\u0642\u064a\u064a\u0645-\u0627\u0644\u0641\u0631\u0648\u0639-\u0627\u0644\u0627\u0642\u062a\u0635\u0627\u062f\u064a\u0629-\u0644\u062f\u0649-\u0645\u0624\u0633\u0633\u0627\u062a-\u0627\u0644\u062a\u0639\u0644\u064a\u0645-\u0627\u0644\u0639\u0627\u0644\u064a.pdf\"><strong>\u0642\u0631\u0627\u0631 \u0625\u0646\u0634\u0627\u0621 \u0644\u062c\u0646\u0629 \u0645\u0643\u0644\u0641\u0629 \u0628\u062a\u062d\u062f\u064a\u062f \u0627\u0644\u0625\u0637\u0627\u0631 \u0627\u0644\u0642\u0627\u0646\u0648\u0646\u064a \u0644\u0643\u064a\u0641\u064a\u0627\u062a \u0625\u0646\u0634\u0627\u0621 \u0648\u062a\u0646\u0638\u064a\u0645 \u0648\u0633\u064a\u0631 \u0648\u062a\u0642\u064a\u064a\u0645 \u0627\u0644\u0641\u0631\u0648\u0639 \u0627\u0644\u0627\u0642\u062a\u0635\u0627\u062f\u064a\u0629 \u0644\u062f\u0649 \u0645\u0624\u0633\u0633\u0627\u062a \u0627\u0644\u062a\u0639\u0644\u064a\u0645 \u0627\u0644\u0639\u0627\u0644\u064a<\/strong><\/a><\/li>\n<li><a class=\"text-black\" href=\"https:\/\/www.univ-bechar.dz\/univ\/wp-content\/uploads\/2023\/01\/\u0642\u0631\u0627\u0631-\u0625\u0646\u0634\u0627\u0621-\u0644\u062c\u0646\u0629-\u0648\u0637\u0646\u064a\u0629-\u062a\u0646\u0633\u064a\u0642\u064a\u0629-\u0644\u0645\u062a\u0627\u0628\u0639\u0629-\u0627\u0644\u0627\u0628\u062a\u0643\u0627\u0631-\u0648\u062d\u0627\u0636\u0646\u0627\u062a-\u0627\u0644\u0623\u0639\u0645\u0627\u0644-\u0627\u0644\u062c\u0627\u0645\u0639\u064a\u0629.pdf\"><strong>\u0642\u0631\u0627\u0631 \u0625\u0646\u0634\u0627\u0621 \u0644\u062c\u0646\u0629 \u0648\u0637\u0646\u064a\u0629 \u062a\u0646\u0633\u064a\u0642\u064a\u0629 \u0644\u0645\u062a\u0627\u0628\u0639\u0629 \u0627\u0644\u0627\u0628\u062a\u0643\u0627\u0631 \u0648\u062d\u0627\u0636\u0646\u0627\u062a \u0627\u0644\u0623\u0639\u0645\u0627\u0644 \u0627\u0644\u062c\u0627\u0645\u0639\u064a\u0629<\/strong><\/a><\/li>\n<li>\u0627\u0644\u0642\u0631\u0627\u0631<a href=\"https:\/\/www.univ-bechar.dz\/univ\/wp-content\/uploads\/2023\/01\/Arrete-n\u00b0-1349-du-04-10-2022_-\u0627\u0644\u0642\u0631\u0627\u0631-\u0627\u0644\u0630\u064a-\u064a\u062d\u062f\u062f-\u0645\u0639\u0627\u064a\u064a\u0631-\u0627\u0644\u0627\u0646\u062a\u0642\u0627\u0644-\u0644\u0644\u0642\u0628\u0648\u0644-\u0641\u064a-\u0628\u0631\u0645\u0627\u0645\u062c-\u0627\u0644\u062d\u0631\u0643\u064a\u0629-\u0642\u0635\u064a\u0631\u0629-\u0627\u0644\u0645\u062f\u0649-\u0641\u064a-\u0627\u0644\u062e\u0627\u0631\u062c.pdf\">\u00a0\u0631\u0642\u0645 1349 \u0627\u0644\u0645\u0624\u0631\u062e \u0641\u064a 04 \u0623\u0643\u062a\u0648\u0628\u0631 2022 \u0627\u0644\u0630\u064a \u064a\u062d\u062f\u062f \u0645\u0639\u0627\u064a\u064a\u0631 \u0627\u0644\u0627\u0646\u062a\u0642\u0627\u0621 \u0644\u0644\u0642\u0628\u0648\u0644 \u0641\u064a \u0627\u0644\u062d\u0631\u0643\u064a\u0629 \u0642\u0635\u064a\u0631\u0629 \u0627\u0644\u0645\u062f\u0649 \u0641\u064a \u0627\u0644\u062e\u0627\u0631\u062c<\/a><\/li>\n<li><a href=\"https:\/\/www.univ-bechar.dz\/univ\/wp-content\/uploads\/2023\/01\/ARRETE-EN-FRANCAIS-1.pdf\" target=\"_blank\" rel=\"noreferrer noopener\">Arr\u00eat\u00e9 fixant les crit\u00e8res de s\u00e9lection d\u2019admissibilit\u00e9 au programme de mobilit\u00e9 de courte dur\u00e9e et de perfectionnement \u00e0 l\u2019\u00e9tranger<\/a><\/li>\n<li><a href=\"https:\/\/www.univ-bechar.dz\/univ\/wp-content\/uploads\/2023\/01\/instruction-2-juin-2017-1.pdf\" target=\"_blank\" rel=\"noreferrer noopener\">Instruction N\u00b002 du 14 juin 2017 relative au perfectionnement \u00e0 l\u2019\u00e9tranger<\/a><\/li>\n<\/ul>\n[\/vc_column_text][\/vc_tta_section][vc_tta_section title=\u00a0\u00bbTextes r\u00e9gissant le perfectionnement \u00e0 l\u2019\u00e9tranger\u00a0\u00bb tab_id=\u00a0\u00bb1672697909121-cb6438e7-a1f5&Prime;][vc_column_text]\n<ul>\n<li><span style=\"font-family: terminal, monaco, monospace;\"><a href=\"http:\/\/www.univ-mosta.dz\/wp-content\/uploads\/2022\/09\/ARRETE-EN-FRANCAIS.pdf\" target=\"_blank\" rel=\"noreferrer noopener\">Arr\u00eat\u00e9 fixant les crit\u00e8res de s\u00e9lection d\u2019admissibilit\u00e9 au programme de mobilit\u00e9 de courte dur\u00e9e et de perfectionnement \u00e0 l\u2019\u00e9tranger<\/a><\/span><\/li>\n<li><span style=\"font-family: terminal, monaco, monospace;\"><a href=\"http:\/\/www.univ-mosta.dz\/wp-content\/uploads\/2018\/09\/D%C3%A9cret-N%C2%B0-14-196.pdf\" target=\"_blank\" rel=\"noreferrer noopener\">D\u00e9cret pr\u00e9sidentiel n\u00b0 14-196 du 8 Ramadhan 1435 correspondant au 6 juillet 2014 portant organisation et gestion de la formation et du perfectionnement \u00e0 l\u2019\u00e9tranger<\/a><\/span><\/li>\n<li><span style=\"font-family: terminal, monaco, monospace;\"><a href=\"http:\/\/www.univ-mosta.dz\/wp-content\/uploads\/2018\/09\/F2011-30-33_Arr%C3%AAt%C3%A9-interminist%C3%A9riel-du-25-d%C3%A9cembre-2011-le-montant-de-lindemnit%C3%A9-convertible.pdf\" target=\"_blank\" rel=\"noreferrer noopener\">Arr\u00eat\u00e9 interminist\u00e9riel du 30 Moharram 1433 correspondant au 25 d\u00e9cembre 2011 modifiant l\u2019arr\u00eat\u00e9 interminist\u00e9riel du 27 Rabie El Aouel 1425 correspondant au 17 mai 2004 d\u00e9terminant le montant de l\u2019indemnit\u00e9 convertible relative \u00e0 la formation et au perfectionnement de dur\u00e9e \u00e9gale ou inf\u00e9rieure \u00e0 six (6) mois effectu\u00e9s \u00e0 l\u2019\u00e9tranger.<\/a><\/span><\/li>\n<li><span style=\"font-family: terminal, monaco, monospace;\"><a href=\"http:\/\/www.univ-mosta.dz\/wp-content\/uploads\/2018\/09\/Arrete_N_327__09_juil_2015_Fr.pdf\" target=\"_blank\" rel=\"noreferrer noopener\">Arr\u00eat\u00e9 N\u00b0327 du 09\/07\/2015 modifiant l\u2019arr\u00eat\u00e9 N\u00b0 2010 du 29\/12\/2014 fixant les crit\u00e8res de s\u00e9lection d\u2019admissibilit\u00e9 au programme de perfectionnement \u00e0 l\u2019\u00e9tranger.<\/a><\/span><\/li>\n<li><span style=\"font-family: terminal, monaco, monospace;\"><a href=\"http:\/\/www.univ-mosta.dz\/wp-content\/uploads\/2018\/09\/Instruction-N%C2%B05-du-01-12-2015-relative-au-perfectionnement-%C3%A0-l%E2%80%99%C3%A9tranger_FR.pdf\" target=\"_blank\" rel=\"noreferrer noopener\">Instruction N\u00b0 05 du 01\/12\/2015 relative au perfectionnement \u00e0 l\u2019\u00e9tranger.<\/a><\/span><\/li>\n<li><span style=\"font-family: terminal, monaco, monospace;\"><a href=\"http:\/\/www.univ-mosta.dz\/wp-content\/uploads\/2018\/09\/instruction-2-juin-2017.pdf\" target=\"_blank\" rel=\"noreferrer noopener\">Instruction n\u00b002 juin 2017 Relative Au Perfectionnement A L\u2019\u00e9tranger<\/a><\/span><\/li>\n<\/ul>\n[\/vc_column_text][\/vc_tta_section][vc_tta_section title=\u00a0\u00bbTextes r\u00e9gissant le programme de formation r\u00e9sidentielle\u00a0\u00bb tab_id=\u00a0\u00bb1672697916608-8bfa37ac-05ac\u00a0\u00bb][vc_column_text]<span style=\"font-family: terminal, monaco, monospace;\"><a href=\"http:\/\/www.univ-mosta.dz\/wp-content\/uploads\/2018\/09\/Arrete_58_formation_residentielle_2018.pdf\" target=\"_blank\" rel=\"noreferrer noopener\">Arr\u00eat\u00e9 N\u00b058 du 24\/01\/2018 Fixant les crit\u00e8res de s\u00e9lection d\u2019admissibilit\u00e9 au programme de formation r\u00e9sidentielle \u00e0 l\u2019\u00e9tranger au titre de l\u2019ann\u00e9e 2018.<br \/>\n<\/a><\/span><\/p>\n<p><span style=\"font-family: terminal, monaco, monospace;\"><a href=\"http:\/\/www.univ-mosta.dz\/wp-content\/uploads\/2018\/09\/ArreteN704_fr-COTUTELLE-univ-bejaia.pdf\" target=\"_blank\" rel=\"noreferrer noopener\">Arr\u00eat\u00e9 n\u00b0 704 du 16\/06\/2016 fixant les proc\u00e9dures et les modalit\u00e9s d\u2019organisation de cotutelle internationale de th\u00e8se de doctorat.<\/a><\/span>[\/vc_column_text][\/vc_tta_section][vc_tta_section title=\u00a0\u00bbTextes r\u00e9gissant les cong\u00e9s scientifiques\u00a0\u00bb tab_id=\u00a0\u00bb1672698056644-ff1673a1-83b1&Prime;][vc_column_text]<span style=\"font-family: terminal, monaco, monospace;\"><a href=\"http:\/\/www.univ-mosta.dz\/wp-content\/uploads\/2018\/09\/arrete-interministeriel.pdf\" target=\"_blank\" rel=\"noreferrer noopener\">Arr\u00eat\u00e9 N\u00b01267 du 23\/12\/2015 Fixant la proportion des enseignants et des chercheurs b\u00e9n\u00e9ficiaires de cong\u00e9 scientifique au titre se l\u2019ann\u00e9e universitaire 2016-2017.<br \/>\n<\/a><\/span><\/p>\n<p><span style=\"font-family: terminal, monaco, monospace;\"><a href=\"http:\/\/www.univ-mosta.dz\/wp-content\/uploads\/2018\/09\/arrete1267_fr.pdf\" target=\"_blank\" rel=\"noreferrer noopener\">Arr\u00eat\u00e9 n\u00b01267 du 23 d\u00e9cembre 2015 fixant la proportion des enseignants et des chercheurs b\u00e9n\u00e9ficiaires de cong\u00e9 scientifique au titre de l\u2019ann\u00e9e universitaire 2016\/2017.<br \/>\n<\/a><\/span><\/p>\n<p><span style=\"font-family: terminal, monaco, monospace;\"><a href=\"http:\/\/www.univ-mosta.dz\/wp-content\/uploads\/2018\/09\/note-n%C2%B0-003-du-03-01-2016.docx\" target=\"_blank\" rel=\"noreferrer noopener\">Note n\u00b0003\/DCEIU du 03-01-2016 relative au cong\u00e9 scientifique- ann\u00e9e sabbatique- au titre de l\u2019ann\u00e9e universitaire 2016-2017.<\/a><\/span>[\/vc_column_text][\/vc_tta_section][\/vc_tta_accordion][\/vc_column][\/vc_row]\n","protected":false},"excerpt":{"rendered":"<p>[vc_row][vc_column][vc_tta_accordion][vc_tta_section title=\u00a0\u00bbTextes L\u00e9gislatifs et R\u00e9glementaires\u00a0\u00bb tab_id=\u00a0\u00bb1672697908857-2d572006-634d\u00a0\u00bb][vc_column_text] \u0642\u0631\u0627\u0631 \u0625\u0646\u0634\u0627\u0621 \u0644\u062c\u0646\u0629 \u0645\u0643\u0644\u0641\u0629 \u0628\u062a\u062d\u062f\u064a\u062f \u0627\u0644\u0625\u0637\u0627\u0631 \u0627\u0644\u0642\u0627\u0646\u0648\u0646\u064a \u0644\u0643\u064a\u0641\u064a\u0627\u062a \u0625\u0646\u0634\u0627\u0621 \u0648\u062a\u0646\u0638\u064a\u0645 \u0648\u0633\u064a\u0631 \u0648\u062a\u0642\u064a\u064a\u0645 \u0627\u0644\u0641\u0631\u0648\u0639 \u0627\u0644\u0627\u0642\u062a\u0635\u0627\u062f\u064a\u0629 \u0644\u062f\u0649 \u0645\u0624\u0633\u0633\u0627\u062a \u0627\u0644\u062a\u0639\u0644\u064a\u0645 \u0627\u0644\u0639\u0627\u0644\u064a \u0642\u0631\u0627\u0631 \u0625\u0646\u0634\u0627\u0621 \u0644\u062c\u0646\u0629 \u0648\u0637\u0646\u064a\u0629 \u062a\u0646\u0633\u064a\u0642\u064a\u0629 \u0644\u0645\u062a\u0627\u0628\u0639\u0629 \u0627\u0644\u0627\u0628\u062a\u0643\u0627\u0631 \u0648\u062d\u0627\u0636\u0646\u0627\u062a \u0627\u0644\u0623\u0639\u0645\u0627\u0644 \u0627\u0644\u062c\u0627\u0645\u0639\u064a\u0629 \u0627\u0644\u0642\u0631\u0627\u0631\u00a0\u0631\u0642\u0645 1349 \u0627\u0644\u0645\u0624\u0631\u062e \u0641\u064a 04 \u0623\u0643\u062a\u0648\u0628\u0631 2022 \u0627\u0644\u0630\u064a \u064a\u062d\u062f\u062f \u0645\u0639\u0627\u064a\u064a\u0631 \u0627\u0644\u0627\u0646\u062a\u0642\u0627\u0621 \u0644\u0644\u0642\u0628\u0648\u0644 \u0641\u064a \u0627\u0644\u062d\u0631\u0643\u064a\u0629 \u0642\u0635\u064a\u0631\u0629 \u0627\u0644\u0645\u062f\u0649 \u0641\u064a \u0627\u0644\u062e\u0627\u0631\u062c Arr\u00eat\u00e9 fixant les &hellip;<\/p>\n","protected":false},"author":19,"featured_media":0,"parent":0,"menu_order":0,"comment_status":"closed","ping_status":"closed","template":"","meta":[],"yoast_head":"<!-- This site is optimized with the Yoast SEO plugin v20.8 - https:\/\/yoast.com\/wordpress\/plugins\/seo\/ -->\n<title>Textes L\u00e9gislatifs et R\u00e9glementaires - univ<\/title>\n<meta name=\"robots\" content=\"index, follow, max-snippet:-1, max-image-preview:large, max-video-preview:-1\" \/>\n<link rel=\"canonical\" href=\"https:\/\/www.univ-bechar.dz\/univ\/index.php\/textes-legislatifs-et-reglementaires\/\" \/>\n<meta property=\"og:locale\" content=\"fr_FR\" \/>\n<meta property=\"og:type\" content=\"article\" \/>\n<meta property=\"og:title\" content=\"Textes L\u00e9gislatifs et R\u00e9glementaires - univ\" \/>\n<meta property=\"og:description\" content=\"[vc_row][vc_column][vc_tta_accordion][vc_tta_section title=\u00a0\u00bbTextes L\u00e9gislatifs et R\u00e9glementaires\u00a0\u00bb tab_id=\u00a0\u00bb1672697908857-2d572006-634d\u00a0\u00bb][vc_column_text] \u0642\u0631\u0627\u0631 \u0625\u0646\u0634\u0627\u0621 \u0644\u062c\u0646\u0629 \u0645\u0643\u0644\u0641\u0629 \u0628\u062a\u062d\u062f\u064a\u062f \u0627\u0644\u0625\u0637\u0627\u0631 \u0627\u0644\u0642\u0627\u0646\u0648\u0646\u064a \u0644\u0643\u064a\u0641\u064a\u0627\u062a \u0625\u0646\u0634\u0627\u0621 \u0648\u062a\u0646\u0638\u064a\u0645 \u0648\u0633\u064a\u0631 \u0648\u062a\u0642\u064a\u064a\u0645 \u0627\u0644\u0641\u0631\u0648\u0639 \u0627\u0644\u0627\u0642\u062a\u0635\u0627\u062f\u064a\u0629 \u0644\u062f\u0649 \u0645\u0624\u0633\u0633\u0627\u062a \u0627\u0644\u062a\u0639\u0644\u064a\u0645 \u0627\u0644\u0639\u0627\u0644\u064a \u0642\u0631\u0627\u0631 \u0625\u0646\u0634\u0627\u0621 \u0644\u062c\u0646\u0629 \u0648\u0637\u0646\u064a\u0629 \u062a\u0646\u0633\u064a\u0642\u064a\u0629 \u0644\u0645\u062a\u0627\u0628\u0639\u0629 \u0627\u0644\u0627\u0628\u062a\u0643\u0627\u0631 \u0648\u062d\u0627\u0636\u0646\u0627\u062a \u0627\u0644\u0623\u0639\u0645\u0627\u0644 \u0627\u0644\u062c\u0627\u0645\u0639\u064a\u0629 \u0627\u0644\u0642\u0631\u0627\u0631\u00a0\u0631\u0642\u0645 1349 \u0627\u0644\u0645\u0624\u0631\u062e \u0641\u064a 04 \u0623\u0643\u062a\u0648\u0628\u0631 2022 \u0627\u0644\u0630\u064a \u064a\u062d\u062f\u062f \u0645\u0639\u0627\u064a\u064a\u0631 \u0627\u0644\u0627\u0646\u062a\u0642\u0627\u0621 \u0644\u0644\u0642\u0628\u0648\u0644 \u0641\u064a \u0627\u0644\u062d\u0631\u0643\u064a\u0629 \u0642\u0635\u064a\u0631\u0629 \u0627\u0644\u0645\u062f\u0649 \u0641\u064a \u0627\u0644\u062e\u0627\u0631\u062c Arr\u00eat\u00e9 fixant les &hellip;\" \/>\n<meta property=\"og:url\" content=\"https:\/\/www.univ-bechar.dz\/univ\/index.php\/textes-legislatifs-et-reglementaires\/\" \/>\n<meta property=\"og:site_name\" content=\"univ\" \/>\n<meta property=\"article:publisher\" content=\"http:\/\/www.facebook.com\/univ.bechar\" \/>\n<meta property=\"article:modified_time\" content=\"2023-01-02T22:40:47+00:00\" \/>\n<meta name=\"twitter:card\" content=\"summary_large_image\" \/>\n<meta name=\"twitter:label1\" content=\"Est. reading time\" \/>\n\t<meta name=\"twitter:data1\" content=\"2 minutes\" \/>\n<script type=\"application\/ld+json\" class=\"yoast-schema-graph\">{\"@context\":\"https:\/\/schema.org\",\"@graph\":[{\"@type\":\"WebPage\",\"@id\":\"https:\/\/www.univ-bechar.dz\/univ\/index.php\/textes-legislatifs-et-reglementaires\/\",\"url\":\"https:\/\/www.univ-bechar.dz\/univ\/index.php\/textes-legislatifs-et-reglementaires\/\",\"name\":\"Textes L\u00e9gislatifs et R\u00e9glementaires - univ\",\"isPartOf\":{\"@id\":\"https:\/\/www.univ-bechar.dz\/univ\/#website\"},\"datePublished\":\"2023-01-02T22:37:43+00:00\",\"dateModified\":\"2023-01-02T22:40:47+00:00\",\"breadcrumb\":{\"@id\":\"https:\/\/www.univ-bechar.dz\/univ\/index.php\/textes-legislatifs-et-reglementaires\/#breadcrumb\"},\"inLanguage\":\"fr-FR\",\"potentialAction\":[{\"@type\":\"ReadAction\",\"target\":[\"https:\/\/www.univ-bechar.dz\/univ\/index.php\/textes-legislatifs-et-reglementaires\/\"]}]},{\"@type\":\"BreadcrumbList\",\"@id\":\"https:\/\/www.univ-bechar.dz\/univ\/index.php\/textes-legislatifs-et-reglementaires\/#breadcrumb\",\"itemListElement\":[{\"@type\":\"ListItem\",\"position\":1,\"name\":\"Home\",\"item\":\"https:\/\/www.univ-bechar.dz\/univ\/\"},{\"@type\":\"ListItem\",\"position\":2,\"name\":\"Textes L\u00e9gislatifs et R\u00e9glementaires\"}]},{\"@type\":\"WebSite\",\"@id\":\"https:\/\/www.univ-bechar.dz\/univ\/#website\",\"url\":\"https:\/\/www.univ-bechar.dz\/univ\/\",\"name\":\"univ\",\"description\":\"UTMB\",\"publisher\":{\"@id\":\"https:\/\/www.univ-bechar.dz\/univ\/#organization\"},\"potentialAction\":[{\"@type\":\"SearchAction\",\"target\":{\"@type\":\"EntryPoint\",\"urlTemplate\":\"https:\/\/www.univ-bechar.dz\/univ\/?s={search_term_string}\"},\"query-input\":\"required name=search_term_string\"}],\"inLanguage\":\"fr-FR\"},{\"@type\":\"Organization\",\"@id\":\"https:\/\/www.univ-bechar.dz\/univ\/#organization\",\"name\":\"univ\",\"url\":\"https:\/\/www.univ-bechar.dz\/univ\/\",\"logo\":{\"@type\":\"ImageObject\",\"inLanguage\":\"fr-FR\",\"@id\":\"https:\/\/www.univ-bechar.dz\/univ\/#\/schema\/logo\/image\/\",\"url\":\"https:\/\/www.univ-bechar.dz\/univ\/wp-content\/uploads\/2022\/09\/LOGOUNIV.png\",\"contentUrl\":\"https:\/\/www.univ-bechar.dz\/univ\/wp-content\/uploads\/2022\/09\/LOGOUNIV.png\",\"width\":670,\"height\":962,\"caption\":\"univ\"},\"image\":{\"@id\":\"https:\/\/www.univ-bechar.dz\/univ\/#\/schema\/logo\/image\/\"},\"sameAs\":[\"http:\/\/www.facebook.com\/univ.bechar\"]}]}<\/script>\n<!-- \/ Yoast SEO plugin. -->","yoast_head_json":{"title":"Textes L\u00e9gislatifs et R\u00e9glementaires - univ","robots":{"index":"index","follow":"follow","max-snippet":"max-snippet:-1","max-image-preview":"max-image-preview:large","max-video-preview":"max-video-preview:-1"},"canonical":"https:\/\/www.univ-bechar.dz\/univ\/index.php\/textes-legislatifs-et-reglementaires\/","og_locale":"fr_FR","og_type":"article","og_title":"Textes L\u00e9gislatifs et R\u00e9glementaires - univ","og_description":"[vc_row][vc_column][vc_tta_accordion][vc_tta_section title=\u00a0\u00bbTextes L\u00e9gislatifs et R\u00e9glementaires\u00a0\u00bb tab_id=\u00a0\u00bb1672697908857-2d572006-634d\u00a0\u00bb][vc_column_text] \u0642\u0631\u0627\u0631 \u0625\u0646\u0634\u0627\u0621 \u0644\u062c\u0646\u0629 \u0645\u0643\u0644\u0641\u0629 \u0628\u062a\u062d\u062f\u064a\u062f \u0627\u0644\u0625\u0637\u0627\u0631 \u0627\u0644\u0642\u0627\u0646\u0648\u0646\u064a \u0644\u0643\u064a\u0641\u064a\u0627\u062a \u0625\u0646\u0634\u0627\u0621 \u0648\u062a\u0646\u0638\u064a\u0645 \u0648\u0633\u064a\u0631 \u0648\u062a\u0642\u064a\u064a\u0645 \u0627\u0644\u0641\u0631\u0648\u0639 \u0627\u0644\u0627\u0642\u062a\u0635\u0627\u062f\u064a\u0629 \u0644\u062f\u0649 \u0645\u0624\u0633\u0633\u0627\u062a \u0627\u0644\u062a\u0639\u0644\u064a\u0645 \u0627\u0644\u0639\u0627\u0644\u064a \u0642\u0631\u0627\u0631 \u0625\u0646\u0634\u0627\u0621 \u0644\u062c\u0646\u0629 \u0648\u0637\u0646\u064a\u0629 \u062a\u0646\u0633\u064a\u0642\u064a\u0629 \u0644\u0645\u062a\u0627\u0628\u0639\u0629 \u0627\u0644\u0627\u0628\u062a\u0643\u0627\u0631 \u0648\u062d\u0627\u0636\u0646\u0627\u062a \u0627\u0644\u0623\u0639\u0645\u0627\u0644 \u0627\u0644\u062c\u0627\u0645\u0639\u064a\u0629 \u0627\u0644\u0642\u0631\u0627\u0631\u00a0\u0631\u0642\u0645 1349 \u0627\u0644\u0645\u0624\u0631\u062e \u0641\u064a 04 \u0623\u0643\u062a\u0648\u0628\u0631 2022 \u0627\u0644\u0630\u064a \u064a\u062d\u062f\u062f \u0645\u0639\u0627\u064a\u064a\u0631 \u0627\u0644\u0627\u0646\u062a\u0642\u0627\u0621 \u0644\u0644\u0642\u0628\u0648\u0644 \u0641\u064a \u0627\u0644\u062d\u0631\u0643\u064a\u0629 \u0642\u0635\u064a\u0631\u0629 \u0627\u0644\u0645\u062f\u0649 \u0641\u064a \u0627\u0644\u062e\u0627\u0631\u062c Arr\u00eat\u00e9 fixant les &hellip;","og_url":"https:\/\/www.univ-bechar.dz\/univ\/index.php\/textes-legislatifs-et-reglementaires\/","og_site_name":"univ","article_publisher":"http:\/\/www.facebook.com\/univ.bechar","article_modified_time":"2023-01-02T22:40:47+00:00","twitter_card":"summary_large_image","twitter_misc":{"Est. reading time":"2 minutes"},"schema":{"@context":"https:\/\/schema.org","@graph":[{"@type":"WebPage","@id":"https:\/\/www.univ-bechar.dz\/univ\/index.php\/textes-legislatifs-et-reglementaires\/","url":"https:\/\/www.univ-bechar.dz\/univ\/index.php\/textes-legislatifs-et-reglementaires\/","name":"Textes L\u00e9gislatifs et R\u00e9glementaires - univ","isPartOf":{"@id":"https:\/\/www.univ-bechar.dz\/univ\/#website"},"datePublished":"2023-01-02T22:37:43+00:00","dateModified":"2023-01-02T22:40:47+00:00","breadcrumb":{"@id":"https:\/\/www.univ-bechar.dz\/univ\/index.php\/textes-legislatifs-et-reglementaires\/#breadcrumb"},"inLanguage":"fr-FR","potentialAction":[{"@type":"ReadAction","target":["https:\/\/www.univ-bechar.dz\/univ\/index.php\/textes-legislatifs-et-reglementaires\/"]}]},{"@type":"BreadcrumbList","@id":"https:\/\/www.univ-bechar.dz\/univ\/index.php\/textes-legislatifs-et-reglementaires\/#breadcrumb","itemListElement":[{"@type":"ListItem","position":1,"name":"Home","item":"https:\/\/www.univ-bechar.dz\/univ\/"},{"@type":"ListItem","position":2,"name":"Textes L\u00e9gislatifs et R\u00e9glementaires"}]},{"@type":"WebSite","@id":"https:\/\/www.univ-bechar.dz\/univ\/#website","url":"https:\/\/www.univ-bechar.dz\/univ\/","name":"univ","description":"UTMB","publisher":{"@id":"https:\/\/www.univ-bechar.dz\/univ\/#organization"},"potentialAction":[{"@type":"SearchAction","target":{"@type":"EntryPoint","urlTemplate":"https:\/\/www.univ-bechar.dz\/univ\/?s={search_term_string}"},"query-input":"required name=search_term_string"}],"inLanguage":"fr-FR"},{"@type":"Organization","@id":"https:\/\/www.univ-bechar.dz\/univ\/#organization","name":"univ","url":"https:\/\/www.univ-bechar.dz\/univ\/","logo":{"@type":"ImageObject","inLanguage":"fr-FR","@id":"https:\/\/www.univ-bechar.dz\/univ\/#\/schema\/logo\/image\/","url":"https:\/\/www.univ-bechar.dz\/univ\/wp-content\/uploads\/2022\/09\/LOGOUNIV.png","contentUrl":"https:\/\/www.univ-bechar.dz\/univ\/wp-content\/uploads\/2022\/09\/LOGOUNIV.png","width":670,"height":962,"caption":"univ"},"image":{"@id":"https:\/\/www.univ-bechar.dz\/univ\/#\/schema\/logo\/image\/"},"sameAs":["http:\/\/www.facebook.com\/univ.bechar"]}]}},"_links":{"self":[{"href":"https:\/\/www.univ-bechar.dz\/univ\/index.php\/wp-json\/wp\/v2\/pages\/22018"}],"collection":[{"href":"https:\/\/www.univ-bechar.dz\/univ\/index.php\/wp-json\/wp\/v2\/pages"}],"about":[{"href":"https:\/\/www.univ-bechar.dz\/univ\/index.php\/wp-json\/wp\/v2\/types\/page"}],"author":[{"embeddable":true,"href":"https:\/\/www.univ-bechar.dz\/univ\/index.php\/wp-json\/wp\/v2\/users\/19"}],"replies":[{"embeddable":true,"href":"https:\/\/www.univ-bechar.dz\/univ\/index.php\/wp-json\/wp\/v2\/comments?post=22018"}],"version-history":[{"count":1,"href":"https:\/\/www.univ-bechar.dz\/univ\/index.php\/wp-json\/wp\/v2\/pages\/22018\/revisions"}],"predecessor-version":[{"id":22026,"href":"https:\/\/www.univ-bechar.dz\/univ\/index.php\/wp-json\/wp\/v2\/pages\/22018\/revisions\/22026"}],"wp:attachment":[{"href":"https:\/\/www.univ-bechar.dz\/univ\/index.php\/wp-json\/wp\/v2\/media?parent=22018"}],"curies":[{"name":"wp","href":"https:\/\/api.w.org\/{rel}","templated":true}]}}