{"id":22030,"date":"2023-01-02T23:43:46","date_gmt":"2023-01-02T22:43:46","guid":{"rendered":"https:\/\/www.univ-bechar.dz\/univ\/?page_id=22030"},"modified":"2023-01-03T00:11:52","modified_gmt":"2023-01-02T23:11:52","slug":"secretariat-general-4","status":"publish","type":"page","link":"https:\/\/www.univ-bechar.dz\/univ\/index.php\/secretariat-general-4\/","title":{"rendered":"Secr\u00e9tariat G\u00e9n\u00e9ral"},"content":{"rendered":"[vc_row][vc_column width=\u00a0\u00bb2\/3&Prime;][vc_column_text]\n<header class=\"entry-header-outer\">\n<div class=\"entry-header\">\n<h1 class=\"post-title entry-title\">Secr\u00e9tariat G\u00e9n\u00e9ral<\/h1>\n<\/div>\n<\/header>\n<div class=\"entry-content entry clearfix\">\n<p>Le secr\u00e9tariat g\u00e9n\u00e9ral de l\u2019universit\u00e9 est plac\u00e9 sous la responsabilit\u00e9 d\u2019un secr\u00e9taire g\u00e9n\u00e9ral qui est charg\u00e9 du fonctionnement et de la gestion administrative et financi\u00e8re des structures plac\u00e9es sous son autorit\u00e9 et des services administratifs et techniques communs.<\/p>\n<p>La structure du secr\u00e9tariat g\u00e9n\u00e9ral de l\u2019Universit\u00e9 est un organe qui assure le bon fonctionnement des services de l\u2019administration g\u00e9n\u00e9rale de l\u2019Universit\u00e9. Le secr\u00e9tariat g\u00e9n\u00e9ral de l\u2019Universit\u00e9 comprend quatre (04) sous directions, deux (02) bureaux de services et trois (03) services communs.<\/p>\n<h2>Sous directions<\/h2>\n<ul class=\"bs-shortcode-list list-style-check\">\n<li>Sous direction des personnels et de la formation.<\/li>\n<li>Sous direction des finances et de la comptabilit\u00e9.<\/li>\n<li>Sous direction des moyens et de la maintenance.<\/li>\n<li>Sous direction des activit\u00e9s scientifiques, culturelles et sportives.<\/li>\n<\/ul>\n<h2>Bureaux de services<\/h2>\n<ul>\n<li>Bureau d\u2019ordre g\u00e9n\u00e9ral.<\/li>\n<li>Bureau de s\u00e9curit\u00e9 interne<\/li>\n<\/ul>\n<h2>Services communs<\/h2>\n<ul class=\"bs-shortcode-list list-style-check\">\n<li>Centre d\u2019Enseignement Intensif des Langues<\/li>\n<li>Centre d\u2019impression et l\u2019audio-visuel<\/li>\n<li>Centre des r\u00e9seaux et syst\u00e8mes d\u2019information et de la communication, de t\u00e9l\u00e9enseignement et d\u2019enseignement \u00e0 distance<\/li>\n<\/ul>\n<h2>Missions<\/h2>\n<p class=\"western\" align=\"justify\">Conform\u00e9ment aux dispositions de d\u00e9cret ex\u00e9cutif\u00a0<a href=\"https:\/\/www.univ-bechar.dz\/univ\/wp-content\/uploads\/2023\/01\/organisation-et-fonctionnement-de-lUniversite.pdf\" target=\"_blank\" rel=\"noopener noreferrer\">n\u00b003-279 du 23 ao\u00fbt 2003<\/a>\u00a0fixant les missions et les r\u00e8gles particuli\u00e8res d\u2019organisation et de fonctionnement de l\u2019Universit\u00e9\u00a0 confirm\u00e9 par l\u2019arr\u00eat\u00e9 interminist\u00e9riel du 24 aout 2004 fixant l\u2019organisation administrative du Rectorat de la facult\u00e9, de l\u2019Institut et de l\u2019annexe universitaire et ses services communs.<\/p>\n<p class=\"western\" align=\"justify\">Les missions du secr\u00e9taire g\u00e9n\u00e9ral de l\u2019universit\u00e9 sont \u00e9largies \u00e0 l\u2019ensemble des activit\u00e9s strat\u00e9giques de gestion de l\u2019administration g\u00e9n\u00e9rale, \u00e0 savoir la pr\u00e9paration des plans de gestion, l\u2019\u00e9tablissement des diff\u00e9rentes d\u00e9cisions, les programmes de la s\u00e9curit\u00e9 interne, la planification et la pr\u00e9vision des projets des budgets de l\u2019universit\u00e9, ainsi que le r\u00f4le d\u2019animation et la coordination de l\u2019ensemble des sous- directions sous son autorit\u00e9 et le pilotage des actions innovantes d\u2019am\u00e9lioration et de modernisation de la gestion.<\/p>\n<ul class=\"bs-shortcode-list list-style-check\">\n<li class=\"western\">R\u00e9parer le projet de budget de l\u2019universit\u00e9 et d\u2019en suivre l\u2019ex\u00e9cution\u00a0;<\/li>\n<li>\n<p class=\"western\">Assurer le suivi du financement\u00a0 des activit\u00e9s des laboratoires et unit\u00e9s de recherche\u00a0;<\/p>\n<\/li>\n<li>\n<p class=\"western\">\u00a0Veiller au bon fonctionnement des services communs de l\u2019universit\u00e9\u00a0;<\/p>\n<\/li>\n<li>\n<p class=\"western\">Mettre en \u0153uvre les programmes d\u2019activit\u00e9s culturelles et sportives de l\u2019universit\u00e9 et de les promouvoir\u00a0;<\/p>\n<\/li>\n<li>\n<p class=\"western\">Assurer la gestion et la conservation des archives et de la documentation du rectorat.<\/p>\n<\/li>\n<\/ul>\n<p class=\"western\" align=\"justify\">Le secr\u00e9taire g\u00e9n\u00e9ral est charg\u00e9 de la r\u00e9alisation de trois projets essentiels pour assurer la gestion des personnels et le fonctionnement. du patrimoine de\u00a0l\u2019Universit\u00e9:<\/p>\n<ul>\n<li>Plan Annuel De Gestion Des Ressources Humaines\u00a0;<\/li>\n<li>Projet de budget\u00a0;<\/li>\n<li>L\u2019Op\u00e9ration de l\u2019Inventaire G\u00e9n\u00e9ral. de l\u2019Universit\u00e9.<\/li>\n<\/ul>\n<\/div>\n[\/vc_column_text][\/vc_column][vc_column width=\u00a0\u00bb1\/3&Prime;][vc_single_image][\/vc_column][\/vc_row]\n","protected":false},"excerpt":{"rendered":"<p>[vc_row][vc_column width=\u00a0\u00bb2\/3&Prime;][vc_column_text] Secr\u00e9tariat G\u00e9n\u00e9ral Le secr\u00e9tariat g\u00e9n\u00e9ral de l\u2019universit\u00e9 est plac\u00e9 sous la responsabilit\u00e9 d\u2019un secr\u00e9taire g\u00e9n\u00e9ral qui est charg\u00e9 du fonctionnement et de la gestion administrative et financi\u00e8re des structures plac\u00e9es sous son autorit\u00e9 et des services administratifs et techniques communs. La structure du secr\u00e9tariat g\u00e9n\u00e9ral de l\u2019Universit\u00e9 est un organe qui assure le &hellip;<\/p>\n","protected":false},"author":19,"featured_media":0,"parent":0,"menu_order":0,"comment_status":"closed","ping_status":"closed","template":"","meta":[],"yoast_head":"<!-- This site is optimized with the Yoast SEO plugin v20.8 - https:\/\/yoast.com\/wordpress\/plugins\/seo\/ -->\n<title>Secr\u00e9tariat G\u00e9n\u00e9ral - univ<\/title>\n<meta name=\"robots\" content=\"index, follow, max-snippet:-1, max-image-preview:large, max-video-preview:-1\" \/>\n<link rel=\"canonical\" href=\"https:\/\/www.univ-bechar.dz\/univ\/index.php\/secretariat-general-4\/\" \/>\n<meta property=\"og:locale\" content=\"fr_FR\" \/>\n<meta property=\"og:type\" content=\"article\" \/>\n<meta property=\"og:title\" content=\"Secr\u00e9tariat G\u00e9n\u00e9ral - univ\" \/>\n<meta property=\"og:description\" content=\"[vc_row][vc_column width=\u00a0\u00bb2\/3&Prime;][vc_column_text] Secr\u00e9tariat G\u00e9n\u00e9ral Le secr\u00e9tariat g\u00e9n\u00e9ral de l\u2019universit\u00e9 est plac\u00e9 sous la responsabilit\u00e9 d\u2019un secr\u00e9taire g\u00e9n\u00e9ral qui est charg\u00e9 du fonctionnement et de la gestion administrative et financi\u00e8re des structures plac\u00e9es sous son autorit\u00e9 et des services administratifs et techniques communs. La structure du secr\u00e9tariat g\u00e9n\u00e9ral de l\u2019Universit\u00e9 est un organe qui assure le &hellip;\" \/>\n<meta property=\"og:url\" content=\"https:\/\/www.univ-bechar.dz\/univ\/index.php\/secretariat-general-4\/\" \/>\n<meta property=\"og:site_name\" content=\"univ\" \/>\n<meta property=\"article:publisher\" content=\"http:\/\/www.facebook.com\/univ.bechar\" \/>\n<meta property=\"article:modified_time\" content=\"2023-01-02T23:11:52+00:00\" \/>\n<meta name=\"twitter:card\" content=\"summary_large_image\" \/>\n<meta name=\"twitter:label1\" content=\"Est. reading time\" \/>\n\t<meta name=\"twitter:data1\" content=\"2 minutes\" \/>\n<script type=\"application\/ld+json\" class=\"yoast-schema-graph\">{\"@context\":\"https:\/\/schema.org\",\"@graph\":[{\"@type\":\"WebPage\",\"@id\":\"https:\/\/www.univ-bechar.dz\/univ\/index.php\/secretariat-general-4\/\",\"url\":\"https:\/\/www.univ-bechar.dz\/univ\/index.php\/secretariat-general-4\/\",\"name\":\"Secr\u00e9tariat G\u00e9n\u00e9ral - univ\",\"isPartOf\":{\"@id\":\"https:\/\/www.univ-bechar.dz\/univ\/#website\"},\"datePublished\":\"2023-01-02T22:43:46+00:00\",\"dateModified\":\"2023-01-02T23:11:52+00:00\",\"breadcrumb\":{\"@id\":\"https:\/\/www.univ-bechar.dz\/univ\/index.php\/secretariat-general-4\/#breadcrumb\"},\"inLanguage\":\"fr-FR\",\"potentialAction\":[{\"@type\":\"ReadAction\",\"target\":[\"https:\/\/www.univ-bechar.dz\/univ\/index.php\/secretariat-general-4\/\"]}]},{\"@type\":\"BreadcrumbList\",\"@id\":\"https:\/\/www.univ-bechar.dz\/univ\/index.php\/secretariat-general-4\/#breadcrumb\",\"itemListElement\":[{\"@type\":\"ListItem\",\"position\":1,\"name\":\"Home\",\"item\":\"https:\/\/www.univ-bechar.dz\/univ\/\"},{\"@type\":\"ListItem\",\"position\":2,\"name\":\"Secr\u00e9tariat G\u00e9n\u00e9ral\"}]},{\"@type\":\"WebSite\",\"@id\":\"https:\/\/www.univ-bechar.dz\/univ\/#website\",\"url\":\"https:\/\/www.univ-bechar.dz\/univ\/\",\"name\":\"univ\",\"description\":\"UTMB\",\"publisher\":{\"@id\":\"https:\/\/www.univ-bechar.dz\/univ\/#organization\"},\"potentialAction\":[{\"@type\":\"SearchAction\",\"target\":{\"@type\":\"EntryPoint\",\"urlTemplate\":\"https:\/\/www.univ-bechar.dz\/univ\/?s={search_term_string}\"},\"query-input\":\"required name=search_term_string\"}],\"inLanguage\":\"fr-FR\"},{\"@type\":\"Organization\",\"@id\":\"https:\/\/www.univ-bechar.dz\/univ\/#organization\",\"name\":\"univ\",\"url\":\"https:\/\/www.univ-bechar.dz\/univ\/\",\"logo\":{\"@type\":\"ImageObject\",\"inLanguage\":\"fr-FR\",\"@id\":\"https:\/\/www.univ-bechar.dz\/univ\/#\/schema\/logo\/image\/\",\"url\":\"https:\/\/www.univ-bechar.dz\/univ\/wp-content\/uploads\/2022\/09\/LOGOUNIV.png\",\"contentUrl\":\"https:\/\/www.univ-bechar.dz\/univ\/wp-content\/uploads\/2022\/09\/LOGOUNIV.png\",\"width\":670,\"height\":962,\"caption\":\"univ\"},\"image\":{\"@id\":\"https:\/\/www.univ-bechar.dz\/univ\/#\/schema\/logo\/image\/\"},\"sameAs\":[\"http:\/\/www.facebook.com\/univ.bechar\"]}]}<\/script>\n<!-- \/ Yoast SEO plugin. -->","yoast_head_json":{"title":"Secr\u00e9tariat G\u00e9n\u00e9ral - univ","robots":{"index":"index","follow":"follow","max-snippet":"max-snippet:-1","max-image-preview":"max-image-preview:large","max-video-preview":"max-video-preview:-1"},"canonical":"https:\/\/www.univ-bechar.dz\/univ\/index.php\/secretariat-general-4\/","og_locale":"fr_FR","og_type":"article","og_title":"Secr\u00e9tariat G\u00e9n\u00e9ral - univ","og_description":"[vc_row][vc_column width=\u00a0\u00bb2\/3&Prime;][vc_column_text] Secr\u00e9tariat G\u00e9n\u00e9ral Le secr\u00e9tariat g\u00e9n\u00e9ral de l\u2019universit\u00e9 est plac\u00e9 sous la responsabilit\u00e9 d\u2019un secr\u00e9taire g\u00e9n\u00e9ral qui est charg\u00e9 du fonctionnement et de la gestion administrative et financi\u00e8re des structures plac\u00e9es sous son autorit\u00e9 et des services administratifs et techniques communs. La structure du secr\u00e9tariat g\u00e9n\u00e9ral de l\u2019Universit\u00e9 est un organe qui assure le &hellip;","og_url":"https:\/\/www.univ-bechar.dz\/univ\/index.php\/secretariat-general-4\/","og_site_name":"univ","article_publisher":"http:\/\/www.facebook.com\/univ.bechar","article_modified_time":"2023-01-02T23:11:52+00:00","twitter_card":"summary_large_image","twitter_misc":{"Est. reading time":"2 minutes"},"schema":{"@context":"https:\/\/schema.org","@graph":[{"@type":"WebPage","@id":"https:\/\/www.univ-bechar.dz\/univ\/index.php\/secretariat-general-4\/","url":"https:\/\/www.univ-bechar.dz\/univ\/index.php\/secretariat-general-4\/","name":"Secr\u00e9tariat G\u00e9n\u00e9ral - univ","isPartOf":{"@id":"https:\/\/www.univ-bechar.dz\/univ\/#website"},"datePublished":"2023-01-02T22:43:46+00:00","dateModified":"2023-01-02T23:11:52+00:00","breadcrumb":{"@id":"https:\/\/www.univ-bechar.dz\/univ\/index.php\/secretariat-general-4\/#breadcrumb"},"inLanguage":"fr-FR","potentialAction":[{"@type":"ReadAction","target":["https:\/\/www.univ-bechar.dz\/univ\/index.php\/secretariat-general-4\/"]}]},{"@type":"BreadcrumbList","@id":"https:\/\/www.univ-bechar.dz\/univ\/index.php\/secretariat-general-4\/#breadcrumb","itemListElement":[{"@type":"ListItem","position":1,"name":"Home","item":"https:\/\/www.univ-bechar.dz\/univ\/"},{"@type":"ListItem","position":2,"name":"Secr\u00e9tariat G\u00e9n\u00e9ral"}]},{"@type":"WebSite","@id":"https:\/\/www.univ-bechar.dz\/univ\/#website","url":"https:\/\/www.univ-bechar.dz\/univ\/","name":"univ","description":"UTMB","publisher":{"@id":"https:\/\/www.univ-bechar.dz\/univ\/#organization"},"potentialAction":[{"@type":"SearchAction","target":{"@type":"EntryPoint","urlTemplate":"https:\/\/www.univ-bechar.dz\/univ\/?s={search_term_string}"},"query-input":"required name=search_term_string"}],"inLanguage":"fr-FR"},{"@type":"Organization","@id":"https:\/\/www.univ-bechar.dz\/univ\/#organization","name":"univ","url":"https:\/\/www.univ-bechar.dz\/univ\/","logo":{"@type":"ImageObject","inLanguage":"fr-FR","@id":"https:\/\/www.univ-bechar.dz\/univ\/#\/schema\/logo\/image\/","url":"https:\/\/www.univ-bechar.dz\/univ\/wp-content\/uploads\/2022\/09\/LOGOUNIV.png","contentUrl":"https:\/\/www.univ-bechar.dz\/univ\/wp-content\/uploads\/2022\/09\/LOGOUNIV.png","width":670,"height":962,"caption":"univ"},"image":{"@id":"https:\/\/www.univ-bechar.dz\/univ\/#\/schema\/logo\/image\/"},"sameAs":["http:\/\/www.facebook.com\/univ.bechar"]}]}},"_links":{"self":[{"href":"https:\/\/www.univ-bechar.dz\/univ\/index.php\/wp-json\/wp\/v2\/pages\/22030"}],"collection":[{"href":"https:\/\/www.univ-bechar.dz\/univ\/index.php\/wp-json\/wp\/v2\/pages"}],"about":[{"href":"https:\/\/www.univ-bechar.dz\/univ\/index.php\/wp-json\/wp\/v2\/types\/page"}],"author":[{"embeddable":true,"href":"https:\/\/www.univ-bechar.dz\/univ\/index.php\/wp-json\/wp\/v2\/users\/19"}],"replies":[{"embeddable":true,"href":"https:\/\/www.univ-bechar.dz\/univ\/index.php\/wp-json\/wp\/v2\/comments?post=22030"}],"version-history":[{"count":3,"href":"https:\/\/www.univ-bechar.dz\/univ\/index.php\/wp-json\/wp\/v2\/pages\/22030\/revisions"}],"predecessor-version":[{"id":22047,"href":"https:\/\/www.univ-bechar.dz\/univ\/index.php\/wp-json\/wp\/v2\/pages\/22030\/revisions\/22047"}],"wp:attachment":[{"href":"https:\/\/www.univ-bechar.dz\/univ\/index.php\/wp-json\/wp\/v2\/media?parent=22030"}],"curies":[{"name":"wp","href":"https:\/\/api.w.org\/{rel}","templated":true}]}}