{"id":22039,"date":"2023-01-03T00:06:32","date_gmt":"2023-01-02T23:06:32","guid":{"rendered":"https:\/\/www.univ-bechar.dz\/univ\/?page_id=22039"},"modified":"2023-01-03T00:06:32","modified_gmt":"2023-01-02T23:06:32","slug":"assurance-qaulite","status":"publish","type":"page","link":"https:\/\/www.univ-bechar.dz\/univ\/index.php\/assurance-qaulite\/","title":{"rendered":"Assurance Qaulit\u00e9"},"content":{"rendered":"<header class=\"entry-header-outer\">\n<div class=\"entry-header\">\n<p><strong>Cellule Assurance Qaulit\u00e9<\/strong><\/p>\n<p><strong>L\u2019UTMB dans le contexte mondial contemporain<\/strong><\/p>\n<p>Pleinement engag\u00e9e dans un processus d\u2019\u00e9volution, l\u2019universit\u00e9 TAHRI MOHAMMED -BECHAR f\u00eate ses quarante dans un contexte mondial de r\u00e9forme de l\u2019enseignement sup\u00e9rieur d\u00e9cr\u00e9t\u00e9 par plusieurs organisations internationales visant \u00e0 faire de l\u2019enseignement sup\u00e9rieur un espace commun de la connaissance, facteur du d\u00e9veloppement social et culturel en conf\u00e9rant au citoyens les comp\u00e9tences n\u00e9cessaires pour r\u00e9pondre aux d\u00e9fis du nouveau mill\u00e9naire, et renfor\u00e7ant le sens des valeurs partag\u00e9es et d\u2019appartenance \u00e0 un espace social commun \u00e0 l\u2019instar du processus de Bologne qui a instaur\u00e9 une comp\u00e9titivit\u00e9 entre les universit\u00e9s pour une meilleure attractivit\u00e9 en relevant le d\u00e9fis de la qualit\u00e9 et \u00e9rigeant divers r\u00e9f\u00e9rentiel d\u2019Assurance Qualit\u00e9 dans l\u2019univers de l\u2019enseignement sup\u00e9rieur.<\/p>\n<p><strong>L\u2019Assurance Qualit\u00e9, c\u2019est quoi ?<\/strong><\/p>\n<p>D\u2019apr\u00e8s la norme ISO 8402-94, l\u2019assurance qualit\u00e9 c\u2019est un ensemble d\u2019activit\u00e9s pr\u00e9\u00e9tablies et syst\u00e9matiques mises en \u0153uvre dans le cadre du syst\u00e8me qualit\u00e9, et d\u00e9montr\u00e9es en tant que de besoin, pour donner la confiance appropri\u00e9e en ce qu\u2019une entit\u00e9 satisfera aux exigences pour la qualit\u00e9.<\/p>\n<p><strong>L\u2019assurance qualit\u00e9 \u00e0 l\u2019UTMB<\/strong><\/p>\n<p>Depuis la premi\u00e8re volont\u00e9 politique exprim\u00e9e en 2008 pour instaurer le processus d\u2019assurance qualit\u00e9 dans les universit\u00e9s alg\u00e9riennes, et la cr\u00e9ation de la CIAQES (Commission pour l\u2019Impl\u00e9mentation de l\u2019Assurance Qualit\u00e9 dans l\u2019Enseignement Sup\u00e9rieur, Arr\u00eat\u00e9 n\u00b0167 du 31 Mai 2010), l\u2019UTMB s\u2019est inscrite dans la d\u00e9marche et a accompagn\u00e9 toutes les \u00e9tapes de son impl\u00e9mentation \u00e0 travers diff\u00e9rentes sessions de formation et r\u00e9unions de sensibilisation et d\u2019information autour du r\u00e9f\u00e9rentiel qualit\u00e9 \u00e0 adopter, et \u00e9galement en \u00e9laborant les documents et questionnaires n\u00e9cessaires pour la collecte d\u2019informations pr\u00e9alable \u00e0 toute action d\u2019\u00e9valuation. .<\/p>\n<p>L\u2019engagement du rectorat de l\u2019UTMB s\u2019est concr\u00e9tis\u00e9 \u00e0 travers la d\u00e9signation des membres des diff\u00e9rentes Cellules d\u2019Assurance Qualit\u00e9 (CAQ) depuis 2012. Les coll\u00e8gues et responsables qui se sont succ\u00e9d\u00e9s ont chacun apport\u00e9 son empreinte au service qui s\u2019est ouvert \u00e0 l\u2019international en 2015 \u00e0 travers un engagement volontaire d\u2019\u00e9valuer pour \u00e9voluer en partenariat avec l\u2019AUF en r\u00e9alisant une op\u00e9ration d\u2019auto-\u00e9valuation en 2016 selon le r\u00e9f\u00e9rentiel Aquimed, donnant lieu \u00e0 un rapport d\u2019auto-\u00e9valuation transmis \u00e0 l\u2019AUF \u00e0 la base duquel des experts \u00e9trangers ont \u00e9t\u00e9 d\u00e9sign\u00e9s pour une \u00e9valuation externe conclue par un rapport tr\u00e8s satisfaisant.<\/p>\n<p>Dans un contexte compl\u00e9mentaire, deux op\u00e9rations d\u2019\u00e9valuation selon le R\u00e9f\u00e9rentiel National d\u2019Assurance Qualit\u00e9 dans l\u2019Enseignement sup\u00e9rieur (RNAQES) ont \u00e9t\u00e9 aussi parfaites successivement durant les ann\u00e9es 2016 et 2017 \u00e0 la demande du MESRS.<\/p>\n<p>Les rapports \u00e9tablis \u00e0 la lumi\u00e8re de ces deux op\u00e9rations ont permis de faire une synth\u00e8se tr\u00e8s pragmatique de la r\u00e9alit\u00e9 de l\u2019enseignement sup\u00e9rieur \u00e0 l\u2019UTMB qui pr\u00e9sente une multitude d\u2019\u00e9l\u00e9ments positifs refl\u00e9tant les efforts in\u00e9puisables de la direction, de l\u2019administration, des enseignants et des \u00e9tudiants pour hisser l\u2019UTMB au rang des meilleures universit\u00e9s alg\u00e9riennes. M\u00eame si d\u2019autres \u00e9l\u00e9ments n\u00e9gatifs se manifestent et n\u00e9cessitent un travail cibl\u00e9 de tous les acteurs de l\u2019UTMB pour les corriger et en faire des forces suppl\u00e9mentaires.<\/p>\n<p><strong>Pr\u00e9sentation de la Cellule Assurance Qualit\u00e9<\/strong><\/p>\n<p>La Cellule Assurance Qualit\u00e9 (CAQ) est un organe affili\u00e9 au rectorat. Elle est chapot\u00e9e par un Responsable assurance Qualit\u00e9 (RAQ) et est constitu\u00e9e par des coll\u00e8gues \u00ab\u00a0Coordinateurs Assurance Qualit\u00e9\u00a0\u00bb au nombre de 10, repr\u00e9sentant chaque facult\u00e9 et institut constituant l\u2019UTMB, d\u00e9sign\u00e9s par d\u00e9cision du recteur de l\u2019UTMB. Les coll\u00e8gues coordinateurs chapotent au niveau de leur institution une cellule de base constitu\u00e9e d\u2019enseignants, d\u2019administratifs et d\u2019\u00e9tudiants.<\/p>\n<p><strong>Missions de la Cellule Assurance Qualit\u00e9<\/strong><\/p>\n<p>La CAQ est le noyau des missions d\u2019animation du processus Qualit\u00e9. Elle est charg\u00e9e de piloter les actions visant \u00e0 am\u00e9liorer ce processus selon le R\u00e9f\u00e9rentiel National d\u2019Assurance Qualit\u00e9 dans l\u2019Enseignement Sup\u00e9rieur (RNAQES) qui couvre les domaines suivant\u00a0: P\u00e9dagogie, Recherche, Coop\u00e9ration internationale, Gouvernance, Infrastructures, Vie \u00e0 l\u2019universit\u00e9 et Relation avec le secteur Socio-\u00e9conomique.<\/p>\n<p>En r\u00e9unissant tous les moyens pour assurer son bon fonctionnement, et favorisant toute initiative de perfectionnement des \u00e9valuations, la CAQ a aussi la charge de piloter les actions d\u2019\u00e9valuation men\u00e9es \u00e0 l\u2019UTMB, \u00e0 travers l\u2019\u00e9laboration des questionnaires d\u2019auto-\u00e9valuation, la collecte d\u2019informations n\u00e9cessaires et utiles \u00e0 cet effet, l\u2019\u00e9mission des interpr\u00e9tations \u00e9manant de l\u2019analyse SWOT \u00e9l\u00e9ment de base pour la r\u00e9daction du rapport de l\u2019auto-\u00e9valuation, transmis au Recteur de l\u2019UTMB. Le rapport d\u2019auto\u00e9valuation, une fois valid\u00e9, peut constituer la r\u00e9f\u00e9rence aux actions \u00e0 mener pour s les actions correctives afin de p\u00e9renniser la qualit\u00e9 \u00e0 l\u2019UTMB.<\/p>\n<p><strong>Composition de la Cellule Assurance Qualit\u00e9<\/strong><\/p>\n<p>&nbsp;<\/p>\n<\/div>\n<\/header>\n","protected":false},"excerpt":{"rendered":"<p>Cellule Assurance Qaulit\u00e9 L\u2019UTMB dans le contexte mondial contemporain Pleinement engag\u00e9e dans un processus d\u2019\u00e9volution, l\u2019universit\u00e9 TAHRI MOHAMMED -BECHAR f\u00eate ses quarante dans un contexte mondial de r\u00e9forme de l\u2019enseignement sup\u00e9rieur d\u00e9cr\u00e9t\u00e9 par plusieurs organisations internationales visant \u00e0 faire de l\u2019enseignement sup\u00e9rieur un espace commun de la connaissance, facteur du d\u00e9veloppement social et culturel en &hellip;<\/p>\n","protected":false},"author":19,"featured_media":0,"parent":0,"menu_order":0,"comment_status":"closed","ping_status":"closed","template":"","meta":[],"yoast_head":"<!-- This site is optimized with the Yoast SEO plugin v20.8 - https:\/\/yoast.com\/wordpress\/plugins\/seo\/ -->\n<title>Assurance Qaulit\u00e9 - univ<\/title>\n<meta name=\"robots\" content=\"index, follow, max-snippet:-1, max-image-preview:large, max-video-preview:-1\" \/>\n<link rel=\"canonical\" href=\"https:\/\/www.univ-bechar.dz\/univ\/index.php\/assurance-qaulite\/\" \/>\n<meta property=\"og:locale\" content=\"fr_FR\" \/>\n<meta property=\"og:type\" content=\"article\" \/>\n<meta property=\"og:title\" content=\"Assurance Qaulit\u00e9 - univ\" \/>\n<meta property=\"og:description\" content=\"Cellule Assurance Qaulit\u00e9 L\u2019UTMB dans le contexte mondial contemporain Pleinement engag\u00e9e dans un processus d\u2019\u00e9volution, l\u2019universit\u00e9 TAHRI MOHAMMED -BECHAR f\u00eate ses quarante dans un contexte mondial de r\u00e9forme de l\u2019enseignement sup\u00e9rieur d\u00e9cr\u00e9t\u00e9 par plusieurs organisations internationales visant \u00e0 faire de l\u2019enseignement sup\u00e9rieur un espace commun de la connaissance, facteur du d\u00e9veloppement social et culturel en &hellip;\" \/>\n<meta property=\"og:url\" content=\"https:\/\/www.univ-bechar.dz\/univ\/index.php\/assurance-qaulite\/\" \/>\n<meta property=\"og:site_name\" content=\"univ\" \/>\n<meta property=\"article:publisher\" content=\"http:\/\/www.facebook.com\/univ.bechar\" \/>\n<meta name=\"twitter:card\" content=\"summary_large_image\" \/>\n<meta name=\"twitter:label1\" content=\"Est. reading time\" \/>\n\t<meta name=\"twitter:data1\" content=\"4 minutes\" \/>\n<script type=\"application\/ld+json\" class=\"yoast-schema-graph\">{\"@context\":\"https:\/\/schema.org\",\"@graph\":[{\"@type\":\"WebPage\",\"@id\":\"https:\/\/www.univ-bechar.dz\/univ\/index.php\/assurance-qaulite\/\",\"url\":\"https:\/\/www.univ-bechar.dz\/univ\/index.php\/assurance-qaulite\/\",\"name\":\"Assurance Qaulit\u00e9 - univ\",\"isPartOf\":{\"@id\":\"https:\/\/www.univ-bechar.dz\/univ\/#website\"},\"datePublished\":\"2023-01-02T23:06:32+00:00\",\"dateModified\":\"2023-01-02T23:06:32+00:00\",\"breadcrumb\":{\"@id\":\"https:\/\/www.univ-bechar.dz\/univ\/index.php\/assurance-qaulite\/#breadcrumb\"},\"inLanguage\":\"fr-FR\",\"potentialAction\":[{\"@type\":\"ReadAction\",\"target\":[\"https:\/\/www.univ-bechar.dz\/univ\/index.php\/assurance-qaulite\/\"]}]},{\"@type\":\"BreadcrumbList\",\"@id\":\"https:\/\/www.univ-bechar.dz\/univ\/index.php\/assurance-qaulite\/#breadcrumb\",\"itemListElement\":[{\"@type\":\"ListItem\",\"position\":1,\"name\":\"Home\",\"item\":\"https:\/\/www.univ-bechar.dz\/univ\/\"},{\"@type\":\"ListItem\",\"position\":2,\"name\":\"Assurance Qaulit\u00e9\"}]},{\"@type\":\"WebSite\",\"@id\":\"https:\/\/www.univ-bechar.dz\/univ\/#website\",\"url\":\"https:\/\/www.univ-bechar.dz\/univ\/\",\"name\":\"univ\",\"description\":\"UTMB\",\"publisher\":{\"@id\":\"https:\/\/www.univ-bechar.dz\/univ\/#organization\"},\"potentialAction\":[{\"@type\":\"SearchAction\",\"target\":{\"@type\":\"EntryPoint\",\"urlTemplate\":\"https:\/\/www.univ-bechar.dz\/univ\/?s={search_term_string}\"},\"query-input\":\"required name=search_term_string\"}],\"inLanguage\":\"fr-FR\"},{\"@type\":\"Organization\",\"@id\":\"https:\/\/www.univ-bechar.dz\/univ\/#organization\",\"name\":\"univ\",\"url\":\"https:\/\/www.univ-bechar.dz\/univ\/\",\"logo\":{\"@type\":\"ImageObject\",\"inLanguage\":\"fr-FR\",\"@id\":\"https:\/\/www.univ-bechar.dz\/univ\/#\/schema\/logo\/image\/\",\"url\":\"https:\/\/www.univ-bechar.dz\/univ\/wp-content\/uploads\/2022\/09\/LOGOUNIV.png\",\"contentUrl\":\"https:\/\/www.univ-bechar.dz\/univ\/wp-content\/uploads\/2022\/09\/LOGOUNIV.png\",\"width\":670,\"height\":962,\"caption\":\"univ\"},\"image\":{\"@id\":\"https:\/\/www.univ-bechar.dz\/univ\/#\/schema\/logo\/image\/\"},\"sameAs\":[\"http:\/\/www.facebook.com\/univ.bechar\"]}]}<\/script>\n<!-- \/ Yoast SEO plugin. -->","yoast_head_json":{"title":"Assurance Qaulit\u00e9 - univ","robots":{"index":"index","follow":"follow","max-snippet":"max-snippet:-1","max-image-preview":"max-image-preview:large","max-video-preview":"max-video-preview:-1"},"canonical":"https:\/\/www.univ-bechar.dz\/univ\/index.php\/assurance-qaulite\/","og_locale":"fr_FR","og_type":"article","og_title":"Assurance Qaulit\u00e9 - univ","og_description":"Cellule Assurance Qaulit\u00e9 L\u2019UTMB dans le contexte mondial contemporain Pleinement engag\u00e9e dans un processus d\u2019\u00e9volution, l\u2019universit\u00e9 TAHRI MOHAMMED -BECHAR f\u00eate ses quarante dans un contexte mondial de r\u00e9forme de l\u2019enseignement sup\u00e9rieur d\u00e9cr\u00e9t\u00e9 par plusieurs organisations internationales visant \u00e0 faire de l\u2019enseignement sup\u00e9rieur un espace commun de la connaissance, facteur du d\u00e9veloppement social et culturel en &hellip;","og_url":"https:\/\/www.univ-bechar.dz\/univ\/index.php\/assurance-qaulite\/","og_site_name":"univ","article_publisher":"http:\/\/www.facebook.com\/univ.bechar","twitter_card":"summary_large_image","twitter_misc":{"Est. reading time":"4 minutes"},"schema":{"@context":"https:\/\/schema.org","@graph":[{"@type":"WebPage","@id":"https:\/\/www.univ-bechar.dz\/univ\/index.php\/assurance-qaulite\/","url":"https:\/\/www.univ-bechar.dz\/univ\/index.php\/assurance-qaulite\/","name":"Assurance Qaulit\u00e9 - univ","isPartOf":{"@id":"https:\/\/www.univ-bechar.dz\/univ\/#website"},"datePublished":"2023-01-02T23:06:32+00:00","dateModified":"2023-01-02T23:06:32+00:00","breadcrumb":{"@id":"https:\/\/www.univ-bechar.dz\/univ\/index.php\/assurance-qaulite\/#breadcrumb"},"inLanguage":"fr-FR","potentialAction":[{"@type":"ReadAction","target":["https:\/\/www.univ-bechar.dz\/univ\/index.php\/assurance-qaulite\/"]}]},{"@type":"BreadcrumbList","@id":"https:\/\/www.univ-bechar.dz\/univ\/index.php\/assurance-qaulite\/#breadcrumb","itemListElement":[{"@type":"ListItem","position":1,"name":"Home","item":"https:\/\/www.univ-bechar.dz\/univ\/"},{"@type":"ListItem","position":2,"name":"Assurance Qaulit\u00e9"}]},{"@type":"WebSite","@id":"https:\/\/www.univ-bechar.dz\/univ\/#website","url":"https:\/\/www.univ-bechar.dz\/univ\/","name":"univ","description":"UTMB","publisher":{"@id":"https:\/\/www.univ-bechar.dz\/univ\/#organization"},"potentialAction":[{"@type":"SearchAction","target":{"@type":"EntryPoint","urlTemplate":"https:\/\/www.univ-bechar.dz\/univ\/?s={search_term_string}"},"query-input":"required name=search_term_string"}],"inLanguage":"fr-FR"},{"@type":"Organization","@id":"https:\/\/www.univ-bechar.dz\/univ\/#organization","name":"univ","url":"https:\/\/www.univ-bechar.dz\/univ\/","logo":{"@type":"ImageObject","inLanguage":"fr-FR","@id":"https:\/\/www.univ-bechar.dz\/univ\/#\/schema\/logo\/image\/","url":"https:\/\/www.univ-bechar.dz\/univ\/wp-content\/uploads\/2022\/09\/LOGOUNIV.png","contentUrl":"https:\/\/www.univ-bechar.dz\/univ\/wp-content\/uploads\/2022\/09\/LOGOUNIV.png","width":670,"height":962,"caption":"univ"},"image":{"@id":"https:\/\/www.univ-bechar.dz\/univ\/#\/schema\/logo\/image\/"},"sameAs":["http:\/\/www.facebook.com\/univ.bechar"]}]}},"_links":{"self":[{"href":"https:\/\/www.univ-bechar.dz\/univ\/index.php\/wp-json\/wp\/v2\/pages\/22039"}],"collection":[{"href":"https:\/\/www.univ-bechar.dz\/univ\/index.php\/wp-json\/wp\/v2\/pages"}],"about":[{"href":"https:\/\/www.univ-bechar.dz\/univ\/index.php\/wp-json\/wp\/v2\/types\/page"}],"author":[{"embeddable":true,"href":"https:\/\/www.univ-bechar.dz\/univ\/index.php\/wp-json\/wp\/v2\/users\/19"}],"replies":[{"embeddable":true,"href":"https:\/\/www.univ-bechar.dz\/univ\/index.php\/wp-json\/wp\/v2\/comments?post=22039"}],"version-history":[{"count":1,"href":"https:\/\/www.univ-bechar.dz\/univ\/index.php\/wp-json\/wp\/v2\/pages\/22039\/revisions"}],"predecessor-version":[{"id":22042,"href":"https:\/\/www.univ-bechar.dz\/univ\/index.php\/wp-json\/wp\/v2\/pages\/22039\/revisions\/22042"}],"wp:attachment":[{"href":"https:\/\/www.univ-bechar.dz\/univ\/index.php\/wp-json\/wp\/v2\/media?parent=22039"}],"curies":[{"name":"wp","href":"https:\/\/api.w.org\/{rel}","templated":true}]}}