{"id":22395,"date":"2023-01-03T23:51:39","date_gmt":"2023-01-03T22:51:39","guid":{"rendered":"https:\/\/www.univ-bechar.dz\/univ\/?page_id=22395"},"modified":"2023-01-04T00:20:32","modified_gmt":"2023-01-03T23:20:32","slug":"responsables-pedagogiquesgm","status":"publish","type":"page","link":"https:\/\/www.univ-bechar.dz\/univ\/index.php\/responsables-pedagogiquesgm\/","title":{"rendered":"Responsables P\u00e9dagogiques"},"content":{"rendered":"<p><span style=\"font-family: 'times new roman', times, serif;font-size: 24px\">\u00a0 \u00a0 \u00a0 \u00a0 \u00a0Une fois au D\u00e9partement, l\u2019\u00e9tudiant est pris en charge par des \u00e9quipes p\u00e9dagogiques et de formations compos\u00e9es d\u2019enseignants sp\u00e9cialis\u00e9s et exp\u00e9riment\u00e9s, d\u2019ing\u00e9nieurs de labos et de techniciens.<\/span><br \/>\n<span style=\"font-family: 'times new roman', times, serif;font-size: 24px\">Ces responsables p\u00e9dagogiques sont nomm\u00e9s comme suit :<\/span><\/p>\n<p><span style=\"font-family: 'times new roman', times, serif;font-size: 24px\">D<sup>r<\/sup> <strong><span style=\"color: #ff0000\">B. AMIEUR<\/span><\/strong>, Responsable de fili\u00e8re G\u00e9nie M\u00e9canique<\/span><br \/>\n<span style=\"font-family: 'times new roman', times, serif;font-size: 24px\">Email : <a href=\"mailto:amieur.belkacem@univ-bechar.dz\" target=\"_blank\" rel=\"noopener\"><span style=\"text-decoration: underline\"><span style=\"color: #0000ff;text-decoration: underline\">amieur.belkacem@univ-bechar.dz<\/span><\/span><\/a><\/span><\/p>\n<p><span style=\"font-family: 'times new roman', times, serif;font-size: 24px\">D<sup>r<\/sup> <strong><span style=\"color: #ff0000\">M. BELKHEIRA<\/span><\/strong>, Responsable de fili\u00e8re G\u00e9nie des proc\u00e8des.<\/span><br \/>\n<span style=\"font-family: 'times new roman', times, serif;font-size: 24px\">Email : <a href=\"mailto:belkheir.amokhtaria@univ-bechar.dz\" target=\"_blank\" rel=\"noopener\"><span style=\"text-decoration: underline\"><span style=\"color: #0000ff;text-decoration: underline\">belkheir.amokhtaria@univ-bechar.dz<\/span><\/span><\/a><\/span><\/p>\n<p><span style=\"font-family: 'times new roman', times, serif;font-size: 24px\">D<sup>r<\/sup> <strong><span style=\"color: #ff0000\">A. CHAOUFI<\/span><\/strong>, Responsable de sp\u00e9cialit\u00e9 Master Construction M\u00e9canique.<\/span><br \/>\n<span style=\"font-family: 'times new roman', times, serif;font-size: 24px\">Email : <a href=\"mailto:chaoufi.ali@univ-bechar.dz\" target=\"_blank\" rel=\"noopener\"><span style=\"text-decoration: underline\"><span style=\"color: #0000ff;text-decoration: underline\">chaoufi.ali@univ-bechar.dz<\/span><\/span><\/a><\/span><\/p>\n<p><span style=\"font-family: 'times new roman', times, serif;font-size: 24px\">D<sup>r<\/sup> <strong><span style=\"color: #ff0000\">B. MEBARKI<\/span><\/strong>, Responsable de sp\u00e9cialit\u00e9 Master Energ\u00e9tique<\/span><br \/>\n<span style=\"font-family: 'times new roman', times, serif;font-size: 24px\">Email : <a href=\"mailto:brahim.mebarki@univ-bechar.dz\" target=\"_blank\" rel=\"noopener\"><span style=\"text-decoration: underline\"><span style=\"color: #0000ff;text-decoration: underline\">brahim.mebarki@univ-bechar.dz<\/span><\/span><\/a><\/span><\/p>\n<p><span style=\"font-family: 'times new roman', times, serif;font-size: 24px\">D<sup>r<\/sup> <strong><span style=\"color: #ff0000\">A. SAAD<\/span><\/strong>, Responsable de sp\u00e9cialit\u00e9 Master G\u00e9nie Pharmaceutique.<\/span><br \/>\n<span style=\"font-family: 'times new roman', times, serif;font-size: 24px\">Email : <a href=\"mailto:saad.amel@univ-bechar.dz\" target=\"_blank\" rel=\"noopener\"><span style=\"text-decoration: underline\"><span style=\"color: #0000ff;text-decoration: underline\">saad.amel@univ-bechar.dz<\/span><\/span><\/a><\/span><\/p>\n<p><span style=\"font-family: 'times new roman', times, serif;font-size: 24px\">D<sup>r<\/sup> <span style=\"color: #ff0000\"><strong>H. DERFOUF<\/strong><\/span>, Responsable de sp\u00e9cialit\u00e9 Master G\u00e9nie de l\u2019environnement.<\/span><br \/>\n<span style=\"font-family: 'times new roman', times, serif;font-size: 24px\">Email : <a href=\"mailto:derfouf.houaria@univ-bechar.dz\" target=\"_blank\" rel=\"noopener\"><span style=\"text-decoration: underline;color: #0000ff\">derfouf.houaria@univ-bechar.dz<\/span><\/a><\/span><\/p>\n<p><span style=\"font-family: 'times new roman', times, serif;font-size: 24px\">D<sup>r<\/sup> <span style=\"color: #ff0000\"><strong>A. SAHLI<\/strong><\/span>, Responsable de sp\u00e9cialit\u00e9 Licence Energ\u00e9tique.<\/span><br \/>\n<span style=\"font-family: 'times new roman', times, serif;font-size: 24px\">Email : <a href=\"mailto:sahli.abdelkrim@univ-bechar.dz\" target=\"_blank\" rel=\"noopener\"><span style=\"text-decoration: underline;color: #0000ff\">sahli.abdelkrim@univ-bechar.dz<\/span><\/a><\/span><\/p>\n<p><span style=\"font-family: 'times new roman', times, serif;font-size: 24px\">D<sup>r<\/sup> <strong><span style=\"color: #ff0000\">M. HAMDI<\/span><\/strong>, Responsable de sp\u00e9cialit\u00e9 Licence Construction<\/span><br \/>\n<span style=\"font-family: 'times new roman', times, serif;font-size: 24px\">Email : <a href=\"mailto:hamdi.mehdi@univ-bechar.dz\" target=\"_blank\" rel=\"noopener\"><span style=\"text-decoration: underline\"><span style=\"color: #0000ff;text-decoration: underline\">hamdi.mehdi@univ-bechar.dz<\/span><\/span><\/a><\/span><\/p>\n<p><span style=\"font-family: 'times new roman', times, serif;font-size: 24px\">D<sup>r<\/sup> <span style=\"color: #ff0000\"><strong>A. BADRI<\/strong><\/span>, Responsable de sp\u00e9cialit\u00e9 Licence G\u00e9nie des proc\u00e8des.<\/span><br \/>\n<span style=\"font-family: 'times new roman', times, serif;font-size: 24px\">Email : <a href=\"mailto:badri.abdelkader@univ-bechar.dz\" target=\"_blank\" rel=\"noopener\"><span style=\"text-decoration: underline\"><span style=\"color: #0000ff;text-decoration: underline\">badri.abdelkader@univ-bechar.dz<\/span><\/span><\/a><\/span><\/p>\n<p><img decoding=\"async\" loading=\"lazy\" class=\"alignnone size-full wp-image-22320\" src=\"https:\/\/www.univ-bechar.dz\/univ\/wp-content\/uploads\/2023\/01\/LOGO-GM-1.jpg\" alt=\"\" width=\"841\" height=\"838\" \/><\/p>\n","protected":false},"excerpt":{"rendered":"<p>\u00a0 \u00a0 \u00a0 \u00a0 \u00a0Une fois au D\u00e9partement, l\u2019\u00e9tudiant est pris en charge par des \u00e9quipes p\u00e9dagogiques et de formations compos\u00e9es d\u2019enseignants sp\u00e9cialis\u00e9s et exp\u00e9riment\u00e9s, d\u2019ing\u00e9nieurs de labos et de techniciens. Ces responsables p\u00e9dagogiques sont nomm\u00e9s comme suit : Dr B. AMIEUR, Responsable de fili\u00e8re G\u00e9nie M\u00e9canique Email : amieur.belkacem@univ-bechar.dz Dr M. BELKHEIRA, Responsable de &hellip;<\/p>\n","protected":false},"author":8,"featured_media":0,"parent":0,"menu_order":0,"comment_status":"closed","ping_status":"closed","template":"","meta":[],"yoast_head":"<!-- This site is optimized with the Yoast SEO plugin v20.8 - https:\/\/yoast.com\/wordpress\/plugins\/seo\/ -->\n<title>Responsables P\u00e9dagogiques - univ<\/title>\n<meta name=\"robots\" content=\"index, follow, max-snippet:-1, max-image-preview:large, max-video-preview:-1\" \/>\n<link rel=\"canonical\" href=\"https:\/\/www.univ-bechar.dz\/univ\/index.php\/responsables-pedagogiquesgm\/\" \/>\n<meta property=\"og:locale\" content=\"fr_FR\" \/>\n<meta property=\"og:type\" content=\"article\" \/>\n<meta property=\"og:title\" content=\"Responsables P\u00e9dagogiques - univ\" \/>\n<meta property=\"og:description\" content=\"\u00a0 \u00a0 \u00a0 \u00a0 \u00a0Une fois au D\u00e9partement, l\u2019\u00e9tudiant est pris en charge par des \u00e9quipes p\u00e9dagogiques et de formations compos\u00e9es d\u2019enseignants sp\u00e9cialis\u00e9s et exp\u00e9riment\u00e9s, d\u2019ing\u00e9nieurs de labos et de techniciens. Ces responsables p\u00e9dagogiques sont nomm\u00e9s comme suit : Dr B. AMIEUR, Responsable de fili\u00e8re G\u00e9nie M\u00e9canique Email : amieur.belkacem@univ-bechar.dz Dr M. BELKHEIRA, Responsable de &hellip;\" \/>\n<meta property=\"og:url\" content=\"https:\/\/www.univ-bechar.dz\/univ\/index.php\/responsables-pedagogiquesgm\/\" \/>\n<meta property=\"og:site_name\" content=\"univ\" \/>\n<meta property=\"article:publisher\" content=\"http:\/\/www.facebook.com\/univ.bechar\" \/>\n<meta property=\"article:modified_time\" content=\"2023-01-03T23:20:32+00:00\" \/>\n<meta property=\"og:image\" content=\"https:\/\/www.univ-bechar.dz\/univ\/wp-content\/uploads\/2023\/01\/LOGO-GM-1.jpg\" \/>\n<meta name=\"twitter:card\" content=\"summary_large_image\" \/>\n<meta name=\"twitter:label1\" content=\"Est. reading time\" \/>\n\t<meta name=\"twitter:data1\" content=\"1 minute\" \/>\n<script type=\"application\/ld+json\" class=\"yoast-schema-graph\">{\"@context\":\"https:\/\/schema.org\",\"@graph\":[{\"@type\":\"WebPage\",\"@id\":\"https:\/\/www.univ-bechar.dz\/univ\/index.php\/responsables-pedagogiquesgm\/\",\"url\":\"https:\/\/www.univ-bechar.dz\/univ\/index.php\/responsables-pedagogiquesgm\/\",\"name\":\"Responsables P\u00e9dagogiques - univ\",\"isPartOf\":{\"@id\":\"https:\/\/www.univ-bechar.dz\/univ\/#website\"},\"datePublished\":\"2023-01-03T22:51:39+00:00\",\"dateModified\":\"2023-01-03T23:20:32+00:00\",\"breadcrumb\":{\"@id\":\"https:\/\/www.univ-bechar.dz\/univ\/index.php\/responsables-pedagogiquesgm\/#breadcrumb\"},\"inLanguage\":\"fr-FR\",\"potentialAction\":[{\"@type\":\"ReadAction\",\"target\":[\"https:\/\/www.univ-bechar.dz\/univ\/index.php\/responsables-pedagogiquesgm\/\"]}]},{\"@type\":\"BreadcrumbList\",\"@id\":\"https:\/\/www.univ-bechar.dz\/univ\/index.php\/responsables-pedagogiquesgm\/#breadcrumb\",\"itemListElement\":[{\"@type\":\"ListItem\",\"position\":1,\"name\":\"Home\",\"item\":\"https:\/\/www.univ-bechar.dz\/univ\/\"},{\"@type\":\"ListItem\",\"position\":2,\"name\":\"Responsables P\u00e9dagogiques\"}]},{\"@type\":\"WebSite\",\"@id\":\"https:\/\/www.univ-bechar.dz\/univ\/#website\",\"url\":\"https:\/\/www.univ-bechar.dz\/univ\/\",\"name\":\"univ\",\"description\":\"UTMB\",\"publisher\":{\"@id\":\"https:\/\/www.univ-bechar.dz\/univ\/#organization\"},\"potentialAction\":[{\"@type\":\"SearchAction\",\"target\":{\"@type\":\"EntryPoint\",\"urlTemplate\":\"https:\/\/www.univ-bechar.dz\/univ\/?s={search_term_string}\"},\"query-input\":\"required name=search_term_string\"}],\"inLanguage\":\"fr-FR\"},{\"@type\":\"Organization\",\"@id\":\"https:\/\/www.univ-bechar.dz\/univ\/#organization\",\"name\":\"univ\",\"url\":\"https:\/\/www.univ-bechar.dz\/univ\/\",\"logo\":{\"@type\":\"ImageObject\",\"inLanguage\":\"fr-FR\",\"@id\":\"https:\/\/www.univ-bechar.dz\/univ\/#\/schema\/logo\/image\/\",\"url\":\"https:\/\/www.univ-bechar.dz\/univ\/wp-content\/uploads\/2022\/09\/LOGOUNIV.png\",\"contentUrl\":\"https:\/\/www.univ-bechar.dz\/univ\/wp-content\/uploads\/2022\/09\/LOGOUNIV.png\",\"width\":670,\"height\":962,\"caption\":\"univ\"},\"image\":{\"@id\":\"https:\/\/www.univ-bechar.dz\/univ\/#\/schema\/logo\/image\/\"},\"sameAs\":[\"http:\/\/www.facebook.com\/univ.bechar\"]}]}<\/script>\n<!-- \/ Yoast SEO plugin. -->","yoast_head_json":{"title":"Responsables P\u00e9dagogiques - univ","robots":{"index":"index","follow":"follow","max-snippet":"max-snippet:-1","max-image-preview":"max-image-preview:large","max-video-preview":"max-video-preview:-1"},"canonical":"https:\/\/www.univ-bechar.dz\/univ\/index.php\/responsables-pedagogiquesgm\/","og_locale":"fr_FR","og_type":"article","og_title":"Responsables P\u00e9dagogiques - univ","og_description":"\u00a0 \u00a0 \u00a0 \u00a0 \u00a0Une fois au D\u00e9partement, l\u2019\u00e9tudiant est pris en charge par des \u00e9quipes p\u00e9dagogiques et de formations compos\u00e9es d\u2019enseignants sp\u00e9cialis\u00e9s et exp\u00e9riment\u00e9s, d\u2019ing\u00e9nieurs de labos et de techniciens. Ces responsables p\u00e9dagogiques sont nomm\u00e9s comme suit : Dr B. AMIEUR, Responsable de fili\u00e8re G\u00e9nie M\u00e9canique Email : amieur.belkacem@univ-bechar.dz Dr M. BELKHEIRA, Responsable de &hellip;","og_url":"https:\/\/www.univ-bechar.dz\/univ\/index.php\/responsables-pedagogiquesgm\/","og_site_name":"univ","article_publisher":"http:\/\/www.facebook.com\/univ.bechar","article_modified_time":"2023-01-03T23:20:32+00:00","og_image":[{"url":"https:\/\/www.univ-bechar.dz\/univ\/wp-content\/uploads\/2023\/01\/LOGO-GM-1.jpg"}],"twitter_card":"summary_large_image","twitter_misc":{"Est. reading time":"1 minute"},"schema":{"@context":"https:\/\/schema.org","@graph":[{"@type":"WebPage","@id":"https:\/\/www.univ-bechar.dz\/univ\/index.php\/responsables-pedagogiquesgm\/","url":"https:\/\/www.univ-bechar.dz\/univ\/index.php\/responsables-pedagogiquesgm\/","name":"Responsables P\u00e9dagogiques - univ","isPartOf":{"@id":"https:\/\/www.univ-bechar.dz\/univ\/#website"},"datePublished":"2023-01-03T22:51:39+00:00","dateModified":"2023-01-03T23:20:32+00:00","breadcrumb":{"@id":"https:\/\/www.univ-bechar.dz\/univ\/index.php\/responsables-pedagogiquesgm\/#breadcrumb"},"inLanguage":"fr-FR","potentialAction":[{"@type":"ReadAction","target":["https:\/\/www.univ-bechar.dz\/univ\/index.php\/responsables-pedagogiquesgm\/"]}]},{"@type":"BreadcrumbList","@id":"https:\/\/www.univ-bechar.dz\/univ\/index.php\/responsables-pedagogiquesgm\/#breadcrumb","itemListElement":[{"@type":"ListItem","position":1,"name":"Home","item":"https:\/\/www.univ-bechar.dz\/univ\/"},{"@type":"ListItem","position":2,"name":"Responsables P\u00e9dagogiques"}]},{"@type":"WebSite","@id":"https:\/\/www.univ-bechar.dz\/univ\/#website","url":"https:\/\/www.univ-bechar.dz\/univ\/","name":"univ","description":"UTMB","publisher":{"@id":"https:\/\/www.univ-bechar.dz\/univ\/#organization"},"potentialAction":[{"@type":"SearchAction","target":{"@type":"EntryPoint","urlTemplate":"https:\/\/www.univ-bechar.dz\/univ\/?s={search_term_string}"},"query-input":"required name=search_term_string"}],"inLanguage":"fr-FR"},{"@type":"Organization","@id":"https:\/\/www.univ-bechar.dz\/univ\/#organization","name":"univ","url":"https:\/\/www.univ-bechar.dz\/univ\/","logo":{"@type":"ImageObject","inLanguage":"fr-FR","@id":"https:\/\/www.univ-bechar.dz\/univ\/#\/schema\/logo\/image\/","url":"https:\/\/www.univ-bechar.dz\/univ\/wp-content\/uploads\/2022\/09\/LOGOUNIV.png","contentUrl":"https:\/\/www.univ-bechar.dz\/univ\/wp-content\/uploads\/2022\/09\/LOGOUNIV.png","width":670,"height":962,"caption":"univ"},"image":{"@id":"https:\/\/www.univ-bechar.dz\/univ\/#\/schema\/logo\/image\/"},"sameAs":["http:\/\/www.facebook.com\/univ.bechar"]}]}},"_links":{"self":[{"href":"https:\/\/www.univ-bechar.dz\/univ\/index.php\/wp-json\/wp\/v2\/pages\/22395"}],"collection":[{"href":"https:\/\/www.univ-bechar.dz\/univ\/index.php\/wp-json\/wp\/v2\/pages"}],"about":[{"href":"https:\/\/www.univ-bechar.dz\/univ\/index.php\/wp-json\/wp\/v2\/types\/page"}],"author":[{"embeddable":true,"href":"https:\/\/www.univ-bechar.dz\/univ\/index.php\/wp-json\/wp\/v2\/users\/8"}],"replies":[{"embeddable":true,"href":"https:\/\/www.univ-bechar.dz\/univ\/index.php\/wp-json\/wp\/v2\/comments?post=22395"}],"version-history":[{"count":4,"href":"https:\/\/www.univ-bechar.dz\/univ\/index.php\/wp-json\/wp\/v2\/pages\/22395\/revisions"}],"predecessor-version":[{"id":22406,"href":"https:\/\/www.univ-bechar.dz\/univ\/index.php\/wp-json\/wp\/v2\/pages\/22395\/revisions\/22406"}],"wp:attachment":[{"href":"https:\/\/www.univ-bechar.dz\/univ\/index.php\/wp-json\/wp\/v2\/media?parent=22395"}],"curies":[{"name":"wp","href":"https:\/\/api.w.org\/{rel}","templated":true}]}}