{"id":23112,"date":"2023-03-14T10:07:41","date_gmt":"2023-03-14T09:07:41","guid":{"rendered":"https:\/\/www.univ-bechar.dz\/univ\/?page_id=23112"},"modified":"2023-03-14T10:14:03","modified_gmt":"2023-03-14T09:14:03","slug":"journee-detudes-apport-des-technologies-geospatiales-a-lurbanisme","status":"publish","type":"page","link":"https:\/\/www.univ-bechar.dz\/univ\/index.php\/journee-detudes-apport-des-technologies-geospatiales-a-lurbanisme\/","title":{"rendered":"Journ\u00e9e d&rsquo;\u00e9tudes : Apport des Technologies G\u00e9ospatiales \u00e0 l\u2019Urbanisme"},"content":{"rendered":"<p>Nous avons l\u2019honneur et le privil\u00e8ge de vous convier \u00e0 la journ\u00e9e d\u2019\u00e9tudes qui aura lieu le 15 Mars 2023 \u00e0 l\u2019amphith\u00e9\u00e2tre de la biblioth\u00e8que centrale de l\u2019universit\u00e9 TAHRI Mohamed de B\u00e9char sur le th\u00e8me suivant : Apport des Technologies G\u00e9ospatiales \u00e0 l\u2019Urbanisme Trois conf\u00e9rences programm\u00e9es seront Anim\u00e9es par Dr. CHABANI Abdelmadjid de la Facult\u00e9 de Technologie, le d\u00e9bat sera l\u2019occasion d\u2019aborder les diff\u00e9rents aspects du th\u00e8me propos\u00e9. Vous aurez l\u2019opportunit\u00e9 de questionner le conf\u00e9rencier, qui se fera une joie de r\u00e9pondre \u00e0 vos questions.<br \/>\nNous nous tenons \u00e0 votre enti\u00e8re disposition pour tout renseignement compl\u00e9mentaire concernant cette journ\u00e9e. Convaincus que votre contribution sera tr\u00e8s b\u00e9n\u00e9fique, nous nous r\u00e9jouissons de votre pr\u00e9sence.<br \/>\nCordialement,<\/p>\n<p><img decoding=\"async\" loading=\"lazy\" class=\"alignnone size-full wp-image-23115\" src=\"http:\/\/www.univ-bechar.dz\/univ\/wp-content\/uploads\/2023\/03\/Presentation-vierge-251.jpg\" alt=\"\" width=\"1280\" height=\"720\" \/>\u00a0 <img decoding=\"async\" loading=\"lazy\" class=\"alignnone size-full wp-image-23113\" src=\"http:\/\/www.univ-bechar.dz\/univ\/wp-content\/uploads\/2023\/03\/Diapositive1.jpg\" alt=\"\" width=\"1056\" height=\"816\" \/><\/p>\n<p><img decoding=\"async\" loading=\"lazy\" class=\"alignnone size-full wp-image-23114\" src=\"http:\/\/www.univ-bechar.dz\/univ\/wp-content\/uploads\/2023\/03\/Diapositive2.jpg\" alt=\"\" width=\"1056\" height=\"816\" \/><\/p>\n<p>&nbsp;<\/p>\n","protected":false},"excerpt":{"rendered":"<p>Nous avons l\u2019honneur et le privil\u00e8ge de vous convier \u00e0 la journ\u00e9e d\u2019\u00e9tudes qui aura lieu le 15 Mars 2023 \u00e0 l\u2019amphith\u00e9\u00e2tre de la biblioth\u00e8que centrale de l\u2019universit\u00e9 TAHRI Mohamed de B\u00e9char sur le th\u00e8me suivant : Apport des Technologies G\u00e9ospatiales \u00e0 l\u2019Urbanisme Trois conf\u00e9rences programm\u00e9es seront Anim\u00e9es par Dr. CHABANI Abdelmadjid de la Facult\u00e9 &hellip;<\/p>\n","protected":false},"author":8,"featured_media":0,"parent":0,"menu_order":0,"comment_status":"closed","ping_status":"closed","template":"","meta":[],"yoast_head":"<!-- This site is optimized with the Yoast SEO plugin v20.8 - https:\/\/yoast.com\/wordpress\/plugins\/seo\/ -->\n<title>Journ\u00e9e d&#039;\u00e9tudes : Apport des Technologies G\u00e9ospatiales \u00e0 l\u2019Urbanisme - univ<\/title>\n<meta name=\"robots\" content=\"index, follow, max-snippet:-1, max-image-preview:large, max-video-preview:-1\" \/>\n<link rel=\"canonical\" href=\"https:\/\/www.univ-bechar.dz\/univ\/index.php\/journee-detudes-apport-des-technologies-geospatiales-a-lurbanisme\/\" \/>\n<meta property=\"og:locale\" content=\"fr_FR\" \/>\n<meta property=\"og:type\" content=\"article\" \/>\n<meta property=\"og:title\" content=\"Journ\u00e9e d&#039;\u00e9tudes : Apport des Technologies G\u00e9ospatiales \u00e0 l\u2019Urbanisme - univ\" \/>\n<meta property=\"og:description\" content=\"Nous avons l\u2019honneur et le privil\u00e8ge de vous convier \u00e0 la journ\u00e9e d\u2019\u00e9tudes qui aura lieu le 15 Mars 2023 \u00e0 l\u2019amphith\u00e9\u00e2tre de la biblioth\u00e8que centrale de l\u2019universit\u00e9 TAHRI Mohamed de B\u00e9char sur le th\u00e8me suivant : Apport des Technologies G\u00e9ospatiales \u00e0 l\u2019Urbanisme Trois conf\u00e9rences programm\u00e9es seront Anim\u00e9es par Dr. CHABANI Abdelmadjid de la Facult\u00e9 &hellip;\" \/>\n<meta property=\"og:url\" content=\"https:\/\/www.univ-bechar.dz\/univ\/index.php\/journee-detudes-apport-des-technologies-geospatiales-a-lurbanisme\/\" \/>\n<meta property=\"og:site_name\" content=\"univ\" \/>\n<meta property=\"article:publisher\" content=\"http:\/\/www.facebook.com\/univ.bechar\" \/>\n<meta property=\"article:modified_time\" content=\"2023-03-14T09:14:03+00:00\" \/>\n<meta property=\"og:image\" content=\"http:\/\/www.univ-bechar.dz\/univ\/wp-content\/uploads\/2023\/03\/Presentation-vierge-251.jpg\" \/>\n<meta name=\"twitter:card\" content=\"summary_large_image\" \/>\n<meta name=\"twitter:label1\" content=\"Est. reading time\" \/>\n\t<meta name=\"twitter:data1\" content=\"1 minute\" \/>\n<script type=\"application\/ld+json\" class=\"yoast-schema-graph\">{\"@context\":\"https:\/\/schema.org\",\"@graph\":[{\"@type\":\"WebPage\",\"@id\":\"https:\/\/www.univ-bechar.dz\/univ\/index.php\/journee-detudes-apport-des-technologies-geospatiales-a-lurbanisme\/\",\"url\":\"https:\/\/www.univ-bechar.dz\/univ\/index.php\/journee-detudes-apport-des-technologies-geospatiales-a-lurbanisme\/\",\"name\":\"Journ\u00e9e d'\u00e9tudes : Apport des Technologies G\u00e9ospatiales \u00e0 l\u2019Urbanisme - univ\",\"isPartOf\":{\"@id\":\"https:\/\/www.univ-bechar.dz\/univ\/#website\"},\"datePublished\":\"2023-03-14T09:07:41+00:00\",\"dateModified\":\"2023-03-14T09:14:03+00:00\",\"breadcrumb\":{\"@id\":\"https:\/\/www.univ-bechar.dz\/univ\/index.php\/journee-detudes-apport-des-technologies-geospatiales-a-lurbanisme\/#breadcrumb\"},\"inLanguage\":\"fr-FR\",\"potentialAction\":[{\"@type\":\"ReadAction\",\"target\":[\"https:\/\/www.univ-bechar.dz\/univ\/index.php\/journee-detudes-apport-des-technologies-geospatiales-a-lurbanisme\/\"]}]},{\"@type\":\"BreadcrumbList\",\"@id\":\"https:\/\/www.univ-bechar.dz\/univ\/index.php\/journee-detudes-apport-des-technologies-geospatiales-a-lurbanisme\/#breadcrumb\",\"itemListElement\":[{\"@type\":\"ListItem\",\"position\":1,\"name\":\"Home\",\"item\":\"https:\/\/www.univ-bechar.dz\/univ\/\"},{\"@type\":\"ListItem\",\"position\":2,\"name\":\"Journ\u00e9e d&rsquo;\u00e9tudes : Apport des Technologies G\u00e9ospatiales \u00e0 l\u2019Urbanisme\"}]},{\"@type\":\"WebSite\",\"@id\":\"https:\/\/www.univ-bechar.dz\/univ\/#website\",\"url\":\"https:\/\/www.univ-bechar.dz\/univ\/\",\"name\":\"univ\",\"description\":\"UTMB\",\"publisher\":{\"@id\":\"https:\/\/www.univ-bechar.dz\/univ\/#organization\"},\"potentialAction\":[{\"@type\":\"SearchAction\",\"target\":{\"@type\":\"EntryPoint\",\"urlTemplate\":\"https:\/\/www.univ-bechar.dz\/univ\/?s={search_term_string}\"},\"query-input\":\"required name=search_term_string\"}],\"inLanguage\":\"fr-FR\"},{\"@type\":\"Organization\",\"@id\":\"https:\/\/www.univ-bechar.dz\/univ\/#organization\",\"name\":\"univ\",\"url\":\"https:\/\/www.univ-bechar.dz\/univ\/\",\"logo\":{\"@type\":\"ImageObject\",\"inLanguage\":\"fr-FR\",\"@id\":\"https:\/\/www.univ-bechar.dz\/univ\/#\/schema\/logo\/image\/\",\"url\":\"https:\/\/www.univ-bechar.dz\/univ\/wp-content\/uploads\/2022\/09\/LOGOUNIV.png\",\"contentUrl\":\"https:\/\/www.univ-bechar.dz\/univ\/wp-content\/uploads\/2022\/09\/LOGOUNIV.png\",\"width\":670,\"height\":962,\"caption\":\"univ\"},\"image\":{\"@id\":\"https:\/\/www.univ-bechar.dz\/univ\/#\/schema\/logo\/image\/\"},\"sameAs\":[\"http:\/\/www.facebook.com\/univ.bechar\"]}]}<\/script>\n<!-- \/ Yoast SEO plugin. -->","yoast_head_json":{"title":"Journ\u00e9e d'\u00e9tudes : Apport des Technologies G\u00e9ospatiales \u00e0 l\u2019Urbanisme - univ","robots":{"index":"index","follow":"follow","max-snippet":"max-snippet:-1","max-image-preview":"max-image-preview:large","max-video-preview":"max-video-preview:-1"},"canonical":"https:\/\/www.univ-bechar.dz\/univ\/index.php\/journee-detudes-apport-des-technologies-geospatiales-a-lurbanisme\/","og_locale":"fr_FR","og_type":"article","og_title":"Journ\u00e9e d'\u00e9tudes : Apport des Technologies G\u00e9ospatiales \u00e0 l\u2019Urbanisme - univ","og_description":"Nous avons l\u2019honneur et le privil\u00e8ge de vous convier \u00e0 la journ\u00e9e d\u2019\u00e9tudes qui aura lieu le 15 Mars 2023 \u00e0 l\u2019amphith\u00e9\u00e2tre de la biblioth\u00e8que centrale de l\u2019universit\u00e9 TAHRI Mohamed de B\u00e9char sur le th\u00e8me suivant : Apport des Technologies G\u00e9ospatiales \u00e0 l\u2019Urbanisme Trois conf\u00e9rences programm\u00e9es seront Anim\u00e9es par Dr. CHABANI Abdelmadjid de la Facult\u00e9 &hellip;","og_url":"https:\/\/www.univ-bechar.dz\/univ\/index.php\/journee-detudes-apport-des-technologies-geospatiales-a-lurbanisme\/","og_site_name":"univ","article_publisher":"http:\/\/www.facebook.com\/univ.bechar","article_modified_time":"2023-03-14T09:14:03+00:00","og_image":[{"url":"http:\/\/www.univ-bechar.dz\/univ\/wp-content\/uploads\/2023\/03\/Presentation-vierge-251.jpg"}],"twitter_card":"summary_large_image","twitter_misc":{"Est. reading time":"1 minute"},"schema":{"@context":"https:\/\/schema.org","@graph":[{"@type":"WebPage","@id":"https:\/\/www.univ-bechar.dz\/univ\/index.php\/journee-detudes-apport-des-technologies-geospatiales-a-lurbanisme\/","url":"https:\/\/www.univ-bechar.dz\/univ\/index.php\/journee-detudes-apport-des-technologies-geospatiales-a-lurbanisme\/","name":"Journ\u00e9e d'\u00e9tudes : Apport des Technologies G\u00e9ospatiales \u00e0 l\u2019Urbanisme - univ","isPartOf":{"@id":"https:\/\/www.univ-bechar.dz\/univ\/#website"},"datePublished":"2023-03-14T09:07:41+00:00","dateModified":"2023-03-14T09:14:03+00:00","breadcrumb":{"@id":"https:\/\/www.univ-bechar.dz\/univ\/index.php\/journee-detudes-apport-des-technologies-geospatiales-a-lurbanisme\/#breadcrumb"},"inLanguage":"fr-FR","potentialAction":[{"@type":"ReadAction","target":["https:\/\/www.univ-bechar.dz\/univ\/index.php\/journee-detudes-apport-des-technologies-geospatiales-a-lurbanisme\/"]}]},{"@type":"BreadcrumbList","@id":"https:\/\/www.univ-bechar.dz\/univ\/index.php\/journee-detudes-apport-des-technologies-geospatiales-a-lurbanisme\/#breadcrumb","itemListElement":[{"@type":"ListItem","position":1,"name":"Home","item":"https:\/\/www.univ-bechar.dz\/univ\/"},{"@type":"ListItem","position":2,"name":"Journ\u00e9e d&rsquo;\u00e9tudes : Apport des Technologies G\u00e9ospatiales \u00e0 l\u2019Urbanisme"}]},{"@type":"WebSite","@id":"https:\/\/www.univ-bechar.dz\/univ\/#website","url":"https:\/\/www.univ-bechar.dz\/univ\/","name":"univ","description":"UTMB","publisher":{"@id":"https:\/\/www.univ-bechar.dz\/univ\/#organization"},"potentialAction":[{"@type":"SearchAction","target":{"@type":"EntryPoint","urlTemplate":"https:\/\/www.univ-bechar.dz\/univ\/?s={search_term_string}"},"query-input":"required name=search_term_string"}],"inLanguage":"fr-FR"},{"@type":"Organization","@id":"https:\/\/www.univ-bechar.dz\/univ\/#organization","name":"univ","url":"https:\/\/www.univ-bechar.dz\/univ\/","logo":{"@type":"ImageObject","inLanguage":"fr-FR","@id":"https:\/\/www.univ-bechar.dz\/univ\/#\/schema\/logo\/image\/","url":"https:\/\/www.univ-bechar.dz\/univ\/wp-content\/uploads\/2022\/09\/LOGOUNIV.png","contentUrl":"https:\/\/www.univ-bechar.dz\/univ\/wp-content\/uploads\/2022\/09\/LOGOUNIV.png","width":670,"height":962,"caption":"univ"},"image":{"@id":"https:\/\/www.univ-bechar.dz\/univ\/#\/schema\/logo\/image\/"},"sameAs":["http:\/\/www.facebook.com\/univ.bechar"]}]}},"_links":{"self":[{"href":"https:\/\/www.univ-bechar.dz\/univ\/index.php\/wp-json\/wp\/v2\/pages\/23112"}],"collection":[{"href":"https:\/\/www.univ-bechar.dz\/univ\/index.php\/wp-json\/wp\/v2\/pages"}],"about":[{"href":"https:\/\/www.univ-bechar.dz\/univ\/index.php\/wp-json\/wp\/v2\/types\/page"}],"author":[{"embeddable":true,"href":"https:\/\/www.univ-bechar.dz\/univ\/index.php\/wp-json\/wp\/v2\/users\/8"}],"replies":[{"embeddable":true,"href":"https:\/\/www.univ-bechar.dz\/univ\/index.php\/wp-json\/wp\/v2\/comments?post=23112"}],"version-history":[{"count":2,"href":"https:\/\/www.univ-bechar.dz\/univ\/index.php\/wp-json\/wp\/v2\/pages\/23112\/revisions"}],"predecessor-version":[{"id":23117,"href":"https:\/\/www.univ-bechar.dz\/univ\/index.php\/wp-json\/wp\/v2\/pages\/23112\/revisions\/23117"}],"wp:attachment":[{"href":"https:\/\/www.univ-bechar.dz\/univ\/index.php\/wp-json\/wp\/v2\/media?parent=23112"}],"curies":[{"name":"wp","href":"https:\/\/api.w.org\/{rel}","templated":true}]}}