{"id":6730,"date":"2018-03-26T15:04:27","date_gmt":"2018-03-26T13:04:27","guid":{"rendered":"http:\/\/www.univ-bechar.dz\/portail\/site\/?page_id=6730"},"modified":"2018-03-26T15:04:27","modified_gmt":"2018-03-26T13:04:27","slug":"pedagogie","status":"publish","type":"page","link":"https:\/\/www.univ-bechar.dz\/univ\/index.php\/vices-rectorats\/pedagogie\/","title":{"rendered":"Vice Recteur Charg\u00e9 de la formation Sup\u00e9rieurede Premier et Deuxieme Cycle, la FormationContinue les Diplomes et la Formation Sup\u00e9rieurede Graduation"},"content":{"rendered":"<h4>Vice recteur charg\u00e9 de la formation sup\u00e9rieure des premier et deuxi\u00e8me cycles, la formation continue et les dipl\u00f4mes, et la formation sup\u00e9rieure de graduation<\/h4>\n<p><img decoding=\"async\" loading=\"lazy\" src=\"http:\/\/www.univ-bechar.dz\/portail\/images\/boudi.png\" alt=\"boudi\" width=\"119\" height=\"145\" \/><\/p>\n<address>\n<h5>Pr. BOUDI Abdelkader<\/h5>\n<p>T\u00e9l: 049 23 89 89<br \/>\nMail: \u00a0<a href=\"mailto:boudi.abdelkader@univ-bechar.dz\">boudi.abdelkader@univ-bechar.dz<\/a><\/p>\n<\/address>\n<p align=\"center\"><strong><em>Le Vice Rectorat est\u00a0<\/em><\/strong><\/p>\n<ol>\n<li>Suivre les questions se rapportant au d\u00e9roulement des enseignements et des stages organis\u00e9s par l\u2019universit\u00e9<\/li>\n<li>Veiller \u00e0 la coh\u00e9rence des offres de formation pr\u00e9sent\u00e9es par les facult\u00e9s et instituts en conformit\u00e9 avec le plan de d\u00e9veloppement de l\u2019universit\u00e9.<\/li>\n<li>Veiller au respect de la r\u00e9glementation en vigueur en mati\u00e8re d\u2019inscription, et de progression des \u00e9tudiants des 1<sup>er<\/sup> et 2<sup>nd<\/sup> cycles .<\/li>\n<li>Suivre les actions de formation \u00e0 distance et promouvoir les activit\u00e9s de formation continue \u00e0 l\u2019universit\u00e9.<\/li>\n<li>Veiller au respect de la r\u00e9glementation et de la proc\u00e9dure en vigueur en mati\u00e8re de d\u00e9livrance de dipl\u00f4mes et d\u2019\u00e9quivalences.<\/li>\n<li>Assurer la tenue et la mise \u00e0 jour du fichier nominatif des \u00e9tudiants.<\/li>\n<li>Assurer le suivi du fonctionnement du conseil p\u00e9dagogique de l\u2019universit\u00e9 et en conserver les archives.<\/li>\n<li>Assurer le suivi du fonctionnement du comit\u00e9 de tutorat de l\u2019universit\u00e9 et en conserver les archives.<\/li>\n<li>Assurer le suivi du fonctionnement du conseil scientifique de l\u2019universit\u00e9 et en conserver les archives.<\/li>\n<\/ol>\n<p><strong>\u00a0\u00a0 \u00a0 Il est compos\u00e9 des services suivants :<\/strong><br \/>\n<a href=\"http:\/\/www.univ-bechar.dz\/portail\/site\/index.php\/vices-rectorats\/pedagogie\/service-des-enseignements-des-stages-et-de-levaluation\/\">1. Le service des enseignements, des stages et de l&rsquo;\u00e9valuation.<\/a><br \/>\n<a href=\"http:\/\/www.univ-bechar.dz\/portail\/site\/index.php\/vices-rectorats\/pedagogie\/diplomes\/\">2. Le service des dipl\u00f4mes et des \u00e9quivalences.<\/a><br \/>\n3. Le service de la formation continue.<\/p>\n<p>&nbsp;<\/p>\n","protected":false},"excerpt":{"rendered":"<p>Vice recteur charg\u00e9 de la formation sup\u00e9rieure des premier et deuxi\u00e8me cycles, la formation continue et les dipl\u00f4mes, et la formation sup\u00e9rieure de graduation Pr. BOUDI Abdelkader T\u00e9l: 049 23 89 89 Mail: \u00a0boudi.abdelkader@univ-bechar.dz Le Vice Rectorat est\u00a0 Suivre les questions se rapportant au d\u00e9roulement des enseignements et des stages organis\u00e9s par l\u2019universit\u00e9 Veiller \u00e0 &hellip;<\/p>\n","protected":false},"author":2,"featured_media":0,"parent":6728,"menu_order":0,"comment_status":"closed","ping_status":"closed","template":"","meta":[],"yoast_head":"<!-- This site is optimized with the Yoast SEO plugin v20.8 - https:\/\/yoast.com\/wordpress\/plugins\/seo\/ -->\n<title>Vice Recteur Charg\u00e9 de la formation Sup\u00e9rieurede Premier et Deuxieme Cycle, la FormationContinue les Diplomes et la Formation Sup\u00e9rieurede Graduation - univ<\/title>\n<meta name=\"robots\" content=\"index, follow, max-snippet:-1, max-image-preview:large, max-video-preview:-1\" \/>\n<link rel=\"canonical\" href=\"https:\/\/www.univ-bechar.dz\/univ\/index.php\/vices-rectorats\/pedagogie\/\" \/>\n<meta property=\"og:locale\" content=\"fr_FR\" \/>\n<meta property=\"og:type\" content=\"article\" \/>\n<meta property=\"og:title\" content=\"Vice Recteur Charg\u00e9 de la formation Sup\u00e9rieurede Premier et Deuxieme Cycle, la FormationContinue les Diplomes et la Formation Sup\u00e9rieurede Graduation - univ\" \/>\n<meta property=\"og:description\" content=\"Vice recteur charg\u00e9 de la formation sup\u00e9rieure des premier et deuxi\u00e8me cycles, la formation continue et les dipl\u00f4mes, et la formation sup\u00e9rieure de graduation Pr. BOUDI Abdelkader T\u00e9l: 049 23 89 89 Mail: \u00a0boudi.abdelkader@univ-bechar.dz Le Vice Rectorat est\u00a0 Suivre les questions se rapportant au d\u00e9roulement des enseignements et des stages organis\u00e9s par l\u2019universit\u00e9 Veiller \u00e0 &hellip;\" \/>\n<meta property=\"og:url\" content=\"https:\/\/www.univ-bechar.dz\/univ\/index.php\/vices-rectorats\/pedagogie\/\" \/>\n<meta property=\"og:site_name\" content=\"univ\" \/>\n<meta property=\"article:publisher\" content=\"http:\/\/www.facebook.com\/univ.bechar\" \/>\n<meta property=\"og:image\" content=\"http:\/\/www.univ-bechar.dz\/portail\/images\/boudi.png\" \/>\n<meta name=\"twitter:card\" content=\"summary_large_image\" \/>\n<meta name=\"twitter:label1\" content=\"Est. reading time\" \/>\n\t<meta name=\"twitter:data1\" content=\"1 minute\" \/>\n<script type=\"application\/ld+json\" class=\"yoast-schema-graph\">{\"@context\":\"https:\/\/schema.org\",\"@graph\":[{\"@type\":\"WebPage\",\"@id\":\"https:\/\/www.univ-bechar.dz\/univ\/index.php\/vices-rectorats\/pedagogie\/\",\"url\":\"https:\/\/www.univ-bechar.dz\/univ\/index.php\/vices-rectorats\/pedagogie\/\",\"name\":\"Vice Recteur Charg\u00e9 de la formation Sup\u00e9rieurede Premier et Deuxieme Cycle, la FormationContinue les Diplomes et la Formation Sup\u00e9rieurede Graduation - univ\",\"isPartOf\":{\"@id\":\"https:\/\/www.univ-bechar.dz\/univ\/#website\"},\"datePublished\":\"2018-03-26T13:04:27+00:00\",\"dateModified\":\"2018-03-26T13:04:27+00:00\",\"breadcrumb\":{\"@id\":\"https:\/\/www.univ-bechar.dz\/univ\/index.php\/vices-rectorats\/pedagogie\/#breadcrumb\"},\"inLanguage\":\"fr-FR\",\"potentialAction\":[{\"@type\":\"ReadAction\",\"target\":[\"https:\/\/www.univ-bechar.dz\/univ\/index.php\/vices-rectorats\/pedagogie\/\"]}]},{\"@type\":\"BreadcrumbList\",\"@id\":\"https:\/\/www.univ-bechar.dz\/univ\/index.php\/vices-rectorats\/pedagogie\/#breadcrumb\",\"itemListElement\":[{\"@type\":\"ListItem\",\"position\":1,\"name\":\"Home\",\"item\":\"https:\/\/www.univ-bechar.dz\/univ\/\"},{\"@type\":\"ListItem\",\"position\":2,\"name\":\"Vices Rectorats\",\"item\":\"https:\/\/www.univ-bechar.dz\/univ\/index.php\/vices-rectorats\/\"},{\"@type\":\"ListItem\",\"position\":3,\"name\":\"Vice Recteur Charg\u00e9 de la formation Sup\u00e9rieurede Premier et Deuxieme Cycle, la FormationContinue les Diplomes et la Formation Sup\u00e9rieurede Graduation\"}]},{\"@type\":\"WebSite\",\"@id\":\"https:\/\/www.univ-bechar.dz\/univ\/#website\",\"url\":\"https:\/\/www.univ-bechar.dz\/univ\/\",\"name\":\"univ\",\"description\":\"UTMB\",\"publisher\":{\"@id\":\"https:\/\/www.univ-bechar.dz\/univ\/#organization\"},\"potentialAction\":[{\"@type\":\"SearchAction\",\"target\":{\"@type\":\"EntryPoint\",\"urlTemplate\":\"https:\/\/www.univ-bechar.dz\/univ\/?s={search_term_string}\"},\"query-input\":\"required name=search_term_string\"}],\"inLanguage\":\"fr-FR\"},{\"@type\":\"Organization\",\"@id\":\"https:\/\/www.univ-bechar.dz\/univ\/#organization\",\"name\":\"univ\",\"url\":\"https:\/\/www.univ-bechar.dz\/univ\/\",\"logo\":{\"@type\":\"ImageObject\",\"inLanguage\":\"fr-FR\",\"@id\":\"https:\/\/www.univ-bechar.dz\/univ\/#\/schema\/logo\/image\/\",\"url\":\"https:\/\/www.univ-bechar.dz\/univ\/wp-content\/uploads\/2022\/09\/LOGOUNIV.png\",\"contentUrl\":\"https:\/\/www.univ-bechar.dz\/univ\/wp-content\/uploads\/2022\/09\/LOGOUNIV.png\",\"width\":670,\"height\":962,\"caption\":\"univ\"},\"image\":{\"@id\":\"https:\/\/www.univ-bechar.dz\/univ\/#\/schema\/logo\/image\/\"},\"sameAs\":[\"http:\/\/www.facebook.com\/univ.bechar\"]}]}<\/script>\n<!-- \/ Yoast SEO plugin. -->","yoast_head_json":{"title":"Vice Recteur Charg\u00e9 de la formation Sup\u00e9rieurede Premier et Deuxieme Cycle, la FormationContinue les Diplomes et la Formation Sup\u00e9rieurede Graduation - univ","robots":{"index":"index","follow":"follow","max-snippet":"max-snippet:-1","max-image-preview":"max-image-preview:large","max-video-preview":"max-video-preview:-1"},"canonical":"https:\/\/www.univ-bechar.dz\/univ\/index.php\/vices-rectorats\/pedagogie\/","og_locale":"fr_FR","og_type":"article","og_title":"Vice Recteur Charg\u00e9 de la formation Sup\u00e9rieurede Premier et Deuxieme Cycle, la FormationContinue les Diplomes et la Formation Sup\u00e9rieurede Graduation - univ","og_description":"Vice recteur charg\u00e9 de la formation sup\u00e9rieure des premier et deuxi\u00e8me cycles, la formation continue et les dipl\u00f4mes, et la formation sup\u00e9rieure de graduation Pr. BOUDI Abdelkader T\u00e9l: 049 23 89 89 Mail: \u00a0boudi.abdelkader@univ-bechar.dz Le Vice Rectorat est\u00a0 Suivre les questions se rapportant au d\u00e9roulement des enseignements et des stages organis\u00e9s par l\u2019universit\u00e9 Veiller \u00e0 &hellip;","og_url":"https:\/\/www.univ-bechar.dz\/univ\/index.php\/vices-rectorats\/pedagogie\/","og_site_name":"univ","article_publisher":"http:\/\/www.facebook.com\/univ.bechar","og_image":[{"url":"http:\/\/www.univ-bechar.dz\/portail\/images\/boudi.png"}],"twitter_card":"summary_large_image","twitter_misc":{"Est. reading time":"1 minute"},"schema":{"@context":"https:\/\/schema.org","@graph":[{"@type":"WebPage","@id":"https:\/\/www.univ-bechar.dz\/univ\/index.php\/vices-rectorats\/pedagogie\/","url":"https:\/\/www.univ-bechar.dz\/univ\/index.php\/vices-rectorats\/pedagogie\/","name":"Vice Recteur Charg\u00e9 de la formation Sup\u00e9rieurede Premier et Deuxieme Cycle, la FormationContinue les Diplomes et la Formation Sup\u00e9rieurede Graduation - univ","isPartOf":{"@id":"https:\/\/www.univ-bechar.dz\/univ\/#website"},"datePublished":"2018-03-26T13:04:27+00:00","dateModified":"2018-03-26T13:04:27+00:00","breadcrumb":{"@id":"https:\/\/www.univ-bechar.dz\/univ\/index.php\/vices-rectorats\/pedagogie\/#breadcrumb"},"inLanguage":"fr-FR","potentialAction":[{"@type":"ReadAction","target":["https:\/\/www.univ-bechar.dz\/univ\/index.php\/vices-rectorats\/pedagogie\/"]}]},{"@type":"BreadcrumbList","@id":"https:\/\/www.univ-bechar.dz\/univ\/index.php\/vices-rectorats\/pedagogie\/#breadcrumb","itemListElement":[{"@type":"ListItem","position":1,"name":"Home","item":"https:\/\/www.univ-bechar.dz\/univ\/"},{"@type":"ListItem","position":2,"name":"Vices Rectorats","item":"https:\/\/www.univ-bechar.dz\/univ\/index.php\/vices-rectorats\/"},{"@type":"ListItem","position":3,"name":"Vice Recteur Charg\u00e9 de la formation Sup\u00e9rieurede Premier et Deuxieme Cycle, la FormationContinue les Diplomes et la Formation Sup\u00e9rieurede Graduation"}]},{"@type":"WebSite","@id":"https:\/\/www.univ-bechar.dz\/univ\/#website","url":"https:\/\/www.univ-bechar.dz\/univ\/","name":"univ","description":"UTMB","publisher":{"@id":"https:\/\/www.univ-bechar.dz\/univ\/#organization"},"potentialAction":[{"@type":"SearchAction","target":{"@type":"EntryPoint","urlTemplate":"https:\/\/www.univ-bechar.dz\/univ\/?s={search_term_string}"},"query-input":"required name=search_term_string"}],"inLanguage":"fr-FR"},{"@type":"Organization","@id":"https:\/\/www.univ-bechar.dz\/univ\/#organization","name":"univ","url":"https:\/\/www.univ-bechar.dz\/univ\/","logo":{"@type":"ImageObject","inLanguage":"fr-FR","@id":"https:\/\/www.univ-bechar.dz\/univ\/#\/schema\/logo\/image\/","url":"https:\/\/www.univ-bechar.dz\/univ\/wp-content\/uploads\/2022\/09\/LOGOUNIV.png","contentUrl":"https:\/\/www.univ-bechar.dz\/univ\/wp-content\/uploads\/2022\/09\/LOGOUNIV.png","width":670,"height":962,"caption":"univ"},"image":{"@id":"https:\/\/www.univ-bechar.dz\/univ\/#\/schema\/logo\/image\/"},"sameAs":["http:\/\/www.facebook.com\/univ.bechar"]}]}},"_links":{"self":[{"href":"https:\/\/www.univ-bechar.dz\/univ\/index.php\/wp-json\/wp\/v2\/pages\/6730"}],"collection":[{"href":"https:\/\/www.univ-bechar.dz\/univ\/index.php\/wp-json\/wp\/v2\/pages"}],"about":[{"href":"https:\/\/www.univ-bechar.dz\/univ\/index.php\/wp-json\/wp\/v2\/types\/page"}],"author":[{"embeddable":true,"href":"https:\/\/www.univ-bechar.dz\/univ\/index.php\/wp-json\/wp\/v2\/users\/2"}],"replies":[{"embeddable":true,"href":"https:\/\/www.univ-bechar.dz\/univ\/index.php\/wp-json\/wp\/v2\/comments?post=6730"}],"version-history":[{"count":0,"href":"https:\/\/www.univ-bechar.dz\/univ\/index.php\/wp-json\/wp\/v2\/pages\/6730\/revisions"}],"up":[{"embeddable":true,"href":"https:\/\/www.univ-bechar.dz\/univ\/index.php\/wp-json\/wp\/v2\/pages\/6728"}],"wp:attachment":[{"href":"https:\/\/www.univ-bechar.dz\/univ\/index.php\/wp-json\/wp\/v2\/media?parent=6730"}],"curies":[{"name":"wp","href":"https:\/\/api.w.org\/{rel}","templated":true}]}}