{"id":6775,"date":"2018-03-28T10:14:26","date_gmt":"2018-03-28T08:14:26","guid":{"rendered":"http:\/\/www.univ-bechar.dz\/portail\/site\/?page_id=6775"},"modified":"2018-03-28T10:14:26","modified_gmt":"2018-03-28T08:14:26","slug":"diplomes","status":"publish","type":"page","link":"https:\/\/www.univ-bechar.dz\/univ\/index.php\/vices-rectorats\/pedagogie\/diplomes\/","title":{"rendered":"DIPLOMES"},"content":{"rendered":"<div class=\"page-header\">\n<h2>DIPLOMES<\/h2>\n<\/div>\n<div class=\"icons\">\n<div class=\"btn-group pull-right\"><\/div>\n<\/div>\n<div>\n<div>Le service des dipl\u00f4mes<\/div>\n<p>&nbsp;<\/p>\n<p>Ill est charg\u00e9 de l\u2019\u00e9tablissement et de la d\u00e9livrance :<\/p>\n<ul>\n<li>Des attestations provisoires de dipl\u00f4me de graduation.<\/li>\n<li>Du dipl\u00f4me d\u00e9finitif.<\/li>\n<li>De l\u2019authentification des dipl\u00f4mes.<\/li>\n<\/ul>\n<p><strong>At<\/strong><strong>testation provisoire de dipl\u00f4me<\/strong><\/p>\n<p>&nbsp;<\/p>\n<p>Pour obtenir l\u2019attestation de dipl\u00f4me, l\u2019\u00e9tudiant en fin de cycle doit remplir une fiche statistique (<em><strong>imprim\u00e9 \u00e0 retirer du d\u00e9partement concern\u00e9<\/strong><\/em>) et joindre un extrait de naissance d\u00e9livr\u00e9 par la commune d\u2019origine.<\/p>\n<p>Pour les \u00e9tudiants \u00e9trangers, le dossier est constitu\u00e9 de :<\/p>\n<ul>\n<li>De la copie du certificat de scolarit\u00e9 de l\u2019ann\u00e9e en cours.<\/li>\n<li>De l\u2019extrait de naissance (original).<\/li>\n<li>De la copie l\u00e9galis\u00e9e de la carte de s\u00e9jour.<\/li>\n<\/ul>\n<p><strong>Retrait de l\u2019attestation provisoire de dipl\u00f4me<\/strong><\/p>\n<p>Le retrait de <em>l\u2019attestation du dipl\u00f4me<\/em> se fait sur la pr\u00e9sentation des pi\u00e8ces suivantes :<\/p>\n<ul>\n<li>Quitus d\u00fbment sign\u00e9 (imprim\u00e9 \u00e0 retirer du d\u00e9partement concern\u00e9).<\/li>\n<li>Carte d\u2019\u00e9tudiant.<\/li>\n<li>Pi\u00e8ce d\u2019identit\u00e9.<\/li>\n<\/ul>\n<p><strong>N.B:<\/strong> <strong>L<\/strong>e dipl\u00f4me n\u2019est d\u00e9livr\u00e9 qu\u2019une seule fois. En cas de perte ou de vol du dipl\u00f4me, demander le dipl\u00f4me d\u00e9finitif.<\/p>\n<p><strong>Dipl\u00f4me d\u00e9finitif<\/strong><\/p>\n<p>&nbsp;<\/p>\n<p>Le dipl\u00f4me d\u00e9finitif de graduation (<em>DEUA-Licence- DES-Ing\u00e9nieur<\/em>) n\u2019est \u00e9tabli que pour les \u00e9tudiants en ayant formuler la demande.<\/p>\n<p><strong>Constitution du dossier<\/strong><\/p>\n<ul>\n<li>La demande du concern\u00e9 (adress\u00e9e \u00e0 Monsieur le Recteur de l\u2019Universit\u00e9)<\/li>\n<li>Une fiche de renseignement d\u00fbment remplie par le D\u00e9partement concern\u00e9.<\/li>\n<li>L\u2019original du bac ou du titre reconnu \u00e9quivalant ayant permis l\u2019acc\u00e8s aux \u00e9tudes universitaires.<\/li>\n<li>Les originaux des relev\u00e9s de notes du cursus avec\u00a0griffe, cachet et signature du responsable des \u00e9tudes et sans surcharge (un relev\u00e9 de notes global est souhaitable).<\/li>\n<li>Une copie l\u00e9galis\u00e9e de l\u2019attestation provisoire de succ\u00e8s.<\/li>\n<li>Un extrait de naissance d\u00e9livr\u00e9 par la commune d\u2019origine.<\/li>\n<\/ul>\n<p>L\u2019original de l\u2019attestation provisoire doit \u00eatre obligatoirement restitu\u00e9e lors du retrait du dipl\u00f4me d\u00e9finitif. S\u2019il s\u2019agit d\u2019une perte d\u00e9poser la d\u00e9claration de perte.<\/p>\n<p><strong>Important !<\/strong><\/p>\n<p>Le dipl\u00f4me n\u2019est d\u00e9livr\u00e9 qu\u2019une seule fois. En cas de perte ou de vol du dipl\u00f4me d\u00e9finitif, vous rapprochez du Minist\u00e8re de l\u2019Enseignement Sup\u00e9rieur et de la Recherche Scientifique -Bureau des dipl\u00f4mes.<\/p>\n<p>Pour demander un duplicata, se munir des pi\u00e8ces suivantes :<\/p>\n<ul>\n<li>La demande du concern\u00e9.<\/li>\n<li>La copie l\u00e9galis\u00e9e du dipl\u00f4me d\u00e9finitif.<\/li>\n<li>Une pi\u00e8ce justificative (D\u00e9claration de vol ou de perte &#8230;).<\/li>\n<li>Une attestation de r\u00e9ussite (\u00e0 retirer du service des dipl\u00f4mes)<\/li>\n<li>L\u2019original du bac ou du titre reconnu \u00e9quivalant ayant permis l\u2019acc\u00e8s aux \u00e9tudes universitaires.<\/li>\n<li>Les originaux des relev\u00e9s de notes du cursus avec griffe, cachet et signature du responsable des \u00e9tudes et sans surcharge (un relev\u00e9 de notes global est souhaitable).<\/li>\n<li>Un extrait de naissance d\u00e9livr\u00e9 par la commune d\u2019origine.<\/li>\n<\/ul>\n<p><strong>Retrait du bac<\/strong><\/p>\n<p>Les \u00e9tudiants dipl\u00f4m\u00e9s peuvent retirer d\u00e9finitivement leurs attestations du bac.<\/p>\n<ul>\n<li>Pour les \u00e9tudiants inscrits en\u00a0Master, le retrait d\u00e9finitif du bac se fait apr\u00e8s la remise du dipl\u00f4me.<\/li>\n<li>Pour les \u00e9tudiants en fin de cycle, le retrait du bac est provisoire et ce jusqu\u2019\u00e0 la remise du dipl\u00f4me.<\/li>\n<li>Le retrait du bac se fait sur la pr\u00e9sentation d\u2019une d\u00e9claration sur l\u2019honneur\u00a0l\u00e9galis\u00e9e \u00e0 l\u2019A.P.C (imprim\u00e9 \u00e0 retirer du service des archives).<\/li>\n<\/ul>\n<\/div>\n","protected":false},"excerpt":{"rendered":"<p>DIPLOMES Le service des dipl\u00f4mes &nbsp; Ill est charg\u00e9 de l\u2019\u00e9tablissement et de la d\u00e9livrance : Des attestations provisoires de dipl\u00f4me de graduation. Du dipl\u00f4me d\u00e9finitif. De l\u2019authentification des dipl\u00f4mes. Attestation provisoire de dipl\u00f4me &nbsp; Pour obtenir l\u2019attestation de dipl\u00f4me, l\u2019\u00e9tudiant en fin de cycle doit remplir une fiche statistique (imprim\u00e9 \u00e0 retirer du d\u00e9partement &hellip;<\/p>\n","protected":false},"author":2,"featured_media":0,"parent":6730,"menu_order":0,"comment_status":"closed","ping_status":"closed","template":"","meta":[],"yoast_head":"<!-- This site is optimized with the Yoast SEO plugin v20.8 - https:\/\/yoast.com\/wordpress\/plugins\/seo\/ -->\n<title>DIPLOMES - univ<\/title>\n<meta name=\"robots\" content=\"index, follow, max-snippet:-1, max-image-preview:large, max-video-preview:-1\" \/>\n<link rel=\"canonical\" href=\"https:\/\/www.univ-bechar.dz\/univ\/index.php\/vices-rectorats\/pedagogie\/diplomes\/\" \/>\n<meta property=\"og:locale\" content=\"fr_FR\" \/>\n<meta property=\"og:type\" content=\"article\" \/>\n<meta property=\"og:title\" content=\"DIPLOMES - univ\" \/>\n<meta property=\"og:description\" content=\"DIPLOMES Le service des dipl\u00f4mes &nbsp; Ill est charg\u00e9 de l\u2019\u00e9tablissement et de la d\u00e9livrance : Des attestations provisoires de dipl\u00f4me de graduation. Du dipl\u00f4me d\u00e9finitif. De l\u2019authentification des dipl\u00f4mes. Attestation provisoire de dipl\u00f4me &nbsp; Pour obtenir l\u2019attestation de dipl\u00f4me, l\u2019\u00e9tudiant en fin de cycle doit remplir une fiche statistique (imprim\u00e9 \u00e0 retirer du d\u00e9partement &hellip;\" \/>\n<meta property=\"og:url\" content=\"https:\/\/www.univ-bechar.dz\/univ\/index.php\/vices-rectorats\/pedagogie\/diplomes\/\" \/>\n<meta property=\"og:site_name\" content=\"univ\" \/>\n<meta property=\"article:publisher\" content=\"http:\/\/www.facebook.com\/univ.bechar\" \/>\n<meta name=\"twitter:card\" content=\"summary_large_image\" \/>\n<meta name=\"twitter:label1\" content=\"Est. reading time\" \/>\n\t<meta name=\"twitter:data1\" content=\"3 minutes\" \/>\n<script type=\"application\/ld+json\" class=\"yoast-schema-graph\">{\"@context\":\"https:\/\/schema.org\",\"@graph\":[{\"@type\":\"WebPage\",\"@id\":\"https:\/\/www.univ-bechar.dz\/univ\/index.php\/vices-rectorats\/pedagogie\/diplomes\/\",\"url\":\"https:\/\/www.univ-bechar.dz\/univ\/index.php\/vices-rectorats\/pedagogie\/diplomes\/\",\"name\":\"DIPLOMES - univ\",\"isPartOf\":{\"@id\":\"https:\/\/www.univ-bechar.dz\/univ\/#website\"},\"datePublished\":\"2018-03-28T08:14:26+00:00\",\"dateModified\":\"2018-03-28T08:14:26+00:00\",\"breadcrumb\":{\"@id\":\"https:\/\/www.univ-bechar.dz\/univ\/index.php\/vices-rectorats\/pedagogie\/diplomes\/#breadcrumb\"},\"inLanguage\":\"fr-FR\",\"potentialAction\":[{\"@type\":\"ReadAction\",\"target\":[\"https:\/\/www.univ-bechar.dz\/univ\/index.php\/vices-rectorats\/pedagogie\/diplomes\/\"]}]},{\"@type\":\"BreadcrumbList\",\"@id\":\"https:\/\/www.univ-bechar.dz\/univ\/index.php\/vices-rectorats\/pedagogie\/diplomes\/#breadcrumb\",\"itemListElement\":[{\"@type\":\"ListItem\",\"position\":1,\"name\":\"Home\",\"item\":\"https:\/\/www.univ-bechar.dz\/univ\/\"},{\"@type\":\"ListItem\",\"position\":2,\"name\":\"Vices Rectorats\",\"item\":\"https:\/\/www.univ-bechar.dz\/univ\/index.php\/vices-rectorats\/\"},{\"@type\":\"ListItem\",\"position\":3,\"name\":\"Vice Recteur Charg\u00e9 de la formation Sup\u00e9rieurede Premier et Deuxieme Cycle, la FormationContinue les Diplomes et la Formation Sup\u00e9rieurede Graduation\",\"item\":\"https:\/\/www.univ-bechar.dz\/univ\/index.php\/vices-rectorats\/pedagogie\/\"},{\"@type\":\"ListItem\",\"position\":4,\"name\":\"DIPLOMES\"}]},{\"@type\":\"WebSite\",\"@id\":\"https:\/\/www.univ-bechar.dz\/univ\/#website\",\"url\":\"https:\/\/www.univ-bechar.dz\/univ\/\",\"name\":\"univ\",\"description\":\"UTMB\",\"publisher\":{\"@id\":\"https:\/\/www.univ-bechar.dz\/univ\/#organization\"},\"potentialAction\":[{\"@type\":\"SearchAction\",\"target\":{\"@type\":\"EntryPoint\",\"urlTemplate\":\"https:\/\/www.univ-bechar.dz\/univ\/?s={search_term_string}\"},\"query-input\":\"required name=search_term_string\"}],\"inLanguage\":\"fr-FR\"},{\"@type\":\"Organization\",\"@id\":\"https:\/\/www.univ-bechar.dz\/univ\/#organization\",\"name\":\"univ\",\"url\":\"https:\/\/www.univ-bechar.dz\/univ\/\",\"logo\":{\"@type\":\"ImageObject\",\"inLanguage\":\"fr-FR\",\"@id\":\"https:\/\/www.univ-bechar.dz\/univ\/#\/schema\/logo\/image\/\",\"url\":\"https:\/\/www.univ-bechar.dz\/univ\/wp-content\/uploads\/2022\/09\/LOGOUNIV.png\",\"contentUrl\":\"https:\/\/www.univ-bechar.dz\/univ\/wp-content\/uploads\/2022\/09\/LOGOUNIV.png\",\"width\":670,\"height\":962,\"caption\":\"univ\"},\"image\":{\"@id\":\"https:\/\/www.univ-bechar.dz\/univ\/#\/schema\/logo\/image\/\"},\"sameAs\":[\"http:\/\/www.facebook.com\/univ.bechar\"]}]}<\/script>\n<!-- \/ Yoast SEO plugin. -->","yoast_head_json":{"title":"DIPLOMES - univ","robots":{"index":"index","follow":"follow","max-snippet":"max-snippet:-1","max-image-preview":"max-image-preview:large","max-video-preview":"max-video-preview:-1"},"canonical":"https:\/\/www.univ-bechar.dz\/univ\/index.php\/vices-rectorats\/pedagogie\/diplomes\/","og_locale":"fr_FR","og_type":"article","og_title":"DIPLOMES - univ","og_description":"DIPLOMES Le service des dipl\u00f4mes &nbsp; Ill est charg\u00e9 de l\u2019\u00e9tablissement et de la d\u00e9livrance : Des attestations provisoires de dipl\u00f4me de graduation. Du dipl\u00f4me d\u00e9finitif. De l\u2019authentification des dipl\u00f4mes. Attestation provisoire de dipl\u00f4me &nbsp; Pour obtenir l\u2019attestation de dipl\u00f4me, l\u2019\u00e9tudiant en fin de cycle doit remplir une fiche statistique (imprim\u00e9 \u00e0 retirer du d\u00e9partement &hellip;","og_url":"https:\/\/www.univ-bechar.dz\/univ\/index.php\/vices-rectorats\/pedagogie\/diplomes\/","og_site_name":"univ","article_publisher":"http:\/\/www.facebook.com\/univ.bechar","twitter_card":"summary_large_image","twitter_misc":{"Est. reading time":"3 minutes"},"schema":{"@context":"https:\/\/schema.org","@graph":[{"@type":"WebPage","@id":"https:\/\/www.univ-bechar.dz\/univ\/index.php\/vices-rectorats\/pedagogie\/diplomes\/","url":"https:\/\/www.univ-bechar.dz\/univ\/index.php\/vices-rectorats\/pedagogie\/diplomes\/","name":"DIPLOMES - univ","isPartOf":{"@id":"https:\/\/www.univ-bechar.dz\/univ\/#website"},"datePublished":"2018-03-28T08:14:26+00:00","dateModified":"2018-03-28T08:14:26+00:00","breadcrumb":{"@id":"https:\/\/www.univ-bechar.dz\/univ\/index.php\/vices-rectorats\/pedagogie\/diplomes\/#breadcrumb"},"inLanguage":"fr-FR","potentialAction":[{"@type":"ReadAction","target":["https:\/\/www.univ-bechar.dz\/univ\/index.php\/vices-rectorats\/pedagogie\/diplomes\/"]}]},{"@type":"BreadcrumbList","@id":"https:\/\/www.univ-bechar.dz\/univ\/index.php\/vices-rectorats\/pedagogie\/diplomes\/#breadcrumb","itemListElement":[{"@type":"ListItem","position":1,"name":"Home","item":"https:\/\/www.univ-bechar.dz\/univ\/"},{"@type":"ListItem","position":2,"name":"Vices Rectorats","item":"https:\/\/www.univ-bechar.dz\/univ\/index.php\/vices-rectorats\/"},{"@type":"ListItem","position":3,"name":"Vice Recteur Charg\u00e9 de la formation Sup\u00e9rieurede Premier et Deuxieme Cycle, la FormationContinue les Diplomes et la Formation Sup\u00e9rieurede Graduation","item":"https:\/\/www.univ-bechar.dz\/univ\/index.php\/vices-rectorats\/pedagogie\/"},{"@type":"ListItem","position":4,"name":"DIPLOMES"}]},{"@type":"WebSite","@id":"https:\/\/www.univ-bechar.dz\/univ\/#website","url":"https:\/\/www.univ-bechar.dz\/univ\/","name":"univ","description":"UTMB","publisher":{"@id":"https:\/\/www.univ-bechar.dz\/univ\/#organization"},"potentialAction":[{"@type":"SearchAction","target":{"@type":"EntryPoint","urlTemplate":"https:\/\/www.univ-bechar.dz\/univ\/?s={search_term_string}"},"query-input":"required name=search_term_string"}],"inLanguage":"fr-FR"},{"@type":"Organization","@id":"https:\/\/www.univ-bechar.dz\/univ\/#organization","name":"univ","url":"https:\/\/www.univ-bechar.dz\/univ\/","logo":{"@type":"ImageObject","inLanguage":"fr-FR","@id":"https:\/\/www.univ-bechar.dz\/univ\/#\/schema\/logo\/image\/","url":"https:\/\/www.univ-bechar.dz\/univ\/wp-content\/uploads\/2022\/09\/LOGOUNIV.png","contentUrl":"https:\/\/www.univ-bechar.dz\/univ\/wp-content\/uploads\/2022\/09\/LOGOUNIV.png","width":670,"height":962,"caption":"univ"},"image":{"@id":"https:\/\/www.univ-bechar.dz\/univ\/#\/schema\/logo\/image\/"},"sameAs":["http:\/\/www.facebook.com\/univ.bechar"]}]}},"_links":{"self":[{"href":"https:\/\/www.univ-bechar.dz\/univ\/index.php\/wp-json\/wp\/v2\/pages\/6775"}],"collection":[{"href":"https:\/\/www.univ-bechar.dz\/univ\/index.php\/wp-json\/wp\/v2\/pages"}],"about":[{"href":"https:\/\/www.univ-bechar.dz\/univ\/index.php\/wp-json\/wp\/v2\/types\/page"}],"author":[{"embeddable":true,"href":"https:\/\/www.univ-bechar.dz\/univ\/index.php\/wp-json\/wp\/v2\/users\/2"}],"replies":[{"embeddable":true,"href":"https:\/\/www.univ-bechar.dz\/univ\/index.php\/wp-json\/wp\/v2\/comments?post=6775"}],"version-history":[{"count":0,"href":"https:\/\/www.univ-bechar.dz\/univ\/index.php\/wp-json\/wp\/v2\/pages\/6775\/revisions"}],"up":[{"embeddable":true,"href":"https:\/\/www.univ-bechar.dz\/univ\/index.php\/wp-json\/wp\/v2\/pages\/6730"}],"wp:attachment":[{"href":"https:\/\/www.univ-bechar.dz\/univ\/index.php\/wp-json\/wp\/v2\/media?parent=6775"}],"curies":[{"name":"wp","href":"https:\/\/api.w.org\/{rel}","templated":true}]}}