{"id":6957,"date":"2018-04-02T09:51:45","date_gmt":"2018-04-02T07:51:45","guid":{"rendered":"http:\/\/www.univ-bechar.dz\/portail\/site\/?page_id=6957"},"modified":"2018-04-02T09:51:45","modified_gmt":"2018-04-02T07:51:45","slug":"habilitation","status":"publish","type":"page","link":"https:\/\/www.univ-bechar.dz\/univ\/index.php\/vices-rectorats\/relations-exterieurs\/habilitation\/","title":{"rendered":"Habilitation"},"content":{"rendered":"<h2>Conditions &amp; modalit\u00e9s<\/h2>\n<p><a href=\"http:\/\/www.univ-bechar.dz\/portail\/site\/wp-content\/uploads\/2018\/04\/note-habilitation.pdf\">Habilitation au Doctorat en Sciences et \u00e0 l\u2019organisation et \u00e0 la d\u00e9livrance de l\u2019Habilitation Universitaire.\u00a0 P\u00e9riode: Septembre <strong>2015 \u2013 Ao\u00fbt 2019<\/strong><\/a><\/p>\n<p>Canevas Pour les Offres d\u2019Habilitation au Doctorat en Sciences (<a href=\"http:\/\/www.univ-bechar.dz\/portail\/site\/wp-content\/uploads\/2018\/04\/canevas-habilitation-ar.docx\">Ar<\/a>&#8211; <a href=\"http:\/\/www.univ-bechar.dz\/portail\/site\/wp-content\/uploads\/2018\/04\/canevas-habilitation-fr.docx\">Fr<\/a>)<\/p>\n<p><strong>I. Conditions d\u2019Inscription \u00e0 l\u2019Habilitation Universitaire:<br \/>\n<\/strong><br \/>\nLes candidats \u00e0 l\u2019habilitation universitaires doivent satisfaire l\u2019un des titres suivants :<br \/>\nL\u2019habilitation universitaire s\u2019adresse aux enseignants chercheurs (ma\u00eetres assistants charg\u00e9s de cours et ma\u00eetres assistants confirm\u00e9s):<\/p>\n<ul>\n<li>\u00a0Titulaires d\u2019un dipl\u00f4me de doctorat au sens o\u00f9 le pr\u00e9voit le d\u00e9cret ex\u00e9cutif N\u00b098.254 du 17 Ao\u00fbt 1998, ou d\u2019un dipl\u00f4me \u00e9tranger admis en \u00e9quivalence.<\/li>\n<li>\u00a0Titulaires d\u2019un dipl\u00f4me de doctorat 3eme cycle.<\/li>\n<li>\u00a0D\u2019un Doctorat dans le cadre de la nouvelle th\u00e8se (Nouveau r\u00e9gime) depuis au moins une ann\u00e9e.<\/li>\n<\/ul>\n<p>Un d\u00e9lai d\u2019une ann\u00e9e au moins est obligatoire entre la soutenance du doctorat et le d\u00e9p\u00f4t d\u2019un dossier d\u2019habilitation.<\/p>\n<p><strong>II. Modalit\u00e9s d\u2019Inscription \u00e0 l\u2019Habilitation Universitaire:<\/strong><\/p>\n<p>Les deux sessions de d\u00e9pot des dossiers de candidatures sont respectivement fix\u00e9es du 15 au 30 septembre et du 15 au 30 janvier de l&rsquo;ann\u00e9e universitaire<\/p>\n<p>La proc\u00e9dure de l\u2019habilitation universitaire s\u2019effectue en quatre \u00e9tapes (<a href=\"http:\/\/www.univ-bechar.dz\/portail\/site\/wp-content\/uploads\/2018\/04\/procedure-habilitation-universitaire.pdf\">t\u00e9l\u00e9charger<\/a>)<\/p>\n<div class=\"page-header\">\n<h2>Dossier d&rsquo;inscription<\/h2>\n<\/div>\n<div class=\"icons\">\n<div class=\"btn-group pull-right\"><\/div>\n<\/div>\n<div>\n<p>\u00a0<strong> Constitution du dossier:<br \/>\n<\/strong><br \/>\nLe dossier de candidature \u00e0 une inscription \u00e0 l\u2019habilitation universitaire doit \u00eatre d\u00e9pos\u00e9 en huit (08) exemplaires au vice rectorat charg\u00e9 de la formation sup\u00e9rieure en post-graduation, l\u2019habilitation universitaire et la recherche scientifique de l\u2019\u00e9tablissement et comporte les documents suivants :<\/p>\n<ul>\n<li>Une demande manuscrite adress\u00e9e au recteur de l\u2019universit\u00e9 b\u00e9char<\/li>\n<li>Une attestation de fonction r\u00e9cente<\/li>\n<li>Une copie l\u00e9galis\u00e9e de l\u2019arr\u00eat\u00e9 de nomination<\/li>\n<li>Une copie l\u00e9galis\u00e9e de tous les dipl\u00f4mes universitaires et attestations obtenus;<\/li>\n<li>Un curriculum vitae d\u00e9taill\u00e9 et complet mettant en relief la carri\u00e8re p\u00e9dagogique et scientifique (Activit\u00e9s d\u2019enseignement, mati\u00e8res enseign\u00e9es, responsabilit\u00e9s p\u00e9dagogiques, encadrement de m\u00e9moires, \u2026)<\/li>\n<li>\u00a0Un exemplaire de la th\u00e8se de Doctorat<\/li>\n<li>Un r\u00e9sum\u00e9 de la th\u00e8se de Doctorat<\/li>\n<li>Copies des travaux scientifiques d\u00e9velopp\u00e9s par le postulant compos\u00e9es :<\/li>\n<\/ul>\n<p>&#8211; Tir\u00e9s \u00e0 part des articles originaux publi\u00e9s dans des revues scientifiques sp\u00e9cialis\u00e9es \u00e0 comit\u00e9 de lecture reconnu (vol.5).<br \/>\n&#8211; Communications scientifiques personnelles publi\u00e9es dans les annales de congr\u00e8s sp\u00e9cialis\u00e9es valid\u00e9es par des attestations de participation<br \/>\n&#8211; Ouvrages r\u00e9alis\u00e9s et\/ou auxquels le postulant a particip\u00e9<br \/>\n&#8211; Brevets d\u00e9pos\u00e9s et authentifi\u00e9s<\/p>\n<ul>\n<li>\u00a0Une synth\u00e8se de cinq (5) \u00e0 dix (10) pages mettant en exergue l&rsquo;ensemble des travaux scientifiques et p\u00e9dagogiques.<\/li>\n<\/ul>\n<p><strong>\u00a0Liste des disciplines ouvertes \u00e0 l\u2019habilitation universitaire:<\/strong><\/p>\n<p><strong>\u00a0<\/strong><span style=\"line-height: 1.5;\">Physique, Chimie<\/span><\/p>\n<ul>\n<li>Sciences \u00c9conomiques et de Gestion<\/li>\n<li>Sciences Politiques, Sciences Juridiques<\/li>\n<li>Sociologie, Sciences Islamiques, Psychologie, Histoire<\/li>\n<li>Langue Arabe<\/li>\n<li>Architecture<\/li>\n<li>Philosophie<\/li>\n<li>Sciences de l&rsquo;information et de la communication<\/li>\n<\/ul>\n<p>&nbsp;<\/p>\n<\/div>\n","protected":false},"excerpt":{"rendered":"<p>Conditions &amp; modalit\u00e9s Habilitation au Doctorat en Sciences et \u00e0 l\u2019organisation et \u00e0 la d\u00e9livrance de l\u2019Habilitation Universitaire.\u00a0 P\u00e9riode: Septembre 2015 \u2013 Ao\u00fbt 2019 Canevas Pour les Offres d\u2019Habilitation au Doctorat en Sciences (Ar&#8211; Fr) I. Conditions d\u2019Inscription \u00e0 l\u2019Habilitation Universitaire: Les candidats \u00e0 l\u2019habilitation universitaires doivent satisfaire l\u2019un des titres suivants : L\u2019habilitation universitaire &hellip;<\/p>\n","protected":false},"author":2,"featured_media":0,"parent":6732,"menu_order":0,"comment_status":"closed","ping_status":"closed","template":"","meta":[],"yoast_head":"<!-- This site is optimized with the Yoast SEO plugin v20.8 - https:\/\/yoast.com\/wordpress\/plugins\/seo\/ -->\n<title>Habilitation - univ<\/title>\n<meta name=\"robots\" content=\"index, follow, max-snippet:-1, max-image-preview:large, max-video-preview:-1\" \/>\n<link rel=\"canonical\" href=\"https:\/\/www.univ-bechar.dz\/univ\/index.php\/vices-rectorats\/relations-exterieurs\/habilitation\/\" \/>\n<meta property=\"og:locale\" content=\"fr_FR\" \/>\n<meta property=\"og:type\" content=\"article\" \/>\n<meta property=\"og:title\" content=\"Habilitation - univ\" \/>\n<meta property=\"og:description\" content=\"Conditions &amp; modalit\u00e9s Habilitation au Doctorat en Sciences et \u00e0 l\u2019organisation et \u00e0 la d\u00e9livrance de l\u2019Habilitation Universitaire.\u00a0 P\u00e9riode: Septembre 2015 \u2013 Ao\u00fbt 2019 Canevas Pour les Offres d\u2019Habilitation au Doctorat en Sciences (Ar&#8211; Fr) I. Conditions d\u2019Inscription \u00e0 l\u2019Habilitation Universitaire: Les candidats \u00e0 l\u2019habilitation universitaires doivent satisfaire l\u2019un des titres suivants : L\u2019habilitation universitaire &hellip;\" \/>\n<meta property=\"og:url\" content=\"https:\/\/www.univ-bechar.dz\/univ\/index.php\/vices-rectorats\/relations-exterieurs\/habilitation\/\" \/>\n<meta property=\"og:site_name\" content=\"univ\" \/>\n<meta property=\"article:publisher\" content=\"http:\/\/www.facebook.com\/univ.bechar\" \/>\n<meta name=\"twitter:card\" content=\"summary_large_image\" \/>\n<meta name=\"twitter:label1\" content=\"Est. reading time\" \/>\n\t<meta name=\"twitter:data1\" content=\"2 minutes\" \/>\n<script type=\"application\/ld+json\" class=\"yoast-schema-graph\">{\"@context\":\"https:\/\/schema.org\",\"@graph\":[{\"@type\":\"WebPage\",\"@id\":\"https:\/\/www.univ-bechar.dz\/univ\/index.php\/vices-rectorats\/relations-exterieurs\/habilitation\/\",\"url\":\"https:\/\/www.univ-bechar.dz\/univ\/index.php\/vices-rectorats\/relations-exterieurs\/habilitation\/\",\"name\":\"Habilitation - univ\",\"isPartOf\":{\"@id\":\"https:\/\/www.univ-bechar.dz\/univ\/#website\"},\"datePublished\":\"2018-04-02T07:51:45+00:00\",\"dateModified\":\"2018-04-02T07:51:45+00:00\",\"breadcrumb\":{\"@id\":\"https:\/\/www.univ-bechar.dz\/univ\/index.php\/vices-rectorats\/relations-exterieurs\/habilitation\/#breadcrumb\"},\"inLanguage\":\"fr-FR\",\"potentialAction\":[{\"@type\":\"ReadAction\",\"target\":[\"https:\/\/www.univ-bechar.dz\/univ\/index.php\/vices-rectorats\/relations-exterieurs\/habilitation\/\"]}]},{\"@type\":\"BreadcrumbList\",\"@id\":\"https:\/\/www.univ-bechar.dz\/univ\/index.php\/vices-rectorats\/relations-exterieurs\/habilitation\/#breadcrumb\",\"itemListElement\":[{\"@type\":\"ListItem\",\"position\":1,\"name\":\"Home\",\"item\":\"https:\/\/www.univ-bechar.dz\/univ\/\"},{\"@type\":\"ListItem\",\"position\":2,\"name\":\"Vices Rectorats\",\"item\":\"https:\/\/www.univ-bechar.dz\/univ\/index.php\/vices-rectorats\/\"},{\"@type\":\"ListItem\",\"position\":3,\"name\":\"Le Vice rectorat charg\u00e9 de la formation sup\u00e9rieure de troisi\u00e8me cycle, l&#039;habilitation universitaire, la recherche scientifique, et la formation sup\u00e9rieure de post-graduation\",\"item\":\"https:\/\/www.univ-bechar.dz\/univ\/index.php\/vices-rectorats\/relations-exterieurs\/\"},{\"@type\":\"ListItem\",\"position\":4,\"name\":\"Habilitation\"}]},{\"@type\":\"WebSite\",\"@id\":\"https:\/\/www.univ-bechar.dz\/univ\/#website\",\"url\":\"https:\/\/www.univ-bechar.dz\/univ\/\",\"name\":\"univ\",\"description\":\"UTMB\",\"publisher\":{\"@id\":\"https:\/\/www.univ-bechar.dz\/univ\/#organization\"},\"potentialAction\":[{\"@type\":\"SearchAction\",\"target\":{\"@type\":\"EntryPoint\",\"urlTemplate\":\"https:\/\/www.univ-bechar.dz\/univ\/?s={search_term_string}\"},\"query-input\":\"required name=search_term_string\"}],\"inLanguage\":\"fr-FR\"},{\"@type\":\"Organization\",\"@id\":\"https:\/\/www.univ-bechar.dz\/univ\/#organization\",\"name\":\"univ\",\"url\":\"https:\/\/www.univ-bechar.dz\/univ\/\",\"logo\":{\"@type\":\"ImageObject\",\"inLanguage\":\"fr-FR\",\"@id\":\"https:\/\/www.univ-bechar.dz\/univ\/#\/schema\/logo\/image\/\",\"url\":\"https:\/\/www.univ-bechar.dz\/univ\/wp-content\/uploads\/2022\/09\/LOGOUNIV.png\",\"contentUrl\":\"https:\/\/www.univ-bechar.dz\/univ\/wp-content\/uploads\/2022\/09\/LOGOUNIV.png\",\"width\":670,\"height\":962,\"caption\":\"univ\"},\"image\":{\"@id\":\"https:\/\/www.univ-bechar.dz\/univ\/#\/schema\/logo\/image\/\"},\"sameAs\":[\"http:\/\/www.facebook.com\/univ.bechar\"]}]}<\/script>\n<!-- \/ Yoast SEO plugin. -->","yoast_head_json":{"title":"Habilitation - univ","robots":{"index":"index","follow":"follow","max-snippet":"max-snippet:-1","max-image-preview":"max-image-preview:large","max-video-preview":"max-video-preview:-1"},"canonical":"https:\/\/www.univ-bechar.dz\/univ\/index.php\/vices-rectorats\/relations-exterieurs\/habilitation\/","og_locale":"fr_FR","og_type":"article","og_title":"Habilitation - univ","og_description":"Conditions &amp; modalit\u00e9s Habilitation au Doctorat en Sciences et \u00e0 l\u2019organisation et \u00e0 la d\u00e9livrance de l\u2019Habilitation Universitaire.\u00a0 P\u00e9riode: Septembre 2015 \u2013 Ao\u00fbt 2019 Canevas Pour les Offres d\u2019Habilitation au Doctorat en Sciences (Ar&#8211; Fr) I. Conditions d\u2019Inscription \u00e0 l\u2019Habilitation Universitaire: Les candidats \u00e0 l\u2019habilitation universitaires doivent satisfaire l\u2019un des titres suivants : L\u2019habilitation universitaire &hellip;","og_url":"https:\/\/www.univ-bechar.dz\/univ\/index.php\/vices-rectorats\/relations-exterieurs\/habilitation\/","og_site_name":"univ","article_publisher":"http:\/\/www.facebook.com\/univ.bechar","twitter_card":"summary_large_image","twitter_misc":{"Est. reading time":"2 minutes"},"schema":{"@context":"https:\/\/schema.org","@graph":[{"@type":"WebPage","@id":"https:\/\/www.univ-bechar.dz\/univ\/index.php\/vices-rectorats\/relations-exterieurs\/habilitation\/","url":"https:\/\/www.univ-bechar.dz\/univ\/index.php\/vices-rectorats\/relations-exterieurs\/habilitation\/","name":"Habilitation - univ","isPartOf":{"@id":"https:\/\/www.univ-bechar.dz\/univ\/#website"},"datePublished":"2018-04-02T07:51:45+00:00","dateModified":"2018-04-02T07:51:45+00:00","breadcrumb":{"@id":"https:\/\/www.univ-bechar.dz\/univ\/index.php\/vices-rectorats\/relations-exterieurs\/habilitation\/#breadcrumb"},"inLanguage":"fr-FR","potentialAction":[{"@type":"ReadAction","target":["https:\/\/www.univ-bechar.dz\/univ\/index.php\/vices-rectorats\/relations-exterieurs\/habilitation\/"]}]},{"@type":"BreadcrumbList","@id":"https:\/\/www.univ-bechar.dz\/univ\/index.php\/vices-rectorats\/relations-exterieurs\/habilitation\/#breadcrumb","itemListElement":[{"@type":"ListItem","position":1,"name":"Home","item":"https:\/\/www.univ-bechar.dz\/univ\/"},{"@type":"ListItem","position":2,"name":"Vices Rectorats","item":"https:\/\/www.univ-bechar.dz\/univ\/index.php\/vices-rectorats\/"},{"@type":"ListItem","position":3,"name":"Le Vice rectorat charg\u00e9 de la formation sup\u00e9rieure de troisi\u00e8me cycle, l&#039;habilitation universitaire, la recherche scientifique, et la formation sup\u00e9rieure de post-graduation","item":"https:\/\/www.univ-bechar.dz\/univ\/index.php\/vices-rectorats\/relations-exterieurs\/"},{"@type":"ListItem","position":4,"name":"Habilitation"}]},{"@type":"WebSite","@id":"https:\/\/www.univ-bechar.dz\/univ\/#website","url":"https:\/\/www.univ-bechar.dz\/univ\/","name":"univ","description":"UTMB","publisher":{"@id":"https:\/\/www.univ-bechar.dz\/univ\/#organization"},"potentialAction":[{"@type":"SearchAction","target":{"@type":"EntryPoint","urlTemplate":"https:\/\/www.univ-bechar.dz\/univ\/?s={search_term_string}"},"query-input":"required name=search_term_string"}],"inLanguage":"fr-FR"},{"@type":"Organization","@id":"https:\/\/www.univ-bechar.dz\/univ\/#organization","name":"univ","url":"https:\/\/www.univ-bechar.dz\/univ\/","logo":{"@type":"ImageObject","inLanguage":"fr-FR","@id":"https:\/\/www.univ-bechar.dz\/univ\/#\/schema\/logo\/image\/","url":"https:\/\/www.univ-bechar.dz\/univ\/wp-content\/uploads\/2022\/09\/LOGOUNIV.png","contentUrl":"https:\/\/www.univ-bechar.dz\/univ\/wp-content\/uploads\/2022\/09\/LOGOUNIV.png","width":670,"height":962,"caption":"univ"},"image":{"@id":"https:\/\/www.univ-bechar.dz\/univ\/#\/schema\/logo\/image\/"},"sameAs":["http:\/\/www.facebook.com\/univ.bechar"]}]}},"_links":{"self":[{"href":"https:\/\/www.univ-bechar.dz\/univ\/index.php\/wp-json\/wp\/v2\/pages\/6957"}],"collection":[{"href":"https:\/\/www.univ-bechar.dz\/univ\/index.php\/wp-json\/wp\/v2\/pages"}],"about":[{"href":"https:\/\/www.univ-bechar.dz\/univ\/index.php\/wp-json\/wp\/v2\/types\/page"}],"author":[{"embeddable":true,"href":"https:\/\/www.univ-bechar.dz\/univ\/index.php\/wp-json\/wp\/v2\/users\/2"}],"replies":[{"embeddable":true,"href":"https:\/\/www.univ-bechar.dz\/univ\/index.php\/wp-json\/wp\/v2\/comments?post=6957"}],"version-history":[{"count":0,"href":"https:\/\/www.univ-bechar.dz\/univ\/index.php\/wp-json\/wp\/v2\/pages\/6957\/revisions"}],"up":[{"embeddable":true,"href":"https:\/\/www.univ-bechar.dz\/univ\/index.php\/wp-json\/wp\/v2\/pages\/6732"}],"wp:attachment":[{"href":"https:\/\/www.univ-bechar.dz\/univ\/index.php\/wp-json\/wp\/v2\/media?parent=6957"}],"curies":[{"name":"wp","href":"https:\/\/api.w.org\/{rel}","templated":true}]}}