{"id":7585,"date":"2018-04-08T09:08:45","date_gmt":"2018-04-08T07:08:45","guid":{"rendered":"http:\/\/www.univ-bechar.dz\/portail\/site\/?page_id=7585"},"modified":"2018-04-08T09:08:45","modified_gmt":"2018-04-08T07:08:45","slug":"transferts","status":"publish","type":"page","link":"https:\/\/www.univ-bechar.dz\/univ\/index.php\/vices-rectorats\/pedagogie\/transferts\/","title":{"rendered":"Transferts"},"content":{"rendered":"<p><strong>Transfert<\/strong>:\u00a0 <strong>Baccalaur\u00e9at 2017<\/strong><\/p>\n<p>Le bachelier inscrit en ao\u00fbt 2017 et qui souhaite changer de fili\u00e8re, une plateforme transfert est mise \u00e0 sa disposition sur les sites internet d\u00e9di\u00e9s.<\/p>\n<p>La demande de transfert doit se faire obligatoirement et exclusivement en ligne.<\/p>\n<p>Apr\u00e8s \u00e9tude, une r\u00e9ponse parviendra au concern\u00e9.<\/p>\n<p>Il devra soit valider sa nouvelle inscription, soit maintenir son inscription initiale.<\/p>\n<p>Le calendrier des transferts sera fix\u00e9 ult\u00e9rieurement.<\/p>\n<p>Il est demand\u00e9 aux chefs d&rsquo;\u00e9tablissements d&rsquo;enseignement et de formation sup\u00e9rieurs et aux directeurs des \u0153uvres universitaires de prendre, chacun en ce qui le concerne, toutes les dispositions utiles en vue d&rsquo;assurer la plus large diffusion, en direction des nouveaux bacheliers et de leurs parents, du contenu de la pr\u00e9sente circulaire et de toutes informations relatives aux cursus de formations sup\u00e9rieures, aux dipl\u00f4mes les sanctionnant et aux conditions d&rsquo;acc\u00e8s aux \u0153uvres universitaires.<\/p>\n<p>Par ailleurs, il est recommand\u00e9 d\u2019informer que la pr\u00e9sente circulaire est disponible au format num\u00e9rique et interactif, accompagn\u00e9e du guide du nouveau bachelier, t\u00e9l\u00e9chargeables via les sites internet d\u00e9di\u00e9s.<\/p>\n<p>&nbsp;<\/p>\n<p><strong>Transfert:<\/strong>\u00a0 <strong>Baccalaur\u00e9at ant\u00e9rieur \u00e0 2017<\/strong><\/p>\n<p>&nbsp;<\/p>\n<p>Nota :<\/p>\n<ul>\n<li>\n<ul>\n<li>\n<ul>\n<li>Le transfert des titulaires du Baccalaur\u00e9at ant\u00e9rieur \u00e0 2017 ob\u00e9issent \u00e0 la note \u00e9manant du minist\u00e8re de l\u2019enseignement sup\u00e9rieur et de la recherche scientifique (\u00e0 t\u00e9l\u00e9charger).<\/li>\n<li>Les formalit\u00e9s de Transfert s\u2019effectuent soit en fin d\u2019ann\u00e9e universitaire ou au d\u00e9but de chaque ann\u00e9e universitaire<\/li>\n<li>Le transfert n\u2019est pas un droit.<\/li>\n<li>Les demandes de transfert doivent \u00eatre justifi\u00e9es.<\/li>\n<li>L\u2019\u00e9tudiant r\u00e9guli\u00e8rement inscrit dans un \u00e9tablissement universitaire et d\u00e9sireux de s\u2019inscrire dans un autre \u00e9tablissement, doit soumettre une demande \u00e0 ce dernier, par le canal universitaire.<\/li>\n<li>On distingue deux types de transfert externe et interne<\/li>\n<\/ul>\n<\/li>\n<\/ul>\n<\/li>\n<\/ul>\n<p><strong>Transfert Externe<\/strong><\/p>\n<p>Concerne les \u00e9tudiants inscrits hors de l\u2019\u00e9tablissement demand\u00e9.<\/p>\n<p><strong>Transfert Interne<\/strong><\/p>\n<p>Concerne les \u00e9tudiants inscrits dans le m\u00eame \u00e9tablissement demand\u00e9.<\/p>\n<p><strong>Le transfert ob\u00e9it aux r\u00e8gles :<\/strong><\/p>\n<ul>\n<li>\n<ul>\n<li>\n<ul>\n<li>Notes minimales d\u2019inscription de l\u2019ann\u00e9e du Bac<\/li>\n<li>Circonscription g\u00e9ographique<\/li>\n<li>Nombre de places p\u00e9dagogiques disponibles<\/li>\n<li>Formalit\u00e9s de mise en \u0153uvre adopt\u00e9es par l\u2019\u00e9tablissement pour chaque ann\u00e9e universitaire<\/li>\n<li>Le Transfert Externe doit faire l\u2019objet d\u2019un accord conjoint entre les deux \u00e9tablissements.<\/li>\n<\/ul>\n<\/li>\n<\/ul>\n<\/li>\n<\/ul>\n<p><strong>Dossier de transfert\u00a0:<\/strong><\/p>\n<ul>\n<li>\n<ul>\n<li>\n<ul>\n<li>Imprim\u00e9 de transfert (t\u00e9l\u00e9charger demande de Transfert Externe -3 exemplaires) valable pour le transfert hors b\u00e9char.<\/li>\n<li>Copie du relev\u00e9 des notes du Baccalaur\u00e9at.<\/li>\n<li>Certificat d\u2019inscription de l\u2019ann\u00e9e en cours.<\/li>\n<li>Relev\u00e9s des notes pour toutes les ann\u00e9es d\u2019\u00e9tudes universitaires.<\/li>\n<li>Documents justifiants le transfert.<\/li>\n<li>Circulaire n\u00b001 du 06 juin 2017 Fr <a href=\"http:\/\/www.univ-bechar.dz\/portail\/site\/wp-content\/uploads\/2018\/04\/circulaire_1_fr-1.pdf\">circulaire_1_fr (1)<\/a>,<\/li>\n<li>Circulaire n\u00b001 du 06 juin 2017 Ar\u00a0<a href=\"http:\/\/www.univ-bechar.dz\/portail\/site\/wp-content\/uploads\/2018\/04\/circulaire-n-\u00a601-fran-\u00baais-rentr-\u00aee-universitaire-2017-2018-du-27-juin-2017.pdf\">circulaire-n-\u00a601-fran-\u00baais-rentr-\u00aee-universitaire-2017-2018-du-27-juin-2017<\/a><\/li>\n<\/ul>\n<\/li>\n<\/ul>\n<\/li>\n<\/ul>\n","protected":false},"excerpt":{"rendered":"<p>Transfert:\u00a0 Baccalaur\u00e9at 2017 Le bachelier inscrit en ao\u00fbt 2017 et qui souhaite changer de fili\u00e8re, une plateforme transfert est mise \u00e0 sa disposition sur les sites internet d\u00e9di\u00e9s. La demande de transfert doit se faire obligatoirement et exclusivement en ligne. Apr\u00e8s \u00e9tude, une r\u00e9ponse parviendra au concern\u00e9. Il devra soit valider sa nouvelle inscription, soit &hellip;<\/p>\n","protected":false},"author":2,"featured_media":0,"parent":6730,"menu_order":0,"comment_status":"closed","ping_status":"closed","template":"","meta":[],"yoast_head":"<!-- This site is optimized with the Yoast SEO plugin v20.8 - https:\/\/yoast.com\/wordpress\/plugins\/seo\/ -->\n<title>Transferts - univ<\/title>\n<meta name=\"robots\" content=\"index, follow, max-snippet:-1, max-image-preview:large, max-video-preview:-1\" \/>\n<link rel=\"canonical\" href=\"https:\/\/www.univ-bechar.dz\/univ\/index.php\/vices-rectorats\/pedagogie\/transferts\/\" \/>\n<meta property=\"og:locale\" content=\"fr_FR\" \/>\n<meta property=\"og:type\" content=\"article\" \/>\n<meta property=\"og:title\" content=\"Transferts - univ\" \/>\n<meta property=\"og:description\" content=\"Transfert:\u00a0 Baccalaur\u00e9at 2017 Le bachelier inscrit en ao\u00fbt 2017 et qui souhaite changer de fili\u00e8re, une plateforme transfert est mise \u00e0 sa disposition sur les sites internet d\u00e9di\u00e9s. La demande de transfert doit se faire obligatoirement et exclusivement en ligne. Apr\u00e8s \u00e9tude, une r\u00e9ponse parviendra au concern\u00e9. Il devra soit valider sa nouvelle inscription, soit &hellip;\" \/>\n<meta property=\"og:url\" content=\"https:\/\/www.univ-bechar.dz\/univ\/index.php\/vices-rectorats\/pedagogie\/transferts\/\" \/>\n<meta property=\"og:site_name\" content=\"univ\" \/>\n<meta property=\"article:publisher\" content=\"http:\/\/www.facebook.com\/univ.bechar\" \/>\n<meta name=\"twitter:card\" content=\"summary_large_image\" \/>\n<meta name=\"twitter:label1\" content=\"Est. reading time\" \/>\n\t<meta name=\"twitter:data1\" content=\"2 minutes\" \/>\n<script type=\"application\/ld+json\" class=\"yoast-schema-graph\">{\"@context\":\"https:\/\/schema.org\",\"@graph\":[{\"@type\":\"WebPage\",\"@id\":\"https:\/\/www.univ-bechar.dz\/univ\/index.php\/vices-rectorats\/pedagogie\/transferts\/\",\"url\":\"https:\/\/www.univ-bechar.dz\/univ\/index.php\/vices-rectorats\/pedagogie\/transferts\/\",\"name\":\"Transferts - univ\",\"isPartOf\":{\"@id\":\"https:\/\/www.univ-bechar.dz\/univ\/#website\"},\"datePublished\":\"2018-04-08T07:08:45+00:00\",\"dateModified\":\"2018-04-08T07:08:45+00:00\",\"breadcrumb\":{\"@id\":\"https:\/\/www.univ-bechar.dz\/univ\/index.php\/vices-rectorats\/pedagogie\/transferts\/#breadcrumb\"},\"inLanguage\":\"fr-FR\",\"potentialAction\":[{\"@type\":\"ReadAction\",\"target\":[\"https:\/\/www.univ-bechar.dz\/univ\/index.php\/vices-rectorats\/pedagogie\/transferts\/\"]}]},{\"@type\":\"BreadcrumbList\",\"@id\":\"https:\/\/www.univ-bechar.dz\/univ\/index.php\/vices-rectorats\/pedagogie\/transferts\/#breadcrumb\",\"itemListElement\":[{\"@type\":\"ListItem\",\"position\":1,\"name\":\"Home\",\"item\":\"https:\/\/www.univ-bechar.dz\/univ\/\"},{\"@type\":\"ListItem\",\"position\":2,\"name\":\"Vices Rectorats\",\"item\":\"https:\/\/www.univ-bechar.dz\/univ\/index.php\/vices-rectorats\/\"},{\"@type\":\"ListItem\",\"position\":3,\"name\":\"Vice Recteur Charg\u00e9 de la formation Sup\u00e9rieurede Premier et Deuxieme Cycle, la FormationContinue les Diplomes et la Formation Sup\u00e9rieurede Graduation\",\"item\":\"https:\/\/www.univ-bechar.dz\/univ\/index.php\/vices-rectorats\/pedagogie\/\"},{\"@type\":\"ListItem\",\"position\":4,\"name\":\"Transferts\"}]},{\"@type\":\"WebSite\",\"@id\":\"https:\/\/www.univ-bechar.dz\/univ\/#website\",\"url\":\"https:\/\/www.univ-bechar.dz\/univ\/\",\"name\":\"univ\",\"description\":\"UTMB\",\"publisher\":{\"@id\":\"https:\/\/www.univ-bechar.dz\/univ\/#organization\"},\"potentialAction\":[{\"@type\":\"SearchAction\",\"target\":{\"@type\":\"EntryPoint\",\"urlTemplate\":\"https:\/\/www.univ-bechar.dz\/univ\/?s={search_term_string}\"},\"query-input\":\"required name=search_term_string\"}],\"inLanguage\":\"fr-FR\"},{\"@type\":\"Organization\",\"@id\":\"https:\/\/www.univ-bechar.dz\/univ\/#organization\",\"name\":\"univ\",\"url\":\"https:\/\/www.univ-bechar.dz\/univ\/\",\"logo\":{\"@type\":\"ImageObject\",\"inLanguage\":\"fr-FR\",\"@id\":\"https:\/\/www.univ-bechar.dz\/univ\/#\/schema\/logo\/image\/\",\"url\":\"https:\/\/www.univ-bechar.dz\/univ\/wp-content\/uploads\/2022\/09\/LOGOUNIV.png\",\"contentUrl\":\"https:\/\/www.univ-bechar.dz\/univ\/wp-content\/uploads\/2022\/09\/LOGOUNIV.png\",\"width\":670,\"height\":962,\"caption\":\"univ\"},\"image\":{\"@id\":\"https:\/\/www.univ-bechar.dz\/univ\/#\/schema\/logo\/image\/\"},\"sameAs\":[\"http:\/\/www.facebook.com\/univ.bechar\"]}]}<\/script>\n<!-- \/ Yoast SEO plugin. -->","yoast_head_json":{"title":"Transferts - univ","robots":{"index":"index","follow":"follow","max-snippet":"max-snippet:-1","max-image-preview":"max-image-preview:large","max-video-preview":"max-video-preview:-1"},"canonical":"https:\/\/www.univ-bechar.dz\/univ\/index.php\/vices-rectorats\/pedagogie\/transferts\/","og_locale":"fr_FR","og_type":"article","og_title":"Transferts - univ","og_description":"Transfert:\u00a0 Baccalaur\u00e9at 2017 Le bachelier inscrit en ao\u00fbt 2017 et qui souhaite changer de fili\u00e8re, une plateforme transfert est mise \u00e0 sa disposition sur les sites internet d\u00e9di\u00e9s. La demande de transfert doit se faire obligatoirement et exclusivement en ligne. Apr\u00e8s \u00e9tude, une r\u00e9ponse parviendra au concern\u00e9. Il devra soit valider sa nouvelle inscription, soit &hellip;","og_url":"https:\/\/www.univ-bechar.dz\/univ\/index.php\/vices-rectorats\/pedagogie\/transferts\/","og_site_name":"univ","article_publisher":"http:\/\/www.facebook.com\/univ.bechar","twitter_card":"summary_large_image","twitter_misc":{"Est. reading time":"2 minutes"},"schema":{"@context":"https:\/\/schema.org","@graph":[{"@type":"WebPage","@id":"https:\/\/www.univ-bechar.dz\/univ\/index.php\/vices-rectorats\/pedagogie\/transferts\/","url":"https:\/\/www.univ-bechar.dz\/univ\/index.php\/vices-rectorats\/pedagogie\/transferts\/","name":"Transferts - univ","isPartOf":{"@id":"https:\/\/www.univ-bechar.dz\/univ\/#website"},"datePublished":"2018-04-08T07:08:45+00:00","dateModified":"2018-04-08T07:08:45+00:00","breadcrumb":{"@id":"https:\/\/www.univ-bechar.dz\/univ\/index.php\/vices-rectorats\/pedagogie\/transferts\/#breadcrumb"},"inLanguage":"fr-FR","potentialAction":[{"@type":"ReadAction","target":["https:\/\/www.univ-bechar.dz\/univ\/index.php\/vices-rectorats\/pedagogie\/transferts\/"]}]},{"@type":"BreadcrumbList","@id":"https:\/\/www.univ-bechar.dz\/univ\/index.php\/vices-rectorats\/pedagogie\/transferts\/#breadcrumb","itemListElement":[{"@type":"ListItem","position":1,"name":"Home","item":"https:\/\/www.univ-bechar.dz\/univ\/"},{"@type":"ListItem","position":2,"name":"Vices Rectorats","item":"https:\/\/www.univ-bechar.dz\/univ\/index.php\/vices-rectorats\/"},{"@type":"ListItem","position":3,"name":"Vice Recteur Charg\u00e9 de la formation Sup\u00e9rieurede Premier et Deuxieme Cycle, la FormationContinue les Diplomes et la Formation Sup\u00e9rieurede Graduation","item":"https:\/\/www.univ-bechar.dz\/univ\/index.php\/vices-rectorats\/pedagogie\/"},{"@type":"ListItem","position":4,"name":"Transferts"}]},{"@type":"WebSite","@id":"https:\/\/www.univ-bechar.dz\/univ\/#website","url":"https:\/\/www.univ-bechar.dz\/univ\/","name":"univ","description":"UTMB","publisher":{"@id":"https:\/\/www.univ-bechar.dz\/univ\/#organization"},"potentialAction":[{"@type":"SearchAction","target":{"@type":"EntryPoint","urlTemplate":"https:\/\/www.univ-bechar.dz\/univ\/?s={search_term_string}"},"query-input":"required name=search_term_string"}],"inLanguage":"fr-FR"},{"@type":"Organization","@id":"https:\/\/www.univ-bechar.dz\/univ\/#organization","name":"univ","url":"https:\/\/www.univ-bechar.dz\/univ\/","logo":{"@type":"ImageObject","inLanguage":"fr-FR","@id":"https:\/\/www.univ-bechar.dz\/univ\/#\/schema\/logo\/image\/","url":"https:\/\/www.univ-bechar.dz\/univ\/wp-content\/uploads\/2022\/09\/LOGOUNIV.png","contentUrl":"https:\/\/www.univ-bechar.dz\/univ\/wp-content\/uploads\/2022\/09\/LOGOUNIV.png","width":670,"height":962,"caption":"univ"},"image":{"@id":"https:\/\/www.univ-bechar.dz\/univ\/#\/schema\/logo\/image\/"},"sameAs":["http:\/\/www.facebook.com\/univ.bechar"]}]}},"_links":{"self":[{"href":"https:\/\/www.univ-bechar.dz\/univ\/index.php\/wp-json\/wp\/v2\/pages\/7585"}],"collection":[{"href":"https:\/\/www.univ-bechar.dz\/univ\/index.php\/wp-json\/wp\/v2\/pages"}],"about":[{"href":"https:\/\/www.univ-bechar.dz\/univ\/index.php\/wp-json\/wp\/v2\/types\/page"}],"author":[{"embeddable":true,"href":"https:\/\/www.univ-bechar.dz\/univ\/index.php\/wp-json\/wp\/v2\/users\/2"}],"replies":[{"embeddable":true,"href":"https:\/\/www.univ-bechar.dz\/univ\/index.php\/wp-json\/wp\/v2\/comments?post=7585"}],"version-history":[{"count":0,"href":"https:\/\/www.univ-bechar.dz\/univ\/index.php\/wp-json\/wp\/v2\/pages\/7585\/revisions"}],"up":[{"embeddable":true,"href":"https:\/\/www.univ-bechar.dz\/univ\/index.php\/wp-json\/wp\/v2\/pages\/6730"}],"wp:attachment":[{"href":"https:\/\/www.univ-bechar.dz\/univ\/index.php\/wp-json\/wp\/v2\/media?parent=7585"}],"curies":[{"name":"wp","href":"https:\/\/api.w.org\/{rel}","templated":true}]}}