{"id":7654,"date":"2018-04-08T17:20:44","date_gmt":"2018-04-08T15:20:44","guid":{"rendered":"http:\/\/www.univ-bechar.dz\/portail\/site\/?page_id=7654"},"modified":"2023-01-05T00:03:00","modified_gmt":"2023-01-04T23:03:00","slug":"le-service-de-la-post-graduation","status":"publish","type":"page","link":"https:\/\/www.univ-bechar.dz\/univ\/index.php\/vices-rectorats\/relations-exterieurs\/le-service-de-la-post-graduation\/","title":{"rendered":"Le service de la Post graduation"},"content":{"rendered":"<table>\n<tbody>\n<tr>\n<td><img decoding=\"async\" src=\"http:\/\/vrpg.univ-batna.dz\/images\/ser-vrpg\/pgs.jpg\" alt=\"\" \/><\/td>\n<td>\u00a0<strong><br \/>\n<\/strong><\/td>\n<\/tr>\n<\/tbody>\n<\/table>\n<p>&nbsp;<\/p>\n<p>Le service s&rsquo;occupe de<span id=\"yiv3593982865yui_3_16_0_ym19_1_1482496885872_3429\">:<\/span><\/p>\n<p>&#8211; Inscriptions et R\u00e9inscriptions des \u00e9tudiants de Magister, Doctorat en sciences et Doctorat LMD.<\/p>\n<p>&#8211; La d\u00e9livrance des dipl\u00f4mes (Magister, Doctorat Classique et Doctorat LMD).<\/p>\n<p>&#8211; L&rsquo;\u00e9tablissement des diff\u00e9rents bilans.<\/p>\n<p>&#8211; L&rsquo;\u00e9tablissement des diff\u00e9rents canevas des statistiques demand\u00e9es.<\/p>\n<h1><\/h1>\n","protected":false},"excerpt":{"rendered":"<p>\u00a0 &nbsp; Le service s&rsquo;occupe de: &#8211; Inscriptions et R\u00e9inscriptions des \u00e9tudiants de Magister, Doctorat en sciences et Doctorat LMD. &#8211; La d\u00e9livrance des dipl\u00f4mes (Magister, Doctorat Classique et Doctorat LMD). &#8211; L&rsquo;\u00e9tablissement des diff\u00e9rents bilans. &#8211; L&rsquo;\u00e9tablissement des diff\u00e9rents canevas des statistiques demand\u00e9es.<\/p>\n","protected":false},"author":2,"featured_media":0,"parent":6732,"menu_order":0,"comment_status":"closed","ping_status":"closed","template":"","meta":[],"yoast_head":"<!-- This site is optimized with the Yoast SEO plugin v20.8 - https:\/\/yoast.com\/wordpress\/plugins\/seo\/ -->\n<title>Le service de la Post graduation - univ<\/title>\n<meta name=\"robots\" content=\"index, follow, max-snippet:-1, max-image-preview:large, max-video-preview:-1\" \/>\n<link rel=\"canonical\" href=\"https:\/\/www.univ-bechar.dz\/univ\/index.php\/vices-rectorats\/relations-exterieurs\/le-service-de-la-post-graduation\/\" \/>\n<meta property=\"og:locale\" content=\"fr_FR\" \/>\n<meta property=\"og:type\" content=\"article\" \/>\n<meta property=\"og:title\" content=\"Le service de la Post graduation - univ\" \/>\n<meta property=\"og:description\" content=\"\u00a0 &nbsp; Le service s&rsquo;occupe de: &#8211; Inscriptions et R\u00e9inscriptions des \u00e9tudiants de Magister, Doctorat en sciences et Doctorat LMD. &#8211; La d\u00e9livrance des dipl\u00f4mes (Magister, Doctorat Classique et Doctorat LMD). &#8211; L&rsquo;\u00e9tablissement des diff\u00e9rents bilans. &#8211; L&rsquo;\u00e9tablissement des diff\u00e9rents canevas des statistiques demand\u00e9es.\" \/>\n<meta property=\"og:url\" content=\"https:\/\/www.univ-bechar.dz\/univ\/index.php\/vices-rectorats\/relations-exterieurs\/le-service-de-la-post-graduation\/\" \/>\n<meta property=\"og:site_name\" content=\"univ\" \/>\n<meta property=\"article:publisher\" content=\"http:\/\/www.facebook.com\/univ.bechar\" \/>\n<meta property=\"article:modified_time\" content=\"2023-01-04T23:03:00+00:00\" \/>\n<meta property=\"og:image\" content=\"http:\/\/vrpg.univ-batna.dz\/images\/ser-vrpg\/pgs.jpg\" \/>\n<meta name=\"twitter:card\" content=\"summary_large_image\" \/>\n<script type=\"application\/ld+json\" class=\"yoast-schema-graph\">{\"@context\":\"https:\/\/schema.org\",\"@graph\":[{\"@type\":\"WebPage\",\"@id\":\"https:\/\/www.univ-bechar.dz\/univ\/index.php\/vices-rectorats\/relations-exterieurs\/le-service-de-la-post-graduation\/\",\"url\":\"https:\/\/www.univ-bechar.dz\/univ\/index.php\/vices-rectorats\/relations-exterieurs\/le-service-de-la-post-graduation\/\",\"name\":\"Le service de la Post graduation - univ\",\"isPartOf\":{\"@id\":\"https:\/\/www.univ-bechar.dz\/univ\/#website\"},\"datePublished\":\"2018-04-08T15:20:44+00:00\",\"dateModified\":\"2023-01-04T23:03:00+00:00\",\"breadcrumb\":{\"@id\":\"https:\/\/www.univ-bechar.dz\/univ\/index.php\/vices-rectorats\/relations-exterieurs\/le-service-de-la-post-graduation\/#breadcrumb\"},\"inLanguage\":\"fr-FR\",\"potentialAction\":[{\"@type\":\"ReadAction\",\"target\":[\"https:\/\/www.univ-bechar.dz\/univ\/index.php\/vices-rectorats\/relations-exterieurs\/le-service-de-la-post-graduation\/\"]}]},{\"@type\":\"BreadcrumbList\",\"@id\":\"https:\/\/www.univ-bechar.dz\/univ\/index.php\/vices-rectorats\/relations-exterieurs\/le-service-de-la-post-graduation\/#breadcrumb\",\"itemListElement\":[{\"@type\":\"ListItem\",\"position\":1,\"name\":\"Home\",\"item\":\"https:\/\/www.univ-bechar.dz\/univ\/\"},{\"@type\":\"ListItem\",\"position\":2,\"name\":\"Vices Rectorats\",\"item\":\"https:\/\/www.univ-bechar.dz\/univ\/index.php\/vices-rectorats\/\"},{\"@type\":\"ListItem\",\"position\":3,\"name\":\"Le Vice rectorat charg\u00e9 de la formation sup\u00e9rieure de troisi\u00e8me cycle, l&#039;habilitation universitaire, la recherche scientifique, et la formation sup\u00e9rieure de post-graduation\",\"item\":\"https:\/\/www.univ-bechar.dz\/univ\/index.php\/vices-rectorats\/relations-exterieurs\/\"},{\"@type\":\"ListItem\",\"position\":4,\"name\":\"Le service de la Post graduation\"}]},{\"@type\":\"WebSite\",\"@id\":\"https:\/\/www.univ-bechar.dz\/univ\/#website\",\"url\":\"https:\/\/www.univ-bechar.dz\/univ\/\",\"name\":\"univ\",\"description\":\"UTMB\",\"publisher\":{\"@id\":\"https:\/\/www.univ-bechar.dz\/univ\/#organization\"},\"potentialAction\":[{\"@type\":\"SearchAction\",\"target\":{\"@type\":\"EntryPoint\",\"urlTemplate\":\"https:\/\/www.univ-bechar.dz\/univ\/?s={search_term_string}\"},\"query-input\":\"required name=search_term_string\"}],\"inLanguage\":\"fr-FR\"},{\"@type\":\"Organization\",\"@id\":\"https:\/\/www.univ-bechar.dz\/univ\/#organization\",\"name\":\"univ\",\"url\":\"https:\/\/www.univ-bechar.dz\/univ\/\",\"logo\":{\"@type\":\"ImageObject\",\"inLanguage\":\"fr-FR\",\"@id\":\"https:\/\/www.univ-bechar.dz\/univ\/#\/schema\/logo\/image\/\",\"url\":\"https:\/\/www.univ-bechar.dz\/univ\/wp-content\/uploads\/2022\/09\/LOGOUNIV.png\",\"contentUrl\":\"https:\/\/www.univ-bechar.dz\/univ\/wp-content\/uploads\/2022\/09\/LOGOUNIV.png\",\"width\":670,\"height\":962,\"caption\":\"univ\"},\"image\":{\"@id\":\"https:\/\/www.univ-bechar.dz\/univ\/#\/schema\/logo\/image\/\"},\"sameAs\":[\"http:\/\/www.facebook.com\/univ.bechar\"]}]}<\/script>\n<!-- \/ Yoast SEO plugin. -->","yoast_head_json":{"title":"Le service de la Post graduation - univ","robots":{"index":"index","follow":"follow","max-snippet":"max-snippet:-1","max-image-preview":"max-image-preview:large","max-video-preview":"max-video-preview:-1"},"canonical":"https:\/\/www.univ-bechar.dz\/univ\/index.php\/vices-rectorats\/relations-exterieurs\/le-service-de-la-post-graduation\/","og_locale":"fr_FR","og_type":"article","og_title":"Le service de la Post graduation - univ","og_description":"\u00a0 &nbsp; Le service s&rsquo;occupe de: &#8211; Inscriptions et R\u00e9inscriptions des \u00e9tudiants de Magister, Doctorat en sciences et Doctorat LMD. &#8211; La d\u00e9livrance des dipl\u00f4mes (Magister, Doctorat Classique et Doctorat LMD). &#8211; L&rsquo;\u00e9tablissement des diff\u00e9rents bilans. &#8211; L&rsquo;\u00e9tablissement des diff\u00e9rents canevas des statistiques demand\u00e9es.","og_url":"https:\/\/www.univ-bechar.dz\/univ\/index.php\/vices-rectorats\/relations-exterieurs\/le-service-de-la-post-graduation\/","og_site_name":"univ","article_publisher":"http:\/\/www.facebook.com\/univ.bechar","article_modified_time":"2023-01-04T23:03:00+00:00","og_image":[{"url":"http:\/\/vrpg.univ-batna.dz\/images\/ser-vrpg\/pgs.jpg"}],"twitter_card":"summary_large_image","schema":{"@context":"https:\/\/schema.org","@graph":[{"@type":"WebPage","@id":"https:\/\/www.univ-bechar.dz\/univ\/index.php\/vices-rectorats\/relations-exterieurs\/le-service-de-la-post-graduation\/","url":"https:\/\/www.univ-bechar.dz\/univ\/index.php\/vices-rectorats\/relations-exterieurs\/le-service-de-la-post-graduation\/","name":"Le service de la Post graduation - univ","isPartOf":{"@id":"https:\/\/www.univ-bechar.dz\/univ\/#website"},"datePublished":"2018-04-08T15:20:44+00:00","dateModified":"2023-01-04T23:03:00+00:00","breadcrumb":{"@id":"https:\/\/www.univ-bechar.dz\/univ\/index.php\/vices-rectorats\/relations-exterieurs\/le-service-de-la-post-graduation\/#breadcrumb"},"inLanguage":"fr-FR","potentialAction":[{"@type":"ReadAction","target":["https:\/\/www.univ-bechar.dz\/univ\/index.php\/vices-rectorats\/relations-exterieurs\/le-service-de-la-post-graduation\/"]}]},{"@type":"BreadcrumbList","@id":"https:\/\/www.univ-bechar.dz\/univ\/index.php\/vices-rectorats\/relations-exterieurs\/le-service-de-la-post-graduation\/#breadcrumb","itemListElement":[{"@type":"ListItem","position":1,"name":"Home","item":"https:\/\/www.univ-bechar.dz\/univ\/"},{"@type":"ListItem","position":2,"name":"Vices Rectorats","item":"https:\/\/www.univ-bechar.dz\/univ\/index.php\/vices-rectorats\/"},{"@type":"ListItem","position":3,"name":"Le Vice rectorat charg\u00e9 de la formation sup\u00e9rieure de troisi\u00e8me cycle, l&#039;habilitation universitaire, la recherche scientifique, et la formation sup\u00e9rieure de post-graduation","item":"https:\/\/www.univ-bechar.dz\/univ\/index.php\/vices-rectorats\/relations-exterieurs\/"},{"@type":"ListItem","position":4,"name":"Le service de la Post graduation"}]},{"@type":"WebSite","@id":"https:\/\/www.univ-bechar.dz\/univ\/#website","url":"https:\/\/www.univ-bechar.dz\/univ\/","name":"univ","description":"UTMB","publisher":{"@id":"https:\/\/www.univ-bechar.dz\/univ\/#organization"},"potentialAction":[{"@type":"SearchAction","target":{"@type":"EntryPoint","urlTemplate":"https:\/\/www.univ-bechar.dz\/univ\/?s={search_term_string}"},"query-input":"required name=search_term_string"}],"inLanguage":"fr-FR"},{"@type":"Organization","@id":"https:\/\/www.univ-bechar.dz\/univ\/#organization","name":"univ","url":"https:\/\/www.univ-bechar.dz\/univ\/","logo":{"@type":"ImageObject","inLanguage":"fr-FR","@id":"https:\/\/www.univ-bechar.dz\/univ\/#\/schema\/logo\/image\/","url":"https:\/\/www.univ-bechar.dz\/univ\/wp-content\/uploads\/2022\/09\/LOGOUNIV.png","contentUrl":"https:\/\/www.univ-bechar.dz\/univ\/wp-content\/uploads\/2022\/09\/LOGOUNIV.png","width":670,"height":962,"caption":"univ"},"image":{"@id":"https:\/\/www.univ-bechar.dz\/univ\/#\/schema\/logo\/image\/"},"sameAs":["http:\/\/www.facebook.com\/univ.bechar"]}]}},"_links":{"self":[{"href":"https:\/\/www.univ-bechar.dz\/univ\/index.php\/wp-json\/wp\/v2\/pages\/7654"}],"collection":[{"href":"https:\/\/www.univ-bechar.dz\/univ\/index.php\/wp-json\/wp\/v2\/pages"}],"about":[{"href":"https:\/\/www.univ-bechar.dz\/univ\/index.php\/wp-json\/wp\/v2\/types\/page"}],"author":[{"embeddable":true,"href":"https:\/\/www.univ-bechar.dz\/univ\/index.php\/wp-json\/wp\/v2\/users\/2"}],"replies":[{"embeddable":true,"href":"https:\/\/www.univ-bechar.dz\/univ\/index.php\/wp-json\/wp\/v2\/comments?post=7654"}],"version-history":[{"count":2,"href":"https:\/\/www.univ-bechar.dz\/univ\/index.php\/wp-json\/wp\/v2\/pages\/7654\/revisions"}],"predecessor-version":[{"id":22465,"href":"https:\/\/www.univ-bechar.dz\/univ\/index.php\/wp-json\/wp\/v2\/pages\/7654\/revisions\/22465"}],"up":[{"embeddable":true,"href":"https:\/\/www.univ-bechar.dz\/univ\/index.php\/wp-json\/wp\/v2\/pages\/6732"}],"wp:attachment":[{"href":"https:\/\/www.univ-bechar.dz\/univ\/index.php\/wp-json\/wp\/v2\/media?parent=7654"}],"curies":[{"name":"wp","href":"https:\/\/api.w.org\/{rel}","templated":true}]}}