{"id":7656,"date":"2018-04-08T17:21:29","date_gmt":"2018-04-08T15:21:29","guid":{"rendered":"http:\/\/www.univ-bechar.dz\/portail\/site\/?page_id=7656"},"modified":"2023-01-05T00:02:50","modified_gmt":"2023-01-04T23:02:50","slug":"le-service-de-suivi-des-activites-de-recherche","status":"publish","type":"page","link":"https:\/\/www.univ-bechar.dz\/univ\/index.php\/vices-rectorats\/relations-exterieurs\/le-service-de-suivi-des-activites-de-recherche\/","title":{"rendered":"Le service de Suivi des Activit\u00e9s de Recherche"},"content":{"rendered":"<div id=\"yiv3593982865yui_3_16_0_ym19_1_1482496885872_3427\"><span id=\"yiv3593982865yui_3_16_0_ym19_1_1482496885872_3429\">Ce service assure\u00a0:<\/span><\/div>\n<div><\/div>\n<div id=\"yiv3593982865yui_3_16_0_ym19_1_1482496885872_3432\"><span id=\"yiv3593982865yui_3_16_0_ym19_1_1482496885872_3433\">\u00a0&#8211; Le suivi des activit\u00e9s des \u00a0laboratoires de \u00a0recherche et la valorisation de leurs r\u00e9sultats.<\/span><\/div>\n<div id=\"yiv3593982865yui_3_16_0_ym19_1_1482496885872_3435\"><span id=\"yiv3593982865yui_3_16_0_ym19_1_1482496885872_3436\">\u00a0&#8211; La gestion des projets de recherche CNEPRU et PNR ainsi que la valorisation de leurs r\u00e9sultats.<\/span><\/div>\n<div id=\"yiv3593982865yui_3_16_0_ym19_1_1482496885872_3438\"><span id=\"yiv3593982865yui_3_16_0_ym19_1_1482496885872_3439\">\u00a0&#8211; L\u2019\u00e9tablissement des attestations de recherche et des autorisations de recherche.<\/span><\/div>\n<div id=\"yiv3593982865yui_3_16_0_ym19_1_1482496885872_3441\"><span id=\"yiv3593982865yui_3_16_0_ym19_1_1482496885872_3442\">\u00a0&#8211; L\u2019\u00e9tude des dossiers de promotions aux grades de recherche.<\/span><\/div>\n<div id=\"yiv3593982865yui_3_16_0_ym19_1_1482496885872_3444\"><span id=\"yiv3593982865yui_3_16_0_ym19_1_1482496885872_3445\">\u00a0&#8211; Le suivi des bilans et des budgets triennaux des laboratoires de recherche.\u00a0<\/span><\/div>\n<div id=\"yiv3593982865yui_3_16_0_ym19_1_1482496885872_3447\" dir=\"ltr\"><span id=\"yiv3593982865yui_3_16_0_ym19_1_1482496885872_3448\">\u00a0&#8211; La collection et la diffusion des informations sur les activit\u00e9s de recherche men\u00e9es par l\u2019Universit\u00e9.<\/span><\/div>\n<div dir=\"ltr\"><\/div>\n","protected":false},"excerpt":{"rendered":"<p>Ce service assure\u00a0: \u00a0&#8211; Le suivi des activit\u00e9s des \u00a0laboratoires de \u00a0recherche et la valorisation de leurs r\u00e9sultats. \u00a0&#8211; La gestion des projets de recherche CNEPRU et PNR ainsi que la valorisation de leurs r\u00e9sultats. \u00a0&#8211; L\u2019\u00e9tablissement des attestations de recherche et des autorisations de recherche. \u00a0&#8211; L\u2019\u00e9tude des dossiers de promotions aux grades de &hellip;<\/p>\n","protected":false},"author":2,"featured_media":0,"parent":6732,"menu_order":0,"comment_status":"closed","ping_status":"closed","template":"","meta":[],"yoast_head":"<!-- This site is optimized with the Yoast SEO plugin v20.8 - https:\/\/yoast.com\/wordpress\/plugins\/seo\/ -->\n<title>Le service de Suivi des Activit\u00e9s de Recherche - univ<\/title>\n<meta name=\"robots\" content=\"index, follow, max-snippet:-1, max-image-preview:large, max-video-preview:-1\" \/>\n<link rel=\"canonical\" href=\"https:\/\/www.univ-bechar.dz\/univ\/index.php\/vices-rectorats\/relations-exterieurs\/le-service-de-suivi-des-activites-de-recherche\/\" \/>\n<meta property=\"og:locale\" content=\"fr_FR\" \/>\n<meta property=\"og:type\" content=\"article\" \/>\n<meta property=\"og:title\" content=\"Le service de Suivi des Activit\u00e9s de Recherche - univ\" \/>\n<meta property=\"og:description\" content=\"Ce service assure\u00a0: \u00a0&#8211; Le suivi des activit\u00e9s des \u00a0laboratoires de \u00a0recherche et la valorisation de leurs r\u00e9sultats. \u00a0&#8211; La gestion des projets de recherche CNEPRU et PNR ainsi que la valorisation de leurs r\u00e9sultats. \u00a0&#8211; L\u2019\u00e9tablissement des attestations de recherche et des autorisations de recherche. \u00a0&#8211; L\u2019\u00e9tude des dossiers de promotions aux grades de &hellip;\" \/>\n<meta property=\"og:url\" content=\"https:\/\/www.univ-bechar.dz\/univ\/index.php\/vices-rectorats\/relations-exterieurs\/le-service-de-suivi-des-activites-de-recherche\/\" \/>\n<meta property=\"og:site_name\" content=\"univ\" \/>\n<meta property=\"article:publisher\" content=\"http:\/\/www.facebook.com\/univ.bechar\" \/>\n<meta property=\"article:modified_time\" content=\"2023-01-04T23:02:50+00:00\" \/>\n<meta name=\"twitter:card\" content=\"summary_large_image\" \/>\n<script type=\"application\/ld+json\" class=\"yoast-schema-graph\">{\"@context\":\"https:\/\/schema.org\",\"@graph\":[{\"@type\":\"WebPage\",\"@id\":\"https:\/\/www.univ-bechar.dz\/univ\/index.php\/vices-rectorats\/relations-exterieurs\/le-service-de-suivi-des-activites-de-recherche\/\",\"url\":\"https:\/\/www.univ-bechar.dz\/univ\/index.php\/vices-rectorats\/relations-exterieurs\/le-service-de-suivi-des-activites-de-recherche\/\",\"name\":\"Le service de Suivi des Activit\u00e9s de Recherche - univ\",\"isPartOf\":{\"@id\":\"https:\/\/www.univ-bechar.dz\/univ\/#website\"},\"datePublished\":\"2018-04-08T15:21:29+00:00\",\"dateModified\":\"2023-01-04T23:02:50+00:00\",\"breadcrumb\":{\"@id\":\"https:\/\/www.univ-bechar.dz\/univ\/index.php\/vices-rectorats\/relations-exterieurs\/le-service-de-suivi-des-activites-de-recherche\/#breadcrumb\"},\"inLanguage\":\"fr-FR\",\"potentialAction\":[{\"@type\":\"ReadAction\",\"target\":[\"https:\/\/www.univ-bechar.dz\/univ\/index.php\/vices-rectorats\/relations-exterieurs\/le-service-de-suivi-des-activites-de-recherche\/\"]}]},{\"@type\":\"BreadcrumbList\",\"@id\":\"https:\/\/www.univ-bechar.dz\/univ\/index.php\/vices-rectorats\/relations-exterieurs\/le-service-de-suivi-des-activites-de-recherche\/#breadcrumb\",\"itemListElement\":[{\"@type\":\"ListItem\",\"position\":1,\"name\":\"Home\",\"item\":\"https:\/\/www.univ-bechar.dz\/univ\/\"},{\"@type\":\"ListItem\",\"position\":2,\"name\":\"Vices Rectorats\",\"item\":\"https:\/\/www.univ-bechar.dz\/univ\/index.php\/vices-rectorats\/\"},{\"@type\":\"ListItem\",\"position\":3,\"name\":\"Le Vice rectorat charg\u00e9 de la formation sup\u00e9rieure de troisi\u00e8me cycle, l&#039;habilitation universitaire, la recherche scientifique, et la formation sup\u00e9rieure de post-graduation\",\"item\":\"https:\/\/www.univ-bechar.dz\/univ\/index.php\/vices-rectorats\/relations-exterieurs\/\"},{\"@type\":\"ListItem\",\"position\":4,\"name\":\"Le service de Suivi des Activit\u00e9s de Recherche\"}]},{\"@type\":\"WebSite\",\"@id\":\"https:\/\/www.univ-bechar.dz\/univ\/#website\",\"url\":\"https:\/\/www.univ-bechar.dz\/univ\/\",\"name\":\"univ\",\"description\":\"UTMB\",\"publisher\":{\"@id\":\"https:\/\/www.univ-bechar.dz\/univ\/#organization\"},\"potentialAction\":[{\"@type\":\"SearchAction\",\"target\":{\"@type\":\"EntryPoint\",\"urlTemplate\":\"https:\/\/www.univ-bechar.dz\/univ\/?s={search_term_string}\"},\"query-input\":\"required name=search_term_string\"}],\"inLanguage\":\"fr-FR\"},{\"@type\":\"Organization\",\"@id\":\"https:\/\/www.univ-bechar.dz\/univ\/#organization\",\"name\":\"univ\",\"url\":\"https:\/\/www.univ-bechar.dz\/univ\/\",\"logo\":{\"@type\":\"ImageObject\",\"inLanguage\":\"fr-FR\",\"@id\":\"https:\/\/www.univ-bechar.dz\/univ\/#\/schema\/logo\/image\/\",\"url\":\"https:\/\/www.univ-bechar.dz\/univ\/wp-content\/uploads\/2022\/09\/LOGOUNIV.png\",\"contentUrl\":\"https:\/\/www.univ-bechar.dz\/univ\/wp-content\/uploads\/2022\/09\/LOGOUNIV.png\",\"width\":670,\"height\":962,\"caption\":\"univ\"},\"image\":{\"@id\":\"https:\/\/www.univ-bechar.dz\/univ\/#\/schema\/logo\/image\/\"},\"sameAs\":[\"http:\/\/www.facebook.com\/univ.bechar\"]}]}<\/script>\n<!-- \/ Yoast SEO plugin. -->","yoast_head_json":{"title":"Le service de Suivi des Activit\u00e9s de Recherche - univ","robots":{"index":"index","follow":"follow","max-snippet":"max-snippet:-1","max-image-preview":"max-image-preview:large","max-video-preview":"max-video-preview:-1"},"canonical":"https:\/\/www.univ-bechar.dz\/univ\/index.php\/vices-rectorats\/relations-exterieurs\/le-service-de-suivi-des-activites-de-recherche\/","og_locale":"fr_FR","og_type":"article","og_title":"Le service de Suivi des Activit\u00e9s de Recherche - univ","og_description":"Ce service assure\u00a0: \u00a0&#8211; Le suivi des activit\u00e9s des \u00a0laboratoires de \u00a0recherche et la valorisation de leurs r\u00e9sultats. \u00a0&#8211; La gestion des projets de recherche CNEPRU et PNR ainsi que la valorisation de leurs r\u00e9sultats. \u00a0&#8211; L\u2019\u00e9tablissement des attestations de recherche et des autorisations de recherche. \u00a0&#8211; L\u2019\u00e9tude des dossiers de promotions aux grades de &hellip;","og_url":"https:\/\/www.univ-bechar.dz\/univ\/index.php\/vices-rectorats\/relations-exterieurs\/le-service-de-suivi-des-activites-de-recherche\/","og_site_name":"univ","article_publisher":"http:\/\/www.facebook.com\/univ.bechar","article_modified_time":"2023-01-04T23:02:50+00:00","twitter_card":"summary_large_image","schema":{"@context":"https:\/\/schema.org","@graph":[{"@type":"WebPage","@id":"https:\/\/www.univ-bechar.dz\/univ\/index.php\/vices-rectorats\/relations-exterieurs\/le-service-de-suivi-des-activites-de-recherche\/","url":"https:\/\/www.univ-bechar.dz\/univ\/index.php\/vices-rectorats\/relations-exterieurs\/le-service-de-suivi-des-activites-de-recherche\/","name":"Le service de Suivi des Activit\u00e9s de Recherche - univ","isPartOf":{"@id":"https:\/\/www.univ-bechar.dz\/univ\/#website"},"datePublished":"2018-04-08T15:21:29+00:00","dateModified":"2023-01-04T23:02:50+00:00","breadcrumb":{"@id":"https:\/\/www.univ-bechar.dz\/univ\/index.php\/vices-rectorats\/relations-exterieurs\/le-service-de-suivi-des-activites-de-recherche\/#breadcrumb"},"inLanguage":"fr-FR","potentialAction":[{"@type":"ReadAction","target":["https:\/\/www.univ-bechar.dz\/univ\/index.php\/vices-rectorats\/relations-exterieurs\/le-service-de-suivi-des-activites-de-recherche\/"]}]},{"@type":"BreadcrumbList","@id":"https:\/\/www.univ-bechar.dz\/univ\/index.php\/vices-rectorats\/relations-exterieurs\/le-service-de-suivi-des-activites-de-recherche\/#breadcrumb","itemListElement":[{"@type":"ListItem","position":1,"name":"Home","item":"https:\/\/www.univ-bechar.dz\/univ\/"},{"@type":"ListItem","position":2,"name":"Vices Rectorats","item":"https:\/\/www.univ-bechar.dz\/univ\/index.php\/vices-rectorats\/"},{"@type":"ListItem","position":3,"name":"Le Vice rectorat charg\u00e9 de la formation sup\u00e9rieure de troisi\u00e8me cycle, l&#039;habilitation universitaire, la recherche scientifique, et la formation sup\u00e9rieure de post-graduation","item":"https:\/\/www.univ-bechar.dz\/univ\/index.php\/vices-rectorats\/relations-exterieurs\/"},{"@type":"ListItem","position":4,"name":"Le service de Suivi des Activit\u00e9s de Recherche"}]},{"@type":"WebSite","@id":"https:\/\/www.univ-bechar.dz\/univ\/#website","url":"https:\/\/www.univ-bechar.dz\/univ\/","name":"univ","description":"UTMB","publisher":{"@id":"https:\/\/www.univ-bechar.dz\/univ\/#organization"},"potentialAction":[{"@type":"SearchAction","target":{"@type":"EntryPoint","urlTemplate":"https:\/\/www.univ-bechar.dz\/univ\/?s={search_term_string}"},"query-input":"required name=search_term_string"}],"inLanguage":"fr-FR"},{"@type":"Organization","@id":"https:\/\/www.univ-bechar.dz\/univ\/#organization","name":"univ","url":"https:\/\/www.univ-bechar.dz\/univ\/","logo":{"@type":"ImageObject","inLanguage":"fr-FR","@id":"https:\/\/www.univ-bechar.dz\/univ\/#\/schema\/logo\/image\/","url":"https:\/\/www.univ-bechar.dz\/univ\/wp-content\/uploads\/2022\/09\/LOGOUNIV.png","contentUrl":"https:\/\/www.univ-bechar.dz\/univ\/wp-content\/uploads\/2022\/09\/LOGOUNIV.png","width":670,"height":962,"caption":"univ"},"image":{"@id":"https:\/\/www.univ-bechar.dz\/univ\/#\/schema\/logo\/image\/"},"sameAs":["http:\/\/www.facebook.com\/univ.bechar"]}]}},"_links":{"self":[{"href":"https:\/\/www.univ-bechar.dz\/univ\/index.php\/wp-json\/wp\/v2\/pages\/7656"}],"collection":[{"href":"https:\/\/www.univ-bechar.dz\/univ\/index.php\/wp-json\/wp\/v2\/pages"}],"about":[{"href":"https:\/\/www.univ-bechar.dz\/univ\/index.php\/wp-json\/wp\/v2\/types\/page"}],"author":[{"embeddable":true,"href":"https:\/\/www.univ-bechar.dz\/univ\/index.php\/wp-json\/wp\/v2\/users\/2"}],"replies":[{"embeddable":true,"href":"https:\/\/www.univ-bechar.dz\/univ\/index.php\/wp-json\/wp\/v2\/comments?post=7656"}],"version-history":[{"count":2,"href":"https:\/\/www.univ-bechar.dz\/univ\/index.php\/wp-json\/wp\/v2\/pages\/7656\/revisions"}],"predecessor-version":[{"id":22467,"href":"https:\/\/www.univ-bechar.dz\/univ\/index.php\/wp-json\/wp\/v2\/pages\/7656\/revisions\/22467"}],"up":[{"embeddable":true,"href":"https:\/\/www.univ-bechar.dz\/univ\/index.php\/wp-json\/wp\/v2\/pages\/6732"}],"wp:attachment":[{"href":"https:\/\/www.univ-bechar.dz\/univ\/index.php\/wp-json\/wp\/v2\/media?parent=7656"}],"curies":[{"name":"wp","href":"https:\/\/api.w.org\/{rel}","templated":true}]}}