{"id":7658,"date":"2018-04-08T17:22:33","date_gmt":"2018-04-08T15:22:33","guid":{"rendered":"http:\/\/www.univ-bechar.dz\/portail\/site\/?page_id=7658"},"modified":"2023-01-05T00:03:11","modified_gmt":"2023-01-04T23:03:11","slug":"le-service-de-lhabilitation-universitaire","status":"publish","type":"page","link":"https:\/\/www.univ-bechar.dz\/univ\/index.php\/vices-rectorats\/relations-exterieurs\/le-service-de-lhabilitation-universitaire\/","title":{"rendered":"Le service de l&rsquo;Habilitation Universitaire"},"content":{"rendered":"<div>\n<p>Ce service est charg\u00e9 de suivre tout les dossiers des enseignants chercheurs candidats \u00e0 l&rsquo;habilitation universitaire (les inscriptions et les soutenances). L\u2019habilitation universitaire constitue une \u00e9tape importante dans la carri\u00e8re scientifique de l\u2019enseignant chercheur.<\/p>\n<p>En effet, elle permet \u00e0 son titulaire de diriger ou encadrer une th\u00e8se de doctorat, un m\u00e9moire de magister, un ou plusieurs projets de recherche ou une \u00e9quipe de recherche ; Elle conf\u00e8re \u00e0 son titulaire (habilitation) le rang magistral et sa nomination au grade de<strong> ma\u00eetre de conf\u00e9rences\u00a0.A.<\/strong><\/p>\n<\/div>\n","protected":false},"excerpt":{"rendered":"<p>Ce service est charg\u00e9 de suivre tout les dossiers des enseignants chercheurs candidats \u00e0 l&rsquo;habilitation universitaire (les inscriptions et les soutenances). L\u2019habilitation universitaire constitue une \u00e9tape importante dans la carri\u00e8re scientifique de l\u2019enseignant chercheur. En effet, elle permet \u00e0 son titulaire de diriger ou encadrer une th\u00e8se de doctorat, un m\u00e9moire de magister, un ou &hellip;<\/p>\n","protected":false},"author":2,"featured_media":0,"parent":6732,"menu_order":0,"comment_status":"closed","ping_status":"closed","template":"","meta":[],"yoast_head":"<!-- This site is optimized with the Yoast SEO plugin v20.8 - https:\/\/yoast.com\/wordpress\/plugins\/seo\/ -->\n<title>Le service de l&#039;Habilitation Universitaire - univ<\/title>\n<meta name=\"robots\" content=\"index, follow, max-snippet:-1, max-image-preview:large, max-video-preview:-1\" \/>\n<link rel=\"canonical\" href=\"https:\/\/www.univ-bechar.dz\/univ\/index.php\/vices-rectorats\/relations-exterieurs\/le-service-de-lhabilitation-universitaire\/\" \/>\n<meta property=\"og:locale\" content=\"fr_FR\" \/>\n<meta property=\"og:type\" content=\"article\" \/>\n<meta property=\"og:title\" content=\"Le service de l&#039;Habilitation Universitaire - univ\" \/>\n<meta property=\"og:description\" content=\"Ce service est charg\u00e9 de suivre tout les dossiers des enseignants chercheurs candidats \u00e0 l&rsquo;habilitation universitaire (les inscriptions et les soutenances). L\u2019habilitation universitaire constitue une \u00e9tape importante dans la carri\u00e8re scientifique de l\u2019enseignant chercheur. En effet, elle permet \u00e0 son titulaire de diriger ou encadrer une th\u00e8se de doctorat, un m\u00e9moire de magister, un ou &hellip;\" \/>\n<meta property=\"og:url\" content=\"https:\/\/www.univ-bechar.dz\/univ\/index.php\/vices-rectorats\/relations-exterieurs\/le-service-de-lhabilitation-universitaire\/\" \/>\n<meta property=\"og:site_name\" content=\"univ\" \/>\n<meta property=\"article:publisher\" content=\"http:\/\/www.facebook.com\/univ.bechar\" \/>\n<meta property=\"article:modified_time\" content=\"2023-01-04T23:03:11+00:00\" \/>\n<meta name=\"twitter:card\" content=\"summary_large_image\" \/>\n<script type=\"application\/ld+json\" class=\"yoast-schema-graph\">{\"@context\":\"https:\/\/schema.org\",\"@graph\":[{\"@type\":\"WebPage\",\"@id\":\"https:\/\/www.univ-bechar.dz\/univ\/index.php\/vices-rectorats\/relations-exterieurs\/le-service-de-lhabilitation-universitaire\/\",\"url\":\"https:\/\/www.univ-bechar.dz\/univ\/index.php\/vices-rectorats\/relations-exterieurs\/le-service-de-lhabilitation-universitaire\/\",\"name\":\"Le service de l'Habilitation Universitaire - univ\",\"isPartOf\":{\"@id\":\"https:\/\/www.univ-bechar.dz\/univ\/#website\"},\"datePublished\":\"2018-04-08T15:22:33+00:00\",\"dateModified\":\"2023-01-04T23:03:11+00:00\",\"breadcrumb\":{\"@id\":\"https:\/\/www.univ-bechar.dz\/univ\/index.php\/vices-rectorats\/relations-exterieurs\/le-service-de-lhabilitation-universitaire\/#breadcrumb\"},\"inLanguage\":\"fr-FR\",\"potentialAction\":[{\"@type\":\"ReadAction\",\"target\":[\"https:\/\/www.univ-bechar.dz\/univ\/index.php\/vices-rectorats\/relations-exterieurs\/le-service-de-lhabilitation-universitaire\/\"]}]},{\"@type\":\"BreadcrumbList\",\"@id\":\"https:\/\/www.univ-bechar.dz\/univ\/index.php\/vices-rectorats\/relations-exterieurs\/le-service-de-lhabilitation-universitaire\/#breadcrumb\",\"itemListElement\":[{\"@type\":\"ListItem\",\"position\":1,\"name\":\"Home\",\"item\":\"https:\/\/www.univ-bechar.dz\/univ\/\"},{\"@type\":\"ListItem\",\"position\":2,\"name\":\"Vices Rectorats\",\"item\":\"https:\/\/www.univ-bechar.dz\/univ\/index.php\/vices-rectorats\/\"},{\"@type\":\"ListItem\",\"position\":3,\"name\":\"Le Vice rectorat charg\u00e9 de la formation sup\u00e9rieure de troisi\u00e8me cycle, l&#039;habilitation universitaire, la recherche scientifique, et la formation sup\u00e9rieure de post-graduation\",\"item\":\"https:\/\/www.univ-bechar.dz\/univ\/index.php\/vices-rectorats\/relations-exterieurs\/\"},{\"@type\":\"ListItem\",\"position\":4,\"name\":\"Le service de l&rsquo;Habilitation Universitaire\"}]},{\"@type\":\"WebSite\",\"@id\":\"https:\/\/www.univ-bechar.dz\/univ\/#website\",\"url\":\"https:\/\/www.univ-bechar.dz\/univ\/\",\"name\":\"univ\",\"description\":\"UTMB\",\"publisher\":{\"@id\":\"https:\/\/www.univ-bechar.dz\/univ\/#organization\"},\"potentialAction\":[{\"@type\":\"SearchAction\",\"target\":{\"@type\":\"EntryPoint\",\"urlTemplate\":\"https:\/\/www.univ-bechar.dz\/univ\/?s={search_term_string}\"},\"query-input\":\"required name=search_term_string\"}],\"inLanguage\":\"fr-FR\"},{\"@type\":\"Organization\",\"@id\":\"https:\/\/www.univ-bechar.dz\/univ\/#organization\",\"name\":\"univ\",\"url\":\"https:\/\/www.univ-bechar.dz\/univ\/\",\"logo\":{\"@type\":\"ImageObject\",\"inLanguage\":\"fr-FR\",\"@id\":\"https:\/\/www.univ-bechar.dz\/univ\/#\/schema\/logo\/image\/\",\"url\":\"https:\/\/www.univ-bechar.dz\/univ\/wp-content\/uploads\/2022\/09\/LOGOUNIV.png\",\"contentUrl\":\"https:\/\/www.univ-bechar.dz\/univ\/wp-content\/uploads\/2022\/09\/LOGOUNIV.png\",\"width\":670,\"height\":962,\"caption\":\"univ\"},\"image\":{\"@id\":\"https:\/\/www.univ-bechar.dz\/univ\/#\/schema\/logo\/image\/\"},\"sameAs\":[\"http:\/\/www.facebook.com\/univ.bechar\"]}]}<\/script>\n<!-- \/ Yoast SEO plugin. -->","yoast_head_json":{"title":"Le service de l'Habilitation Universitaire - univ","robots":{"index":"index","follow":"follow","max-snippet":"max-snippet:-1","max-image-preview":"max-image-preview:large","max-video-preview":"max-video-preview:-1"},"canonical":"https:\/\/www.univ-bechar.dz\/univ\/index.php\/vices-rectorats\/relations-exterieurs\/le-service-de-lhabilitation-universitaire\/","og_locale":"fr_FR","og_type":"article","og_title":"Le service de l'Habilitation Universitaire - univ","og_description":"Ce service est charg\u00e9 de suivre tout les dossiers des enseignants chercheurs candidats \u00e0 l&rsquo;habilitation universitaire (les inscriptions et les soutenances). L\u2019habilitation universitaire constitue une \u00e9tape importante dans la carri\u00e8re scientifique de l\u2019enseignant chercheur. En effet, elle permet \u00e0 son titulaire de diriger ou encadrer une th\u00e8se de doctorat, un m\u00e9moire de magister, un ou &hellip;","og_url":"https:\/\/www.univ-bechar.dz\/univ\/index.php\/vices-rectorats\/relations-exterieurs\/le-service-de-lhabilitation-universitaire\/","og_site_name":"univ","article_publisher":"http:\/\/www.facebook.com\/univ.bechar","article_modified_time":"2023-01-04T23:03:11+00:00","twitter_card":"summary_large_image","schema":{"@context":"https:\/\/schema.org","@graph":[{"@type":"WebPage","@id":"https:\/\/www.univ-bechar.dz\/univ\/index.php\/vices-rectorats\/relations-exterieurs\/le-service-de-lhabilitation-universitaire\/","url":"https:\/\/www.univ-bechar.dz\/univ\/index.php\/vices-rectorats\/relations-exterieurs\/le-service-de-lhabilitation-universitaire\/","name":"Le service de l'Habilitation Universitaire - univ","isPartOf":{"@id":"https:\/\/www.univ-bechar.dz\/univ\/#website"},"datePublished":"2018-04-08T15:22:33+00:00","dateModified":"2023-01-04T23:03:11+00:00","breadcrumb":{"@id":"https:\/\/www.univ-bechar.dz\/univ\/index.php\/vices-rectorats\/relations-exterieurs\/le-service-de-lhabilitation-universitaire\/#breadcrumb"},"inLanguage":"fr-FR","potentialAction":[{"@type":"ReadAction","target":["https:\/\/www.univ-bechar.dz\/univ\/index.php\/vices-rectorats\/relations-exterieurs\/le-service-de-lhabilitation-universitaire\/"]}]},{"@type":"BreadcrumbList","@id":"https:\/\/www.univ-bechar.dz\/univ\/index.php\/vices-rectorats\/relations-exterieurs\/le-service-de-lhabilitation-universitaire\/#breadcrumb","itemListElement":[{"@type":"ListItem","position":1,"name":"Home","item":"https:\/\/www.univ-bechar.dz\/univ\/"},{"@type":"ListItem","position":2,"name":"Vices Rectorats","item":"https:\/\/www.univ-bechar.dz\/univ\/index.php\/vices-rectorats\/"},{"@type":"ListItem","position":3,"name":"Le Vice rectorat charg\u00e9 de la formation sup\u00e9rieure de troisi\u00e8me cycle, l&#039;habilitation universitaire, la recherche scientifique, et la formation sup\u00e9rieure de post-graduation","item":"https:\/\/www.univ-bechar.dz\/univ\/index.php\/vices-rectorats\/relations-exterieurs\/"},{"@type":"ListItem","position":4,"name":"Le service de l&rsquo;Habilitation Universitaire"}]},{"@type":"WebSite","@id":"https:\/\/www.univ-bechar.dz\/univ\/#website","url":"https:\/\/www.univ-bechar.dz\/univ\/","name":"univ","description":"UTMB","publisher":{"@id":"https:\/\/www.univ-bechar.dz\/univ\/#organization"},"potentialAction":[{"@type":"SearchAction","target":{"@type":"EntryPoint","urlTemplate":"https:\/\/www.univ-bechar.dz\/univ\/?s={search_term_string}"},"query-input":"required name=search_term_string"}],"inLanguage":"fr-FR"},{"@type":"Organization","@id":"https:\/\/www.univ-bechar.dz\/univ\/#organization","name":"univ","url":"https:\/\/www.univ-bechar.dz\/univ\/","logo":{"@type":"ImageObject","inLanguage":"fr-FR","@id":"https:\/\/www.univ-bechar.dz\/univ\/#\/schema\/logo\/image\/","url":"https:\/\/www.univ-bechar.dz\/univ\/wp-content\/uploads\/2022\/09\/LOGOUNIV.png","contentUrl":"https:\/\/www.univ-bechar.dz\/univ\/wp-content\/uploads\/2022\/09\/LOGOUNIV.png","width":670,"height":962,"caption":"univ"},"image":{"@id":"https:\/\/www.univ-bechar.dz\/univ\/#\/schema\/logo\/image\/"},"sameAs":["http:\/\/www.facebook.com\/univ.bechar"]}]}},"_links":{"self":[{"href":"https:\/\/www.univ-bechar.dz\/univ\/index.php\/wp-json\/wp\/v2\/pages\/7658"}],"collection":[{"href":"https:\/\/www.univ-bechar.dz\/univ\/index.php\/wp-json\/wp\/v2\/pages"}],"about":[{"href":"https:\/\/www.univ-bechar.dz\/univ\/index.php\/wp-json\/wp\/v2\/types\/page"}],"author":[{"embeddable":true,"href":"https:\/\/www.univ-bechar.dz\/univ\/index.php\/wp-json\/wp\/v2\/users\/2"}],"replies":[{"embeddable":true,"href":"https:\/\/www.univ-bechar.dz\/univ\/index.php\/wp-json\/wp\/v2\/comments?post=7658"}],"version-history":[{"count":1,"href":"https:\/\/www.univ-bechar.dz\/univ\/index.php\/wp-json\/wp\/v2\/pages\/7658\/revisions"}],"predecessor-version":[{"id":22463,"href":"https:\/\/www.univ-bechar.dz\/univ\/index.php\/wp-json\/wp\/v2\/pages\/7658\/revisions\/22463"}],"up":[{"embeddable":true,"href":"https:\/\/www.univ-bechar.dz\/univ\/index.php\/wp-json\/wp\/v2\/pages\/6732"}],"wp:attachment":[{"href":"https:\/\/www.univ-bechar.dz\/univ\/index.php\/wp-json\/wp\/v2\/media?parent=7658"}],"curies":[{"name":"wp","href":"https:\/\/api.w.org\/{rel}","templated":true}]}}